{"id":10137,"date":"2025-12-22T17:39:20","date_gmt":"2025-12-22T20:39:20","guid":{"rendered":"https:\/\/graficaarejano.com.br\/site\/?post_type=product&#038;p=10137"},"modified":"2025-12-22T19:08:48","modified_gmt":"2025-12-22T22:08:48","slug":"tag-padrao-5x9-cm","status":"publish","type":"product","link":"https:\/\/graficaarejano.com.br\/site\/produto\/tag-padrao-5x9-cm\/","title":{"rendered":"Tag Padr\u00e3o 5&#215;9 cm"},"content":{"rendered":"<h2 data-start=\"1463\" data-end=\"1519\">Como as Tags Simples 5\u00d79 cm podem impulsionar vendas?<\/h2>\n<p data-start=\"1521\" data-end=\"1794\">As <strong data-start=\"1524\" data-end=\"1547\">Tags Simples 5\u00d79 cm<\/strong> ajudam a organizar, identificar e apresentar produtos de forma clara e profissional. Elas facilitam a comunica\u00e7\u00e3o com o cliente, transmitem confian\u00e7a e agregam valor \u00e0 apresenta\u00e7\u00e3o final \u2014 fatores que influenciam diretamente na decis\u00e3o de compra.<\/p>\n<hr data-start=\"1796\" data-end=\"1799\" \/>\n<h2 data-start=\"1801\" data-end=\"1852\">Por que usar as Tags Simples da Gr\u00e1fica Arejano?<\/h2>\n<p data-start=\"1854\" data-end=\"2145\">As <strong data-start=\"1857\" data-end=\"1899\">Tags Simples 5\u00d79 cm da Gr\u00e1fica Arejano<\/strong> s\u00e3o produzidas com impress\u00e3o de alta qualidade, corte preciso (refile) e furo centralizado. Com diversas op\u00e7\u00f5es de pap\u00e9is e acabamentos, atendem desde pequenos produtores at\u00e9 marcas consolidadas, sempre com excelente acabamento e confiabilidade.<\/p>\n<hr data-start=\"2147\" data-end=\"2150\" \/>\n<h2 data-start=\"2152\" data-end=\"2189\">Por que personalizar Tags Simples?<\/h2>\n<p data-start=\"2191\" data-end=\"2477\">Personalizar as <strong data-start=\"2207\" data-end=\"2230\">Tags Simples 5\u00d79 cm<\/strong> permite incluir identidade visual, logotipo e informa\u00e7\u00f5es estrat\u00e9gicas, transformando uma simples etiqueta em um ponto de contato entre a marca e o consumidor. Isso fortalece o reconhecimento, melhora a experi\u00eancia de compra e valoriza o produto.<\/p>\n<hr data-start=\"2479\" data-end=\"2482\" \/>\n<h2 data-start=\"2484\" data-end=\"2556\">O que faz a Gr\u00e1fica Arejano se destacar no setor de impress\u00e3o online?<\/h2>\n<p data-start=\"2558\" data-end=\"2841\">Com mais de 12 anos de mercado, a <strong data-start=\"2592\" data-end=\"2611\">Gr\u00e1fica Arejano<\/strong> \u00e9 refer\u00eancia em impress\u00e3o personalizada. Sua estrutura moderna, variedade de materiais, acabamentos e atendimento especializado garantem solu\u00e7\u00f5es eficientes para quem busca qualidade, padroniza\u00e7\u00e3o e agilidade na produ\u00e7\u00e3o gr\u00e1fica.<\/p>\n","protected":false},"excerpt":{"rendered":"<p>Como as Tags Simples 5\u00d79 cm podem impulsionar vendas? As Tags Simples 5\u00d79 cm ajudam a organizar, identificar e apresentar produtos de forma clara e profissional. Elas facilitam a comunica\u00e7\u00e3o com o cliente, transmitem confian\u00e7a e agregam valor \u00e0 apresenta\u00e7\u00e3o final \u2014 fatores que influenciam diretamente na decis\u00e3o de compra. Por que usar as Tags [&hellip;]<\/p>\n","protected":false},"featured_media":10168,"comment_status":"open","ping_status":"closed","template":"","meta":[],"product_brand":[],"product_cat":[347],"product_tag":[],"class_list":{"0":"post-10137","1":"product","2":"type-product","3":"status-publish","4":"has-post-thumbnail","6":"product_cat-tags","8":"first","9":"instock","10":"shipping-taxable","11":"purchasable","12":"product-type-variable"},"acf":[],"jetpack_sharing_enabled":true,"_links":{"self":[{"href":"https:\/\/graficaarejano.com.br\/site\/wp-json\/wp\/v2\/product\/10137","targetHints":{"allow":["GET"]}}],"collection":[{"href":"https:\/\/graficaarejano.com.br\/site\/wp-json\/wp\/v2\/product"}],"about":[{"href":"https:\/\/graficaarejano.com.br\/site\/wp-json\/wp\/v2\/types\/product"}],"replies":[{"embeddable":true,"href":"https:\/\/graficaarejano.com.br\/site\/wp-json\/wp\/v2\/comments?post=10137"}],"wp:featuredmedia":[{"embeddable":true,"href":"https:\/\/graficaarejano.com.br\/site\/wp-json\/wp\/v2\/media\/10168"}],"wp:attachment":[{"href":"https:\/\/graficaarejano.com.br\/site\/wp-json\/wp\/v2\/media?parent=10137"}],"wp:term":[{"taxonomy":"product_brand","embeddable":true,"href":"https:\/\/graficaarejano.com.br\/site\/wp-json\/wp\/v2\/product_brand?post=10137"},{"taxonomy":"product_cat","embeddable":true,"href":"https:\/\/graficaarejano.com.br\/site\/wp-json\/wp\/v2\/product_cat?post=10137"},{"taxonomy":"product_tag","embeddable":true,"href":"https:\/\/graficaarejano.com.br\/site\/wp-json\/wp\/v2\/product_tag?post=10137"}],"curies":[{"name":"wp","href":"https:\/\/api.w.org\/{rel}","templated":true}]}}