{"id":1147,"date":"2021-11-26T13:31:17","date_gmt":"2021-11-26T16:31:17","guid":{"rendered":"https:\/\/graficaarejano.com.br\/site\/?post_type=product&#038;p=1147"},"modified":"2026-02-25T17:43:13","modified_gmt":"2026-02-25T20:43:13","slug":"cardapios-em-pvc","status":"publish","type":"product","link":"https:\/\/graficaarejano.com.br\/site\/produto\/cardapios-em-pvc\/","title":{"rendered":"Card\u00e1pios em PVC"},"content":{"rendered":"<div class=\"text-group\">\n<p data-start=\"157\" data-end=\"460\">O <strong data-start=\"159\" data-end=\"215\">Card\u00e1pio 4 Cantos Arredondados em PVC Cristal 0,76mm<\/strong> \u00e9 a op\u00e7\u00e3o ideal para estabelecimentos que buscam m\u00e1xima durabilidade, resist\u00eancia e acabamento sofisticado. Produzido em material pl\u00e1stico r\u00edgido de alta qualidade, ele oferece excelente resist\u00eancia \u00e0 \u00e1gua, gordura, respingos e desgaste di\u00e1rio.<\/p>\n<p data-start=\"462\" data-end=\"747\">A espessura de <strong data-start=\"477\" data-end=\"487\">0,76mm<\/strong> proporciona firmeza estrutural superior, tornando o card\u00e1pio mais robusto e dur\u00e1vel que modelos em papel. Al\u00e9m disso, os <strong data-start=\"609\" data-end=\"634\">4 cantos arredondados<\/strong> garantem acabamento mais elegante, seguro e confort\u00e1vel no manuseio, evitando pontas vivas e desgaste prematuro.<\/p>\n<p data-start=\"749\" data-end=\"881\">Esse modelo transmite profissionalismo, higiene e cuidado com os detalhes, elevando a percep\u00e7\u00e3o de qualidade do seu estabelecimento.<\/p>\n<\/div>\n","protected":false},"excerpt":{"rendered":"<p>O Card\u00e1pio 4 Cantos Arredondados em PVC Cristal 0,76mm \u00e9 a op\u00e7\u00e3o ideal para estabelecimentos que buscam m\u00e1xima durabilidade, resist\u00eancia e acabamento sofisticado. Produzido em material pl\u00e1stico r\u00edgido de alta qualidade, ele oferece excelente resist\u00eancia \u00e0 \u00e1gua, gordura, respingos e desgaste di\u00e1rio. A espessura de 0,76mm proporciona firmeza estrutural superior, tornando o card\u00e1pio mais robusto [&hellip;]<\/p>\n","protected":false},"featured_media":1311,"comment_status":"open","ping_status":"closed","template":"","meta":[],"product_brand":[],"product_cat":[190,649],"product_tag":[],"class_list":{"0":"post-1147","1":"product","2":"type-product","3":"status-publish","4":"has-post-thumbnail","6":"product_cat-cardapios","7":"product_cat-fast-food","9":"first","10":"instock","11":"shipping-taxable","12":"purchasable","13":"product-type-variable","14":"has-default-attributes"},"acf":[],"jetpack_sharing_enabled":true,"_links":{"self":[{"href":"https:\/\/graficaarejano.com.br\/site\/wp-json\/wp\/v2\/product\/1147","targetHints":{"allow":["GET"]}}],"collection":[{"href":"https:\/\/graficaarejano.com.br\/site\/wp-json\/wp\/v2\/product"}],"about":[{"href":"https:\/\/graficaarejano.com.br\/site\/wp-json\/wp\/v2\/types\/product"}],"replies":[{"embeddable":true,"href":"https:\/\/graficaarejano.com.br\/site\/wp-json\/wp\/v2\/comments?post=1147"}],"wp:featuredmedia":[{"embeddable":true,"href":"https:\/\/graficaarejano.com.br\/site\/wp-json\/wp\/v2\/media\/1311"}],"wp:attachment":[{"href":"https:\/\/graficaarejano.com.br\/site\/wp-json\/wp\/v2\/media?parent=1147"}],"wp:term":[{"taxonomy":"product_brand","embeddable":true,"href":"https:\/\/graficaarejano.com.br\/site\/wp-json\/wp\/v2\/product_brand?post=1147"},{"taxonomy":"product_cat","embeddable":true,"href":"https:\/\/graficaarejano.com.br\/site\/wp-json\/wp\/v2\/product_cat?post=1147"},{"taxonomy":"product_tag","embeddable":true,"href":"https:\/\/graficaarejano.com.br\/site\/wp-json\/wp\/v2\/product_tag?post=1147"}],"curies":[{"name":"wp","href":"https:\/\/api.w.org\/{rel}","templated":true}]}}