{"id":1198,"date":"2021-11-29T09:16:49","date_gmt":"2021-11-29T12:16:49","guid":{"rendered":"https:\/\/graficaarejano.com.br\/site\/?post_type=product&#038;p=1198"},"modified":"2026-02-25T15:56:57","modified_gmt":"2026-02-25T18:56:57","slug":"cardapios-simples-laminacao","status":"publish","type":"product","link":"https:\/\/graficaarejano.com.br\/site\/produto\/cardapios-simples-laminacao\/","title":{"rendered":"Card\u00e1pios Simples &#8211; Lamina\u00e7\u00e3o"},"content":{"rendered":"<div class=\"text-group\">\n<p data-start=\"160\" data-end=\"416\">O <strong data-start=\"162\" data-end=\"197\">Card\u00e1pio Simples em Couch\u00ea 300g<\/strong> \u00e9 a solu\u00e7\u00e3o ideal para estabelecimentos que desejam unir praticidade, resist\u00eancia e excelente apresenta\u00e7\u00e3o visual. Produzido em papel de alta gramatura, ele oferece firmeza, durabilidade e \u00f3tima qualidade de impress\u00e3o.<\/p>\n<p data-start=\"418\" data-end=\"607\">Dispon\u00edvel com <strong data-start=\"433\" data-end=\"472\">lamina\u00e7\u00e3o fosca ou lamina\u00e7\u00e3o brilho<\/strong>, o card\u00e1pio ganha prote\u00e7\u00e3o extra contra respingos, sujeiras e desgaste do manuseio di\u00e1rio, al\u00e9m de agregar sofistica\u00e7\u00e3o ao acabamento.<\/p>\n<ul data-start=\"609\" data-end=\"807\">\n<li data-start=\"609\" data-end=\"712\">\n<p data-start=\"611\" data-end=\"712\"><strong data-start=\"611\" data-end=\"631\">Lamina\u00e7\u00e3o Brilho<\/strong> \u2013 Real\u00e7a cores, intensifica imagens e proporciona efeito visual mais vibrante.<\/p>\n<\/li>\n<li data-start=\"713\" data-end=\"807\">\n<p data-start=\"715\" data-end=\"807\"><strong data-start=\"715\" data-end=\"734\">Lamina\u00e7\u00e3o Fosca<\/strong> \u2013 Oferece acabamento elegante, toque suave e apar\u00eancia mais sofisticada.<\/p>\n<\/li>\n<\/ul>\n<p data-start=\"809\" data-end=\"945\">Esse modelo \u00e9 ideal para restaurantes, lancherias, bares e cafeterias que buscam um material resistente e com excelente custo-benef\u00edcio.<\/p>\n<\/div>\n","protected":false},"excerpt":{"rendered":"<p>O Card\u00e1pio Simples em Couch\u00ea 300g \u00e9 a solu\u00e7\u00e3o ideal para estabelecimentos que desejam unir praticidade, resist\u00eancia e excelente apresenta\u00e7\u00e3o visual. Produzido em papel de alta gramatura, ele oferece firmeza, durabilidade e \u00f3tima qualidade de impress\u00e3o. Dispon\u00edvel com lamina\u00e7\u00e3o fosca ou lamina\u00e7\u00e3o brilho, o card\u00e1pio ganha prote\u00e7\u00e3o extra contra respingos, sujeiras e desgaste do manuseio [&hellip;]<\/p>\n","protected":false},"featured_media":1214,"comment_status":"open","ping_status":"closed","template":"","meta":[],"product_brand":[],"product_cat":[190],"product_tag":[],"class_list":{"0":"post-1198","1":"product","2":"type-product","3":"status-publish","4":"has-post-thumbnail","6":"product_cat-cardapios","8":"first","9":"instock","10":"shipping-taxable","11":"purchasable","12":"product-type-variable","13":"has-default-attributes"},"acf":[],"jetpack_sharing_enabled":true,"_links":{"self":[{"href":"https:\/\/graficaarejano.com.br\/site\/wp-json\/wp\/v2\/product\/1198","targetHints":{"allow":["GET"]}}],"collection":[{"href":"https:\/\/graficaarejano.com.br\/site\/wp-json\/wp\/v2\/product"}],"about":[{"href":"https:\/\/graficaarejano.com.br\/site\/wp-json\/wp\/v2\/types\/product"}],"replies":[{"embeddable":true,"href":"https:\/\/graficaarejano.com.br\/site\/wp-json\/wp\/v2\/comments?post=1198"}],"wp:featuredmedia":[{"embeddable":true,"href":"https:\/\/graficaarejano.com.br\/site\/wp-json\/wp\/v2\/media\/1214"}],"wp:attachment":[{"href":"https:\/\/graficaarejano.com.br\/site\/wp-json\/wp\/v2\/media?parent=1198"}],"wp:term":[{"taxonomy":"product_brand","embeddable":true,"href":"https:\/\/graficaarejano.com.br\/site\/wp-json\/wp\/v2\/product_brand?post=1198"},{"taxonomy":"product_cat","embeddable":true,"href":"https:\/\/graficaarejano.com.br\/site\/wp-json\/wp\/v2\/product_cat?post=1198"},{"taxonomy":"product_tag","embeddable":true,"href":"https:\/\/graficaarejano.com.br\/site\/wp-json\/wp\/v2\/product_tag?post=1198"}],"curies":[{"name":"wp","href":"https:\/\/api.w.org\/{rel}","templated":true}]}}