{"id":1208,"date":"2021-11-29T11:15:04","date_gmt":"2021-11-29T14:15:04","guid":{"rendered":"https:\/\/graficaarejano.com.br\/site\/?post_type=product&#038;p=1208"},"modified":"2026-03-06T13:19:35","modified_gmt":"2026-03-06T16:19:35","slug":"crachas-artes-variaveis","status":"publish","type":"product","link":"https:\/\/graficaarejano.com.br\/site\/produto\/crachas-artes-variaveis\/","title":{"rendered":"Crach\u00e1s &#8211; Artes Vari\u00e1veis"},"content":{"rendered":"<p class=\"\" data-start=\"218\" data-end=\"667\">Os <strong data-start=\"221\" data-end=\"252\">crach\u00e1s com artes vari\u00e1veis<\/strong> da <strong data-start=\"256\" data-end=\"275\">Gr\u00e1fica Arejano<\/strong> s\u00e3o ideais para quem precisa de <strong data-start=\"308\" data-end=\"353\">personaliza\u00e7\u00e3o completa para cada usu\u00e1rio<\/strong>, sem perder a padroniza\u00e7\u00e3o e a qualidade visual. Diferente dos modelos de arte \u00fanica, aqui <strong data-start=\"445\" data-end=\"499\">cada crach\u00e1 pode ter uma arte totalmente diferente<\/strong>, como logotipos variados, cores espec\u00edficas, fun\u00e7\u00f5es diferenciadas, fotos individuais, unidades distintas ou qualquer outra necessidade de identifica\u00e7\u00e3o personalizada.<\/p>\n<p class=\"\" data-start=\"669\" data-end=\"1076\">Produzidos com <strong data-start=\"684\" data-end=\"723\">impress\u00e3o digital de alta defini\u00e7\u00e3o<\/strong> em <strong data-start=\"727\" data-end=\"769\">PVC Cristal<\/strong>, esses crach\u00e1s oferecem <strong data-start=\"794\" data-end=\"875\">alt\u00edssima qualidade de imagem, resist\u00eancia ao uso di\u00e1rio e longa durabilidade<\/strong>. A impress\u00e3o permite a inclus\u00e3o de <strong data-start=\"911\" data-end=\"1040\">dados vari\u00e1veis como nome, foto, cargo, setores, QR Codes, c\u00f3digos de barras, numera\u00e7\u00e3o sequencial ou informa\u00e7\u00f5es espec\u00edficas<\/strong> para cada colaborador ou visitante.<\/p>\n<p class=\"\" data-start=\"1078\" data-end=\"1443\">Os crach\u00e1s s\u00e3o entregues <strong data-start=\"1103\" data-end=\"1122\">com furo<\/strong>, prontos para utiliza\u00e7\u00e3o com <strong data-start=\"1152\" data-end=\"1193\">cord\u00f5es, clips jacar\u00e9 ou roller clips<\/strong>, conforme a prefer\u00eancia do cliente. \u00c9 a op\u00e7\u00e3o perfeita para <strong data-start=\"1254\" data-end=\"1385\">empresas, escolas, feiras, grandes eventos ou projetos especiais que exigem um n\u00edvel avan\u00e7ado de personaliza\u00e7\u00e3o em seus crach\u00e1s<\/strong>, mantendo <strong data-start=\"1396\" data-end=\"1442\">profissionalismo, praticidade e efici\u00eancia<\/strong>.<\/p>\n","protected":false},"excerpt":{"rendered":"<p>Os crach\u00e1s com artes vari\u00e1veis da Gr\u00e1fica Arejano s\u00e3o ideais para quem precisa de personaliza\u00e7\u00e3o completa para cada usu\u00e1rio, sem perder a padroniza\u00e7\u00e3o e a qualidade visual. Diferente dos modelos de arte \u00fanica, aqui cada crach\u00e1 pode ter uma arte totalmente diferente, como logotipos variados, cores espec\u00edficas, fun\u00e7\u00f5es diferenciadas, fotos individuais, unidades distintas ou qualquer [&hellip;]<\/p>\n","protected":false},"featured_media":8611,"comment_status":"open","ping_status":"closed","template":"","meta":[],"product_brand":[],"product_cat":[165],"product_tag":[],"class_list":{"0":"post-1208","1":"product","2":"type-product","3":"status-publish","4":"has-post-thumbnail","6":"product_cat-crachas","8":"first","9":"instock","10":"shipping-taxable","11":"purchasable","12":"product-type-variable","13":"has-default-attributes"},"acf":[],"jetpack_sharing_enabled":true,"_links":{"self":[{"href":"https:\/\/graficaarejano.com.br\/site\/wp-json\/wp\/v2\/product\/1208","targetHints":{"allow":["GET"]}}],"collection":[{"href":"https:\/\/graficaarejano.com.br\/site\/wp-json\/wp\/v2\/product"}],"about":[{"href":"https:\/\/graficaarejano.com.br\/site\/wp-json\/wp\/v2\/types\/product"}],"replies":[{"embeddable":true,"href":"https:\/\/graficaarejano.com.br\/site\/wp-json\/wp\/v2\/comments?post=1208"}],"wp:featuredmedia":[{"embeddable":true,"href":"https:\/\/graficaarejano.com.br\/site\/wp-json\/wp\/v2\/media\/8611"}],"wp:attachment":[{"href":"https:\/\/graficaarejano.com.br\/site\/wp-json\/wp\/v2\/media?parent=1208"}],"wp:term":[{"taxonomy":"product_brand","embeddable":true,"href":"https:\/\/graficaarejano.com.br\/site\/wp-json\/wp\/v2\/product_brand?post=1208"},{"taxonomy":"product_cat","embeddable":true,"href":"https:\/\/graficaarejano.com.br\/site\/wp-json\/wp\/v2\/product_cat?post=1208"},{"taxonomy":"product_tag","embeddable":true,"href":"https:\/\/graficaarejano.com.br\/site\/wp-json\/wp\/v2\/product_tag?post=1208"}],"curies":[{"name":"wp","href":"https:\/\/api.w.org\/{rel}","templated":true}]}}