{"id":1412,"date":"2021-12-01T15:17:51","date_gmt":"2021-12-01T18:17:51","guid":{"rendered":"https:\/\/graficaarejano.com.br\/site\/?post_type=product&#038;p=1412"},"modified":"2026-02-10T17:15:17","modified_gmt":"2026-02-10T20:15:17","slug":"adesivo-vinil-branco","status":"publish","type":"product","link":"https:\/\/graficaarejano.com.br\/site\/produto\/adesivo-vinil-branco\/","title":{"rendered":"Etiqueta Vinil Transparente"},"content":{"rendered":"<p data-start=\"105\" data-end=\"453\">Se voc\u00ea busca <strong data-start=\"119\" data-end=\"176\">personaliza\u00e7\u00e3o, sofistica\u00e7\u00e3o e um acabamento discreto<\/strong>, o <strong data-start=\"180\" data-end=\"232\">adesivo transparente com recortes personalizados<\/strong> \u00e9 a escolha ideal. Produzido com <strong data-start=\"266\" data-end=\"305\">impress\u00e3o digital de alta defini\u00e7\u00e3o<\/strong>, esse material permite que a arte se destaque de forma elegante, sem bordas vis\u00edveis, criando um efeito integrado \u00e0 superf\u00edcie onde for aplicado.<\/p>\n<p data-start=\"455\" data-end=\"864\">Com <strong data-start=\"459\" data-end=\"486\">recortes personalizados<\/strong>, o adesivo pode assumir <strong data-start=\"511\" data-end=\"531\">qualquer formato<\/strong>, valorizando a identidade visual da sua marca. Ele \u00e9 perfeito para <strong data-start=\"599\" data-end=\"683\">r\u00f3tulos, embalagens, brindes e aplica\u00e7\u00f5es em vidro, acr\u00edlico e superf\u00edcies lisas<\/strong>, garantindo um resultado profissional e diferenciado. Aqui na <strong data-start=\"746\" data-end=\"765\">Gr\u00e1fica Arejano<\/strong>, transformamos sua arte em um adesivo de <strong data-start=\"807\" data-end=\"861\">alta qualidade, resist\u00eancia e acabamento impec\u00e1vel<\/strong>.<\/p>\n","protected":false},"excerpt":{"rendered":"<p>Entregue em folhas <strong>A3<\/strong>.<\/p>\n","protected":false},"featured_media":1453,"comment_status":"open","ping_status":"closed","template":"","meta":[],"product_brand":[],"product_cat":[248,775],"product_tag":[],"class_list":{"0":"post-1412","1":"product","2":"type-product","3":"status-publish","4":"has-post-thumbnail","6":"product_cat-adesivos","7":"product_cat-etiquetas","9":"first","10":"instock","11":"shipping-taxable","12":"purchasable","13":"product-type-variable","14":"has-default-attributes"},"acf":[],"jetpack_sharing_enabled":true,"_links":{"self":[{"href":"https:\/\/graficaarejano.com.br\/site\/wp-json\/wp\/v2\/product\/1412","targetHints":{"allow":["GET"]}}],"collection":[{"href":"https:\/\/graficaarejano.com.br\/site\/wp-json\/wp\/v2\/product"}],"about":[{"href":"https:\/\/graficaarejano.com.br\/site\/wp-json\/wp\/v2\/types\/product"}],"replies":[{"embeddable":true,"href":"https:\/\/graficaarejano.com.br\/site\/wp-json\/wp\/v2\/comments?post=1412"}],"wp:featuredmedia":[{"embeddable":true,"href":"https:\/\/graficaarejano.com.br\/site\/wp-json\/wp\/v2\/media\/1453"}],"wp:attachment":[{"href":"https:\/\/graficaarejano.com.br\/site\/wp-json\/wp\/v2\/media?parent=1412"}],"wp:term":[{"taxonomy":"product_brand","embeddable":true,"href":"https:\/\/graficaarejano.com.br\/site\/wp-json\/wp\/v2\/product_brand?post=1412"},{"taxonomy":"product_cat","embeddable":true,"href":"https:\/\/graficaarejano.com.br\/site\/wp-json\/wp\/v2\/product_cat?post=1412"},{"taxonomy":"product_tag","embeddable":true,"href":"https:\/\/graficaarejano.com.br\/site\/wp-json\/wp\/v2\/product_tag?post=1412"}],"curies":[{"name":"wp","href":"https:\/\/api.w.org\/{rel}","templated":true}]}}