{"id":1478,"date":"2021-12-03T08:27:14","date_gmt":"2021-12-03T11:27:14","guid":{"rendered":"https:\/\/graficaarejano.com.br\/site\/?post_type=product&#038;p=1478"},"modified":"2026-02-10T16:24:01","modified_gmt":"2026-02-10T19:24:01","slug":"adesivo-parachoque","status":"publish","type":"product","link":"https:\/\/graficaarejano.com.br\/site\/produto\/adesivo-parachoque\/","title":{"rendered":"Adesivo Parachoque"},"content":{"rendered":"<p data-start=\"194\" data-end=\"519\">O <strong data-start=\"196\" data-end=\"222\">Adesivo de Para-choque<\/strong> \u00e9 ideal para <strong data-start=\"236\" data-end=\"324\">comunica\u00e7\u00e3o visual, divulga\u00e7\u00e3o de mensagens, personaliza\u00e7\u00e3o e identifica\u00e7\u00e3o veicular<\/strong>. Produzido em <strong data-start=\"339\" data-end=\"373\">vinil branco de alta qualidade<\/strong>, oferece excelente ader\u00eancia, resist\u00eancia e \u00f3tima durabilidade, mesmo em ambientes externos e sob exposi\u00e7\u00e3o ao sol, chuva e varia\u00e7\u00f5es clim\u00e1ticas.<\/p>\n<p data-start=\"521\" data-end=\"835\">Com formatos alongados e impactantes, os tamanhos <strong data-start=\"571\" data-end=\"585\">46 \u00d7 10 cm<\/strong> e <strong data-start=\"588\" data-end=\"601\">30 \u00d7 9 cm<\/strong> s\u00e3o perfeitos para aplica\u00e7\u00e3o em para-choques, tampas traseiras e outras \u00e1reas do ve\u00edculo que exigem boa visibilidade. O vinil branco permite impress\u00e3o n\u00edtida, cores vivas e \u00f3timo contraste, garantindo leitura clara mesmo \u00e0 dist\u00e2ncia.<\/p>\n<p data-start=\"837\" data-end=\"983\">\u00c9 uma solu\u00e7\u00e3o pr\u00e1tica e de excelente custo-benef\u00edcio para quem deseja divulgar marcas, frases, campanhas ou mensagens de forma direta e duradoura.<\/p>\n","protected":false},"excerpt":{"rendered":"<p>O Adesivo de Para-choque \u00e9 ideal para comunica\u00e7\u00e3o visual, divulga\u00e7\u00e3o de mensagens, personaliza\u00e7\u00e3o e identifica\u00e7\u00e3o veicular. Produzido em vinil branco de alta qualidade, oferece excelente ader\u00eancia, resist\u00eancia e \u00f3tima durabilidade, mesmo em ambientes externos e sob exposi\u00e7\u00e3o ao sol, chuva e varia\u00e7\u00f5es clim\u00e1ticas. Com formatos alongados e impactantes, os tamanhos 46 \u00d7 10 cm e [&hellip;]<\/p>\n","protected":false},"featured_media":1496,"comment_status":"open","ping_status":"closed","template":"","meta":[],"product_brand":[],"product_cat":[248,775],"product_tag":[],"class_list":{"0":"post-1478","1":"product","2":"type-product","3":"status-publish","4":"has-post-thumbnail","6":"product_cat-adesivos","7":"product_cat-etiquetas","9":"first","10":"instock","11":"shipping-taxable","12":"purchasable","13":"product-type-variable","14":"has-default-attributes"},"acf":[],"jetpack_sharing_enabled":true,"_links":{"self":[{"href":"https:\/\/graficaarejano.com.br\/site\/wp-json\/wp\/v2\/product\/1478","targetHints":{"allow":["GET"]}}],"collection":[{"href":"https:\/\/graficaarejano.com.br\/site\/wp-json\/wp\/v2\/product"}],"about":[{"href":"https:\/\/graficaarejano.com.br\/site\/wp-json\/wp\/v2\/types\/product"}],"replies":[{"embeddable":true,"href":"https:\/\/graficaarejano.com.br\/site\/wp-json\/wp\/v2\/comments?post=1478"}],"wp:featuredmedia":[{"embeddable":true,"href":"https:\/\/graficaarejano.com.br\/site\/wp-json\/wp\/v2\/media\/1496"}],"wp:attachment":[{"href":"https:\/\/graficaarejano.com.br\/site\/wp-json\/wp\/v2\/media?parent=1478"}],"wp:term":[{"taxonomy":"product_brand","embeddable":true,"href":"https:\/\/graficaarejano.com.br\/site\/wp-json\/wp\/v2\/product_brand?post=1478"},{"taxonomy":"product_cat","embeddable":true,"href":"https:\/\/graficaarejano.com.br\/site\/wp-json\/wp\/v2\/product_cat?post=1478"},{"taxonomy":"product_tag","embeddable":true,"href":"https:\/\/graficaarejano.com.br\/site\/wp-json\/wp\/v2\/product_tag?post=1478"}],"curies":[{"name":"wp","href":"https:\/\/api.w.org\/{rel}","templated":true}]}}