{"id":1574,"date":"2021-12-04T14:03:08","date_gmt":"2021-12-04T17:03:08","guid":{"rendered":"https:\/\/graficaarejano.com.br\/site\/?post_type=product&#038;p=1574"},"modified":"2026-01-16T12:44:06","modified_gmt":"2026-01-16T15:44:06","slug":"abanadores","status":"publish","type":"product","link":"https:\/\/graficaarejano.com.br\/site\/produto\/abanadores\/","title":{"rendered":"Abanadores"},"content":{"rendered":"<p>Os\u00a0<strong>Abanadores<\/strong>\u00a0s\u00e3o muito utilizados no\u00a0<strong>ramo tur\u00edstico<\/strong>, em hot\u00e9is, resorts, ag\u00eancias de viagens e passeios. Al\u00e9m de serem brindes muito \u00fateis em\u00a0<strong>regi\u00f5es litor\u00e2neas e de mais calor<\/strong>.<\/p>\n","protected":false},"excerpt":{"rendered":"<p>Os\u00a0Abanadores\u00a0s\u00e3o muito utilizados no\u00a0ramo tur\u00edstico, em hot\u00e9is, resorts, ag\u00eancias de viagens e passeios. Al\u00e9m de serem brindes muito \u00fateis em\u00a0regi\u00f5es litor\u00e2neas e de mais calor.<\/p>\n","protected":false},"featured_media":1575,"comment_status":"open","ping_status":"closed","template":"","meta":[],"product_brand":[],"product_cat":[348],"product_tag":[],"class_list":{"0":"post-1574","1":"product","2":"type-product","3":"status-publish","4":"has-post-thumbnail","6":"product_cat-abanadores","8":"first","9":"instock","10":"shipping-taxable","11":"purchasable","12":"product-type-variable","13":"has-default-attributes"},"acf":[],"jetpack_sharing_enabled":true,"_links":{"self":[{"href":"https:\/\/graficaarejano.com.br\/site\/wp-json\/wp\/v2\/product\/1574","targetHints":{"allow":["GET"]}}],"collection":[{"href":"https:\/\/graficaarejano.com.br\/site\/wp-json\/wp\/v2\/product"}],"about":[{"href":"https:\/\/graficaarejano.com.br\/site\/wp-json\/wp\/v2\/types\/product"}],"replies":[{"embeddable":true,"href":"https:\/\/graficaarejano.com.br\/site\/wp-json\/wp\/v2\/comments?post=1574"}],"wp:featuredmedia":[{"embeddable":true,"href":"https:\/\/graficaarejano.com.br\/site\/wp-json\/wp\/v2\/media\/1575"}],"wp:attachment":[{"href":"https:\/\/graficaarejano.com.br\/site\/wp-json\/wp\/v2\/media?parent=1574"}],"wp:term":[{"taxonomy":"product_brand","embeddable":true,"href":"https:\/\/graficaarejano.com.br\/site\/wp-json\/wp\/v2\/product_brand?post=1574"},{"taxonomy":"product_cat","embeddable":true,"href":"https:\/\/graficaarejano.com.br\/site\/wp-json\/wp\/v2\/product_cat?post=1574"},{"taxonomy":"product_tag","embeddable":true,"href":"https:\/\/graficaarejano.com.br\/site\/wp-json\/wp\/v2\/product_tag?post=1574"}],"curies":[{"name":"wp","href":"https:\/\/api.w.org\/{rel}","templated":true}]}}