{"id":1616,"date":"2021-12-04T15:23:49","date_gmt":"2021-12-04T18:23:49","guid":{"rendered":"https:\/\/graficaarejano.com.br\/site\/?post_type=product&#038;p=1616"},"modified":"2026-02-26T10:24:13","modified_gmt":"2026-02-26T13:24:13","slug":"credencial-e-cordao","status":"publish","type":"product","link":"https:\/\/graficaarejano.com.br\/site\/produto\/credencial-e-cordao\/","title":{"rendered":"Credencial e Cord\u00e3o"},"content":{"rendered":"<p class=\"\" data-start=\"193\" data-end=\"708\">As <strong data-start=\"196\" data-end=\"226\">credenciais personalizadas<\/strong> produzidas pela <strong data-start=\"243\" data-end=\"262\">Gr\u00e1fica Arejano<\/strong> s\u00e3o a escolha ideal para <strong data-start=\"288\" data-end=\"363\">eventos, feiras, congressos, empresas, escolas e ambientes corporativos<\/strong> que exigem identifica\u00e7\u00e3o com <strong data-start=\"393\" data-end=\"437\">apresenta\u00e7\u00e3o profissional e durabilidade<\/strong>. Confeccionadas em materiais de alta qualidade, como <strong data-start=\"491\" data-end=\"535\">papel cart\u00e3o, PVC ou papel com lamina\u00e7\u00e3o<\/strong>, as credenciais podem ser <strong data-start=\"562\" data-end=\"614\">furadas, plastificadas, impressas frente e verso<\/strong>, al\u00e9m de contar com <strong data-start=\"635\" data-end=\"690\">c\u00f3digos QR, nomes vari\u00e1veis ou numera\u00e7\u00e3o sequencial<\/strong>, se necess\u00e1rio.<\/p>\n<p class=\"\" data-start=\"710\" data-end=\"1056\">Com impress\u00e3o digital de <strong data-start=\"735\" data-end=\"775\">alta defini\u00e7\u00e3o e fidelidade de cores<\/strong>, garantimos que sua marca ou identidade visual se destaque com nitidez e eleg\u00e2ncia. Tamb\u00e9m oferecemos op\u00e7\u00f5es com <strong data-start=\"889\" data-end=\"957\">papel especial, cortes arredondados e acabamentos personalizados<\/strong>, como <strong data-start=\"964\" data-end=\"1005\">lamina\u00e7\u00e3o fosca, brilho ou soft touch<\/strong>, elevando ainda mais a apresenta\u00e7\u00e3o do material.<\/p>\n<p class=\"\" data-start=\"1058\" data-end=\"1241\">Seja para uso di\u00e1rio ou em ocasi\u00f5es espec\u00edficas, nossas credenciais combinam <strong data-start=\"1135\" data-end=\"1170\">design, seguran\u00e7a e resist\u00eancia<\/strong>, transmitindo profissionalismo e organiza\u00e7\u00e3o logo no primeiro contato.<\/p>\n","protected":false},"excerpt":{"rendered":"<p>As credenciais personalizadas produzidas pela Gr\u00e1fica Arejano s\u00e3o a escolha ideal para eventos, feiras, congressos, empresas, escolas e ambientes corporativos que exigem identifica\u00e7\u00e3o com apresenta\u00e7\u00e3o profissional e durabilidade. Confeccionadas em materiais de alta qualidade, como papel cart\u00e3o, PVC ou papel com lamina\u00e7\u00e3o, as credenciais podem ser furadas, plastificadas, impressas frente e verso, al\u00e9m de contar [&hellip;]<\/p>\n","protected":false},"featured_media":6055,"comment_status":"open","ping_status":"closed","template":"","meta":[],"product_brand":[],"product_cat":[342],"product_tag":[],"class_list":{"0":"post-1616","1":"product","2":"type-product","3":"status-publish","4":"has-post-thumbnail","6":"product_cat-credenciais","8":"first","9":"instock","10":"shipping-taxable","11":"purchasable","12":"product-type-variable"},"acf":[],"_links":{"self":[{"href":"https:\/\/graficaarejano.com.br\/site\/wp-json\/wp\/v2\/product\/1616","targetHints":{"allow":["GET"]}}],"collection":[{"href":"https:\/\/graficaarejano.com.br\/site\/wp-json\/wp\/v2\/product"}],"about":[{"href":"https:\/\/graficaarejano.com.br\/site\/wp-json\/wp\/v2\/types\/product"}],"replies":[{"embeddable":true,"href":"https:\/\/graficaarejano.com.br\/site\/wp-json\/wp\/v2\/comments?post=1616"}],"wp:featuredmedia":[{"embeddable":true,"href":"https:\/\/graficaarejano.com.br\/site\/wp-json\/wp\/v2\/media\/6055"}],"wp:attachment":[{"href":"https:\/\/graficaarejano.com.br\/site\/wp-json\/wp\/v2\/media?parent=1616"}],"wp:term":[{"taxonomy":"product_brand","embeddable":true,"href":"https:\/\/graficaarejano.com.br\/site\/wp-json\/wp\/v2\/product_brand?post=1616"},{"taxonomy":"product_cat","embeddable":true,"href":"https:\/\/graficaarejano.com.br\/site\/wp-json\/wp\/v2\/product_cat?post=1616"},{"taxonomy":"product_tag","embeddable":true,"href":"https:\/\/graficaarejano.com.br\/site\/wp-json\/wp\/v2\/product_tag?post=1616"}],"curies":[{"name":"wp","href":"https:\/\/api.w.org\/{rel}","templated":true}]}}