{"id":1626,"date":"2021-12-04T16:02:29","date_gmt":"2021-12-04T19:02:29","guid":{"rendered":"https:\/\/graficaarejano.com.br\/site\/?post_type=product&#038;p=1626"},"modified":"2026-03-11T13:09:10","modified_gmt":"2026-03-11T16:09:10","slug":"envelopes-oficio","status":"publish","type":"product","link":"https:\/\/graficaarejano.com.br\/site\/produto\/envelopes-oficio\/","title":{"rendered":"Envelopes Of\u00edcio"},"content":{"rendered":"<p data-start=\"269\" data-end=\"591\">O <strong data-start=\"271\" data-end=\"290\">Envelope Of\u00edcio<\/strong> \u00e9 um item essencial para empresas, escrit\u00f3rios e institui\u00e7\u00f5es que precisam enviar ou organizar documentos com praticidade e apresenta\u00e7\u00e3o profissional. Produzido em <strong data-start=\"455\" data-end=\"476\">papel sulfite 90g<\/strong>, oferece boa resist\u00eancia e qualidade, sendo ideal para o uso di\u00e1rio em correspond\u00eancias e documentos empresariais.<\/p>\n<p data-start=\"593\" data-end=\"836\">Com <strong data-start=\"597\" data-end=\"622\">tamanho de 23 x 11 cm<\/strong>, esse modelo \u00e9 perfeito para acomodar folhas dobradas no padr\u00e3o of\u00edcio ou A4, sendo muito utilizado para envio de <strong data-start=\"737\" data-end=\"835\">cartas, contratos, boletos, comunicados, documentos administrativos e materiais institucionais<\/strong>.<\/p>\n<p data-start=\"838\" data-end=\"1049\">Al\u00e9m da fun\u00e7\u00e3o de proteger os documentos durante o transporte, o envelope tamb\u00e9m contribui para fortalecer a imagem da empresa, principalmente quando personalizado com <strong data-start=\"1006\" data-end=\"1048\">logotipo, endere\u00e7o e identidade visual<\/strong>.<\/p>\n<p data-start=\"1051\" data-end=\"1261\">O envelope of\u00edcio \u00e9 amplamente utilizado em <strong data-start=\"1095\" data-end=\"1190\">empresas, cl\u00ednicas, escolas, escrit\u00f3rios cont\u00e1beis, advocacias e diversos tipos de neg\u00f3cios<\/strong>, sendo uma solu\u00e7\u00e3o pr\u00e1tica para correspond\u00eancias e comunica\u00e7\u00e3o formal.<\/p>\n","protected":false},"excerpt":{"rendered":"<p>O Envelope Of\u00edcio \u00e9 um item essencial para empresas, escrit\u00f3rios e institui\u00e7\u00f5es que precisam enviar ou organizar documentos com praticidade e apresenta\u00e7\u00e3o profissional. Produzido em papel sulfite 90g, oferece boa resist\u00eancia e qualidade, sendo ideal para o uso di\u00e1rio em correspond\u00eancias e documentos empresariais. Com tamanho de 23 x 11 cm, esse modelo \u00e9 perfeito [&hellip;]<\/p>\n","protected":false},"featured_media":1634,"comment_status":"open","ping_status":"closed","template":"","meta":[],"product_brand":[],"product_cat":[343],"product_tag":[],"class_list":{"0":"post-1626","1":"product","2":"type-product","3":"status-publish","4":"has-post-thumbnail","6":"product_cat-envelopes","8":"first","9":"instock","10":"shipping-taxable","11":"purchasable","12":"product-type-variable","13":"has-default-attributes"},"acf":[],"_links":{"self":[{"href":"https:\/\/graficaarejano.com.br\/site\/wp-json\/wp\/v2\/product\/1626","targetHints":{"allow":["GET"]}}],"collection":[{"href":"https:\/\/graficaarejano.com.br\/site\/wp-json\/wp\/v2\/product"}],"about":[{"href":"https:\/\/graficaarejano.com.br\/site\/wp-json\/wp\/v2\/types\/product"}],"replies":[{"embeddable":true,"href":"https:\/\/graficaarejano.com.br\/site\/wp-json\/wp\/v2\/comments?post=1626"}],"wp:featuredmedia":[{"embeddable":true,"href":"https:\/\/graficaarejano.com.br\/site\/wp-json\/wp\/v2\/media\/1634"}],"wp:attachment":[{"href":"https:\/\/graficaarejano.com.br\/site\/wp-json\/wp\/v2\/media?parent=1626"}],"wp:term":[{"taxonomy":"product_brand","embeddable":true,"href":"https:\/\/graficaarejano.com.br\/site\/wp-json\/wp\/v2\/product_brand?post=1626"},{"taxonomy":"product_cat","embeddable":true,"href":"https:\/\/graficaarejano.com.br\/site\/wp-json\/wp\/v2\/product_cat?post=1626"},{"taxonomy":"product_tag","embeddable":true,"href":"https:\/\/graficaarejano.com.br\/site\/wp-json\/wp\/v2\/product_tag?post=1626"}],"curies":[{"name":"wp","href":"https:\/\/api.w.org\/{rel}","templated":true}]}}