{"id":1628,"date":"2021-12-04T16:33:17","date_gmt":"2021-12-04T19:33:17","guid":{"rendered":"https:\/\/graficaarejano.com.br\/site\/?post_type=product&#038;p=1628"},"modified":"2026-03-11T10:19:24","modified_gmt":"2026-03-11T13:19:24","slug":"envelopes-pequenos","status":"publish","type":"product","link":"https:\/\/graficaarejano.com.br\/site\/produto\/envelopes-pequenos\/","title":{"rendered":"Envelopes Pequenos"},"content":{"rendered":"<p data-start=\"228\" data-end=\"535\">Os <strong data-start=\"231\" data-end=\"253\">envelopes pequenos<\/strong> s\u00e3o ideais para organizar, proteger e entregar documentos ou itens de pequeno porte com praticidade e apresenta\u00e7\u00e3o profissional. Produzidos em <strong data-start=\"397\" data-end=\"418\">papel sulfite 90g<\/strong>, oferecem boa resist\u00eancia e acabamento limpo, sendo uma excelente op\u00e7\u00e3o para uso comercial, institucional e pessoal.<\/p>\n<p data-start=\"537\" data-end=\"784\">Muito utilizados para <strong data-start=\"559\" data-end=\"689\">entrega de pequenos documentos, recibos, cart\u00f5es, convites, dinheiro, vales, correspond\u00eancias curtas ou materiais promocionais<\/strong>, os envelopes pequenos s\u00e3o vers\u00e1teis e funcionais no dia a dia de empresas e estabelecimentos.<\/p>\n<p data-start=\"786\" data-end=\"946\">Seu tamanho compacto facilita o armazenamento e transporte, al\u00e9m de proporcionar uma apresenta\u00e7\u00e3o mais organizada na entrega de documentos ou itens importantes.<\/p>\n<p data-start=\"948\" data-end=\"1094\">Eles tamb\u00e9m podem ser personalizados com <strong data-start=\"989\" data-end=\"1046\">logotipo, identidade visual ou informa\u00e7\u00f5es da empresa<\/strong>, fortalecendo a imagem profissional do neg\u00f3cio.<\/p>\n","protected":false},"excerpt":{"rendered":"<p>Os envelopes pequenos s\u00e3o ideais para organizar, proteger e entregar documentos ou itens de pequeno porte com praticidade e apresenta\u00e7\u00e3o profissional. Produzidos em papel sulfite 90g, oferecem boa resist\u00eancia e acabamento limpo, sendo uma excelente op\u00e7\u00e3o para uso comercial, institucional e pessoal. Muito utilizados para entrega de pequenos documentos, recibos, cart\u00f5es, convites, dinheiro, vales, correspond\u00eancias [&hellip;]<\/p>\n","protected":false},"featured_media":1632,"comment_status":"open","ping_status":"closed","template":"","meta":[],"product_brand":[],"product_cat":[343],"product_tag":[],"class_list":{"0":"post-1628","1":"product","2":"type-product","3":"status-publish","4":"has-post-thumbnail","6":"product_cat-envelopes","8":"first","9":"instock","10":"shipping-taxable","11":"purchasable","12":"product-type-variable","13":"has-default-attributes"},"acf":[],"_links":{"self":[{"href":"https:\/\/graficaarejano.com.br\/site\/wp-json\/wp\/v2\/product\/1628","targetHints":{"allow":["GET"]}}],"collection":[{"href":"https:\/\/graficaarejano.com.br\/site\/wp-json\/wp\/v2\/product"}],"about":[{"href":"https:\/\/graficaarejano.com.br\/site\/wp-json\/wp\/v2\/types\/product"}],"replies":[{"embeddable":true,"href":"https:\/\/graficaarejano.com.br\/site\/wp-json\/wp\/v2\/comments?post=1628"}],"wp:featuredmedia":[{"embeddable":true,"href":"https:\/\/graficaarejano.com.br\/site\/wp-json\/wp\/v2\/media\/1632"}],"wp:attachment":[{"href":"https:\/\/graficaarejano.com.br\/site\/wp-json\/wp\/v2\/media?parent=1628"}],"wp:term":[{"taxonomy":"product_brand","embeddable":true,"href":"https:\/\/graficaarejano.com.br\/site\/wp-json\/wp\/v2\/product_brand?post=1628"},{"taxonomy":"product_cat","embeddable":true,"href":"https:\/\/graficaarejano.com.br\/site\/wp-json\/wp\/v2\/product_cat?post=1628"},{"taxonomy":"product_tag","embeddable":true,"href":"https:\/\/graficaarejano.com.br\/site\/wp-json\/wp\/v2\/product_tag?post=1628"}],"curies":[{"name":"wp","href":"https:\/\/api.w.org\/{rel}","templated":true}]}}