{"id":1688,"date":"2021-12-04T16:58:15","date_gmt":"2021-12-04T19:58:15","guid":{"rendered":"https:\/\/graficaarejano.com.br\/site\/?post_type=product&#038;p=1688"},"modified":"2026-03-11T09:55:29","modified_gmt":"2026-03-11T12:55:29","slug":"envelopes-prontos","status":"publish","type":"product","link":"https:\/\/graficaarejano.com.br\/site\/produto\/envelopes-prontos\/","title":{"rendered":"Envelopes Prontos (Impressos Fechados)"},"content":{"rendered":"<p data-start=\"304\" data-end=\"493\">Os <strong data-start=\"307\" data-end=\"335\">envelopes personalizados<\/strong> s\u00e3o fundamentais para empresas que desejam enviar documentos, contratos, correspond\u00eancias e materiais institucionais com mais organiza\u00e7\u00e3o e profissionalismo.<\/p>\n<p data-start=\"495\" data-end=\"829\">Dispon\u00edveis nos modelos <strong data-start=\"519\" data-end=\"536\">Envelope Saco<\/strong> e <strong data-start=\"539\" data-end=\"558\">Envelope Of\u00edcio<\/strong>, eles atendem diferentes necessidades de envio e armazenamento de documentos. Produzidos em <strong data-start=\"651\" data-end=\"685\">papel offset 90g e sulfite 75g<\/strong>, oferecem resist\u00eancia adequada e excelente qualidade de impress\u00e3o para personaliza\u00e7\u00e3o com logotipo, identidade visual e informa\u00e7\u00f5es da empresa.<\/p>\n<p data-start=\"831\" data-end=\"1113\">O <strong data-start=\"833\" data-end=\"850\">Envelope Saco<\/strong> \u00e9 ideal para envio de documentos maiores, cat\u00e1logos, propostas e materiais institucionais sem necessidade de dobrar o conte\u00fado. J\u00e1 o <strong data-start=\"984\" data-end=\"1003\">Envelope Of\u00edcio<\/strong> \u00e9 amplamente utilizado no dia a dia corporativo para correspond\u00eancias, contratos e comunica\u00e7\u00f5es empresariais.<\/p>\n<p data-start=\"1115\" data-end=\"1312\">Al\u00e9m da fun\u00e7\u00e3o pr\u00e1tica de proteger documentos, os envelopes tamb\u00e9m ajudam a fortalecer a <strong data-start=\"1204\" data-end=\"1238\">imagem profissional da empresa<\/strong>, transmitindo organiza\u00e7\u00e3o, credibilidade e identidade visual consistente.<\/p>\n<p>Nossos envelopes prontos s\u00e3o impressos fechados com impress\u00e3o de alta qualidade em apenas um lado.<\/p>\n","protected":false},"excerpt":{"rendered":"<p>Os envelopes personalizados s\u00e3o fundamentais para empresas que desejam enviar documentos, contratos, correspond\u00eancias e materiais institucionais com mais organiza\u00e7\u00e3o e profissionalismo. Dispon\u00edveis nos modelos Envelope Saco e Envelope Of\u00edcio, eles atendem diferentes necessidades de envio e armazenamento de documentos. Produzidos em papel offset 90g e sulfite 75g, oferecem resist\u00eancia adequada e excelente qualidade de impress\u00e3o [&hellip;]<\/p>\n","protected":false},"featured_media":1693,"comment_status":"open","ping_status":"closed","template":"","meta":[],"product_brand":[],"product_cat":[343],"product_tag":[],"class_list":{"0":"post-1688","1":"product","2":"type-product","3":"status-publish","4":"has-post-thumbnail","6":"product_cat-envelopes","8":"first","9":"instock","10":"shipping-taxable","11":"purchasable","12":"product-type-variable","13":"has-default-attributes"},"acf":[],"_links":{"self":[{"href":"https:\/\/graficaarejano.com.br\/site\/wp-json\/wp\/v2\/product\/1688","targetHints":{"allow":["GET"]}}],"collection":[{"href":"https:\/\/graficaarejano.com.br\/site\/wp-json\/wp\/v2\/product"}],"about":[{"href":"https:\/\/graficaarejano.com.br\/site\/wp-json\/wp\/v2\/types\/product"}],"replies":[{"embeddable":true,"href":"https:\/\/graficaarejano.com.br\/site\/wp-json\/wp\/v2\/comments?post=1688"}],"wp:featuredmedia":[{"embeddable":true,"href":"https:\/\/graficaarejano.com.br\/site\/wp-json\/wp\/v2\/media\/1693"}],"wp:attachment":[{"href":"https:\/\/graficaarejano.com.br\/site\/wp-json\/wp\/v2\/media?parent=1688"}],"wp:term":[{"taxonomy":"product_brand","embeddable":true,"href":"https:\/\/graficaarejano.com.br\/site\/wp-json\/wp\/v2\/product_brand?post=1688"},{"taxonomy":"product_cat","embeddable":true,"href":"https:\/\/graficaarejano.com.br\/site\/wp-json\/wp\/v2\/product_cat?post=1688"},{"taxonomy":"product_tag","embeddable":true,"href":"https:\/\/graficaarejano.com.br\/site\/wp-json\/wp\/v2\/product_tag?post=1688"}],"curies":[{"name":"wp","href":"https:\/\/api.w.org\/{rel}","templated":true}]}}