{"id":1741,"date":"2021-12-06T08:59:13","date_gmt":"2021-12-06T11:59:13","guid":{"rendered":"https:\/\/graficaarejano.com.br\/site\/?post_type=product&#038;p=1741"},"modified":"2026-02-25T12:33:57","modified_gmt":"2026-02-25T15:33:57","slug":"carteirinha-em-pvc-arte-unica","status":"publish","type":"product","link":"https:\/\/graficaarejano.com.br\/site\/produto\/carteirinha-em-pvc-arte-unica\/","title":{"rendered":"Carteirinha em PVC &#8211; Arte \u00fanica"},"content":{"rendered":"<p>A <strong data-start=\"171\" data-end=\"212\">Carteirinha Arte \u00danica em PVC Cristal<\/strong> \u00e9 a solu\u00e7\u00e3o ideal para identifica\u00e7\u00e3o personalizada com alto padr\u00e3o de qualidade e durabilidade. Produzida em <strong data-start=\"322\" data-end=\"337\">PVC Cristal<\/strong>, ela possui estrutura r\u00edgida, resistente \u00e0 umidade, ao desgaste e ao manuseio frequente. Esse tipo de carteirinha \u00e9 essencial para institui\u00e7\u00f5es que precisam de identifica\u00e7\u00e3o padronizada, mas com dados \u00fanicos por pessoa, mantendo organiza\u00e7\u00e3o, seguran\u00e7a e profissionalismo.<\/p>\n","protected":false},"excerpt":{"rendered":"<p>A Carteirinha Arte \u00danica em PVC Cristal \u00e9 a solu\u00e7\u00e3o ideal para identifica\u00e7\u00e3o personalizada com alto padr\u00e3o de qualidade e durabilidade. Produzida em PVC Cristal, ela possui estrutura r\u00edgida, resistente \u00e0 umidade, ao desgaste e ao manuseio frequente. Esse tipo de carteirinha \u00e9 essencial para institui\u00e7\u00f5es que precisam de identifica\u00e7\u00e3o padronizada, mas com dados \u00fanicos [&hellip;]<\/p>\n","protected":false},"featured_media":1745,"comment_status":"open","ping_status":"closed","template":"","meta":[],"product_brand":[],"product_cat":[341],"product_tag":[],"class_list":{"0":"post-1741","1":"product","2":"type-product","3":"status-publish","4":"has-post-thumbnail","6":"product_cat-carteirinhas","8":"first","9":"instock","10":"shipping-taxable","11":"purchasable","12":"product-type-variable","13":"has-default-attributes"},"acf":[],"jetpack_sharing_enabled":true,"_links":{"self":[{"href":"https:\/\/graficaarejano.com.br\/site\/wp-json\/wp\/v2\/product\/1741","targetHints":{"allow":["GET"]}}],"collection":[{"href":"https:\/\/graficaarejano.com.br\/site\/wp-json\/wp\/v2\/product"}],"about":[{"href":"https:\/\/graficaarejano.com.br\/site\/wp-json\/wp\/v2\/types\/product"}],"replies":[{"embeddable":true,"href":"https:\/\/graficaarejano.com.br\/site\/wp-json\/wp\/v2\/comments?post=1741"}],"wp:featuredmedia":[{"embeddable":true,"href":"https:\/\/graficaarejano.com.br\/site\/wp-json\/wp\/v2\/media\/1745"}],"wp:attachment":[{"href":"https:\/\/graficaarejano.com.br\/site\/wp-json\/wp\/v2\/media?parent=1741"}],"wp:term":[{"taxonomy":"product_brand","embeddable":true,"href":"https:\/\/graficaarejano.com.br\/site\/wp-json\/wp\/v2\/product_brand?post=1741"},{"taxonomy":"product_cat","embeddable":true,"href":"https:\/\/graficaarejano.com.br\/site\/wp-json\/wp\/v2\/product_cat?post=1741"},{"taxonomy":"product_tag","embeddable":true,"href":"https:\/\/graficaarejano.com.br\/site\/wp-json\/wp\/v2\/product_tag?post=1741"}],"curies":[{"name":"wp","href":"https:\/\/api.w.org\/{rel}","templated":true}]}}