{"id":1742,"date":"2021-12-06T09:31:04","date_gmt":"2021-12-06T12:31:04","guid":{"rendered":"https:\/\/graficaarejano.com.br\/site\/?post_type=product&#038;p=1742"},"modified":"2026-02-25T12:24:00","modified_gmt":"2026-02-25T15:24:00","slug":"carteirinha-em-pvc-arte-variaveis","status":"publish","type":"product","link":"https:\/\/graficaarejano.com.br\/site\/produto\/carteirinha-em-pvc-arte-variaveis\/","title":{"rendered":"Carteirinha em PVC &#8211; Arte Vari\u00e1veis"},"content":{"rendered":"<p data-start=\"153\" data-end=\"445\">A <strong data-start=\"155\" data-end=\"196\">Carteirinha Arte \u00danica em PVC Cristal<\/strong> \u00e9 ideal para quem precisa de personaliza\u00e7\u00e3o individual em cada unidade, mantendo alta qualidade, resist\u00eancia e acabamento profissional. Produzida em <strong data-start=\"346\" data-end=\"361\">PVC Cristal<\/strong>, ela oferece excelente durabilidade, resist\u00eancia \u00e0 umidade e ao manuseio constante.<\/p>\n<p data-start=\"447\" data-end=\"682\">O diferencial da <strong data-start=\"464\" data-end=\"478\">arte \u00fanica<\/strong> \u00e9 permitir que cada carteirinha possua informa\u00e7\u00f5es exclusivas, como nome, foto, n\u00famero de matr\u00edcula, c\u00f3digo de barras, QR Code, sem perder o padr\u00e3o visual da identidade da institui\u00e7\u00e3o.<\/p>\n<p data-start=\"684\" data-end=\"822\">\n","protected":false},"excerpt":{"rendered":"<p>A Carteirinha Arte \u00danica em PVC Cristal \u00e9 ideal para quem precisa de personaliza\u00e7\u00e3o individual em cada unidade, mantendo alta qualidade, resist\u00eancia e acabamento profissional. Produzida em PVC Cristal, ela oferece excelente durabilidade, resist\u00eancia \u00e0 umidade e ao manuseio constante. O diferencial da arte \u00fanica \u00e9 permitir que cada carteirinha possua informa\u00e7\u00f5es exclusivas, como nome, [&hellip;]<\/p>\n","protected":false},"featured_media":1753,"comment_status":"open","ping_status":"closed","template":"","meta":[],"product_brand":[],"product_cat":[341],"product_tag":[],"class_list":{"0":"post-1742","1":"product","2":"type-product","3":"status-publish","4":"has-post-thumbnail","6":"product_cat-carteirinhas","8":"first","9":"instock","10":"shipping-taxable","11":"purchasable","12":"product-type-variable","13":"has-default-attributes"},"acf":[],"jetpack_sharing_enabled":true,"_links":{"self":[{"href":"https:\/\/graficaarejano.com.br\/site\/wp-json\/wp\/v2\/product\/1742","targetHints":{"allow":["GET"]}}],"collection":[{"href":"https:\/\/graficaarejano.com.br\/site\/wp-json\/wp\/v2\/product"}],"about":[{"href":"https:\/\/graficaarejano.com.br\/site\/wp-json\/wp\/v2\/types\/product"}],"replies":[{"embeddable":true,"href":"https:\/\/graficaarejano.com.br\/site\/wp-json\/wp\/v2\/comments?post=1742"}],"wp:featuredmedia":[{"embeddable":true,"href":"https:\/\/graficaarejano.com.br\/site\/wp-json\/wp\/v2\/media\/1753"}],"wp:attachment":[{"href":"https:\/\/graficaarejano.com.br\/site\/wp-json\/wp\/v2\/media?parent=1742"}],"wp:term":[{"taxonomy":"product_brand","embeddable":true,"href":"https:\/\/graficaarejano.com.br\/site\/wp-json\/wp\/v2\/product_brand?post=1742"},{"taxonomy":"product_cat","embeddable":true,"href":"https:\/\/graficaarejano.com.br\/site\/wp-json\/wp\/v2\/product_cat?post=1742"},{"taxonomy":"product_tag","embeddable":true,"href":"https:\/\/graficaarejano.com.br\/site\/wp-json\/wp\/v2\/product_tag?post=1742"}],"curies":[{"name":"wp","href":"https:\/\/api.w.org\/{rel}","templated":true}]}}