{"id":2023,"date":"2021-12-10T08:53:19","date_gmt":"2021-12-10T11:53:19","guid":{"rendered":"https:\/\/graficaarejano.com.br\/site\/?post_type=product&#038;p=2023"},"modified":"2026-02-06T12:34:54","modified_gmt":"2026-02-06T15:34:54","slug":"rifas-coloridas","status":"publish","type":"product","link":"https:\/\/graficaarejano.com.br\/site\/produto\/rifas-coloridas\/","title":{"rendered":"Rifas"},"content":{"rendered":"<p data-start=\"202\" data-end=\"507\">As <strong data-start=\"205\" data-end=\"229\">Rifas Personalizadas<\/strong> s\u00e3o uma solu\u00e7\u00e3o pr\u00e1tica, econ\u00f4mica e eficiente para a\u00e7\u00f5es de arrecada\u00e7\u00e3o, promo\u00e7\u00f5es, eventos beneficentes e campanhas em geral. Produzidas em <strong data-start=\"372\" data-end=\"399\">papel apergaminhado 75g<\/strong>, oferecem leveza, boa resist\u00eancia e excelente escrita, sendo ideais para preenchimento manual no dia a dia.<\/p>\n<p data-start=\"509\" data-end=\"836\">O tamanho total \u00e9 de <strong data-start=\"530\" data-end=\"543\">15 \u00d7 7 cm<\/strong>, um formato funcional que facilita o manuseio, a organiza\u00e7\u00e3o e a distribui\u00e7\u00e3o das rifas. O produto conta com <strong data-start=\"653\" data-end=\"677\">numera\u00e7\u00e3o sequencial<\/strong> e <strong data-start=\"680\" data-end=\"690\">picote<\/strong>, permitindo o destaque do canhoto de forma r\u00e1pida e precisa, garantindo controle e seguran\u00e7a tanto para quem organiza quanto para quem participa.<\/p>\n","protected":false},"excerpt":{"rendered":"<p>As Rifas Personalizadas s\u00e3o uma solu\u00e7\u00e3o pr\u00e1tica, econ\u00f4mica e eficiente para a\u00e7\u00f5es de arrecada\u00e7\u00e3o, promo\u00e7\u00f5es, eventos beneficentes e campanhas em geral. Produzidas em papel apergaminhado 75g, oferecem leveza, boa resist\u00eancia e excelente escrita, sendo ideais para preenchimento manual no dia a dia. O tamanho total \u00e9 de 15 \u00d7 7 cm, um formato funcional que [&hellip;]<\/p>\n","protected":false},"featured_media":2029,"comment_status":"open","ping_status":"closed","template":"","meta":[],"product_brand":[],"product_cat":[433],"product_tag":[],"class_list":{"0":"post-2023","1":"product","2":"type-product","3":"status-publish","4":"has-post-thumbnail","6":"product_cat-acao-entre-amigos","8":"first","9":"instock","10":"shipping-taxable","11":"purchasable","12":"product-type-variable","13":"has-default-attributes"},"acf":[],"jetpack_sharing_enabled":true,"_links":{"self":[{"href":"https:\/\/graficaarejano.com.br\/site\/wp-json\/wp\/v2\/product\/2023","targetHints":{"allow":["GET"]}}],"collection":[{"href":"https:\/\/graficaarejano.com.br\/site\/wp-json\/wp\/v2\/product"}],"about":[{"href":"https:\/\/graficaarejano.com.br\/site\/wp-json\/wp\/v2\/types\/product"}],"replies":[{"embeddable":true,"href":"https:\/\/graficaarejano.com.br\/site\/wp-json\/wp\/v2\/comments?post=2023"}],"wp:featuredmedia":[{"embeddable":true,"href":"https:\/\/graficaarejano.com.br\/site\/wp-json\/wp\/v2\/media\/2029"}],"wp:attachment":[{"href":"https:\/\/graficaarejano.com.br\/site\/wp-json\/wp\/v2\/media?parent=2023"}],"wp:term":[{"taxonomy":"product_brand","embeddable":true,"href":"https:\/\/graficaarejano.com.br\/site\/wp-json\/wp\/v2\/product_brand?post=2023"},{"taxonomy":"product_cat","embeddable":true,"href":"https:\/\/graficaarejano.com.br\/site\/wp-json\/wp\/v2\/product_cat?post=2023"},{"taxonomy":"product_tag","embeddable":true,"href":"https:\/\/graficaarejano.com.br\/site\/wp-json\/wp\/v2\/product_tag?post=2023"}],"curies":[{"name":"wp","href":"https:\/\/api.w.org\/{rel}","templated":true}]}}