{"id":2126,"date":"2021-12-10T17:33:36","date_gmt":"2021-12-10T20:33:36","guid":{"rendered":"https:\/\/graficaarejano.com.br\/site\/?post_type=product&#038;p=2126"},"modified":"2026-03-23T14:11:53","modified_gmt":"2026-03-23T17:11:53","slug":"taloes-auto-copiativo","status":"publish","type":"product","link":"https:\/\/graficaarejano.com.br\/site\/produto\/taloes-auto-copiativo\/","title":{"rendered":"Blocos Autocopiativos"},"content":{"rendered":"<p data-start=\"154\" data-end=\"437\">O <strong data-start=\"156\" data-end=\"179\">Bloco Autocopiativo<\/strong> \u00e9 a solu\u00e7\u00e3o ideal para empresas e profissionais que precisam gerar <strong data-start=\"247\" data-end=\"284\">duas ou mais vias simultaneamente<\/strong>, de forma pr\u00e1tica e organizada. Produzido em <strong data-start=\"330\" data-end=\"357\">papel autocopiativo 56g<\/strong>, dispensa o uso de carbono, garantindo c\u00f3pias limpas, leg\u00edveis e profissionais.<\/p>\n<p data-start=\"439\" data-end=\"625\">Muito utilizado para pedidos, recibos, contratos, ordens de servi\u00e7o e controles internos, o bloco autocopiativo facilita o registro de informa\u00e7\u00f5es e proporciona agilidade no atendimento.<\/p>\n<p data-start=\"627\" data-end=\"742\">\u00c9 uma ferramenta essencial para com\u00e9rcios, prestadores de servi\u00e7o e empresas que trabalham com documenta\u00e7\u00e3o f\u00edsica.<\/p>\n<p>Os blocos e tal\u00f5es da Gr\u00e1fica Arejano s\u00e3o produzidas com a mais alta qualidade na impress\u00e3o e visam atender um mercado muito exigente. Os blocos e tal\u00f5es s\u00e3o indispens\u00e1veis para profissionais que necessitam de emitir pedidos, recibos, ter uma melhor organiza\u00e7\u00e3o relacionada ao trabalho e muito mais.<\/p>\n<p><em><strong>Aten\u00e7\u00e3o: <\/strong><\/em>Nossos blocos j\u00e1 s\u00e3o produzidos, por padr\u00e3o, com blocagem, picote superior e grampo, portanto, caso voc\u00ea queira que seu material tenha algum outro picote em outro local, ou at\u00e9 pra separar algum canhoto, por favor, selecione, nos acabamentos adicionais, um picote extra.<\/p>\n","protected":false},"excerpt":{"rendered":"<p>O Bloco Autocopiativo \u00e9 a solu\u00e7\u00e3o ideal para empresas e profissionais que precisam gerar duas ou mais vias simultaneamente, de forma pr\u00e1tica e organizada. Produzido em papel autocopiativo 56g, dispensa o uso de carbono, garantindo c\u00f3pias limpas, leg\u00edveis e profissionais. Muito utilizado para pedidos, recibos, contratos, ordens de servi\u00e7o e controles internos, o bloco autocopiativo [&hellip;]<\/p>\n","protected":false},"featured_media":2142,"comment_status":"open","ping_status":"closed","template":"","meta":[],"product_brand":[],"product_cat":[441,163,919],"product_tag":[],"class_list":{"0":"post-2126","1":"product","2":"type-product","3":"status-publish","4":"has-post-thumbnail","6":"product_cat-blocos","7":"product_cat-receituarios","8":"product_cat-taloes-numerados","10":"first","11":"instock","12":"shipping-taxable","13":"purchasable","14":"product-type-variable","15":"has-default-attributes"},"acf":[],"jetpack_sharing_enabled":true,"_links":{"self":[{"href":"https:\/\/graficaarejano.com.br\/site\/wp-json\/wp\/v2\/product\/2126","targetHints":{"allow":["GET"]}}],"collection":[{"href":"https:\/\/graficaarejano.com.br\/site\/wp-json\/wp\/v2\/product"}],"about":[{"href":"https:\/\/graficaarejano.com.br\/site\/wp-json\/wp\/v2\/types\/product"}],"replies":[{"embeddable":true,"href":"https:\/\/graficaarejano.com.br\/site\/wp-json\/wp\/v2\/comments?post=2126"}],"wp:featuredmedia":[{"embeddable":true,"href":"https:\/\/graficaarejano.com.br\/site\/wp-json\/wp\/v2\/media\/2142"}],"wp:attachment":[{"href":"https:\/\/graficaarejano.com.br\/site\/wp-json\/wp\/v2\/media?parent=2126"}],"wp:term":[{"taxonomy":"product_brand","embeddable":true,"href":"https:\/\/graficaarejano.com.br\/site\/wp-json\/wp\/v2\/product_brand?post=2126"},{"taxonomy":"product_cat","embeddable":true,"href":"https:\/\/graficaarejano.com.br\/site\/wp-json\/wp\/v2\/product_cat?post=2126"},{"taxonomy":"product_tag","embeddable":true,"href":"https:\/\/graficaarejano.com.br\/site\/wp-json\/wp\/v2\/product_tag?post=2126"}],"curies":[{"name":"wp","href":"https:\/\/api.w.org\/{rel}","templated":true}]}}