{"id":2176,"date":"2021-12-11T15:57:06","date_gmt":"2021-12-11T18:57:06","guid":{"rendered":"https:\/\/graficaarejano.com.br\/site\/?post_type=product&#038;p=2176"},"modified":"2026-01-16T14:32:12","modified_gmt":"2026-01-16T17:32:12","slug":"banners","status":"publish","type":"product","link":"https:\/\/graficaarejano.com.br\/site\/produto\/banners\/","title":{"rendered":"Roll Up"},"content":{"rendered":"<div class=\"text-group\">\n<p data-start=\"181\" data-end=\"620\">O <strong data-start=\"183\" data-end=\"220\">Banner Roll Up da Gr\u00e1fica Arejano<\/strong> \u00e9 a solu\u00e7\u00e3o perfeita para quem busca <strong data-start=\"258\" data-end=\"304\">impacto visual, praticidade e durabilidade<\/strong> em um \u00fanico produto.<br data-start=\"325\" data-end=\"328\" \/>Produzido em <strong data-start=\"341\" data-end=\"366\">lona fotogr\u00e1fica 280g<\/strong>, com <strong data-start=\"372\" data-end=\"408\">impress\u00e3o em alt\u00edssima resolu\u00e7\u00e3o<\/strong>, o resultado \u00e9 uma imagem vibrante, com cores vivas, contraste intenso e acabamento impec\u00e1vel \u2014 ideal para <strong data-start=\"516\" data-end=\"618\">eventos, feiras, recep\u00e7\u00f5es, pontos de venda, apresenta\u00e7\u00f5es corporativas ou campanhas promocionais.<\/strong><\/p>\n<p data-start=\"622\" data-end=\"681\">O conjunto acompanha <strong data-start=\"643\" data-end=\"665\">estrutura completa<\/strong> composta por:<\/p>\n<ul data-start=\"682\" data-end=\"883\">\n<li data-start=\"682\" data-end=\"738\">\n<p data-start=\"684\" data-end=\"738\"><strong data-start=\"684\" data-end=\"716\">Suporte retr\u00e1til em alum\u00ednio<\/strong>, leve e resistente;<\/p>\n<\/li>\n<li data-start=\"739\" data-end=\"806\">\n<p data-start=\"741\" data-end=\"806\"><strong data-start=\"741\" data-end=\"765\">Haste de sustenta\u00e7\u00e3o<\/strong>, que mant\u00e9m o banner esticado e firme;<\/p>\n<\/li>\n<li data-start=\"807\" data-end=\"883\">\n<p data-start=\"809\" data-end=\"883\"><strong data-start=\"809\" data-end=\"832\">Bolsa de transporte<\/strong>, que garante prote\u00e7\u00e3o e facilita o deslocamento.<\/p>\n<\/li>\n<\/ul>\n<p data-start=\"885\" data-end=\"1050\">O tamanho padr\u00e3o de <strong data-start=\"905\" data-end=\"918\">80&#215;200 cm<\/strong> proporciona excelente visibilidade em qualquer ambiente, transmitindo profissionalismo e eleg\u00e2ncia ao seu material de divulga\u00e7\u00e3o.<\/p>\n<\/div>\n","protected":false},"excerpt":{"rendered":"<p>O Banner Roll Up da Gr\u00e1fica Arejano \u00e9 a solu\u00e7\u00e3o perfeita para quem busca impacto visual, praticidade e durabilidade em um \u00fanico produto.Produzido em lona fotogr\u00e1fica 280g, com impress\u00e3o em alt\u00edssima resolu\u00e7\u00e3o, o resultado \u00e9 uma imagem vibrante, com cores vivas, contraste intenso e acabamento impec\u00e1vel \u2014 ideal para eventos, feiras, recep\u00e7\u00f5es, pontos de venda, [&hellip;]<\/p>\n","protected":false},"featured_media":9513,"comment_status":"open","ping_status":"closed","template":"","meta":[],"product_brand":[],"product_cat":[449,649],"product_tag":[],"class_list":{"0":"post-2176","1":"product","2":"type-product","3":"status-publish","4":"has-post-thumbnail","6":"product_cat-banners-e-lonas","7":"product_cat-fast-food","9":"first","10":"instock","11":"shipping-taxable","12":"purchasable","13":"product-type-variable"},"acf":[],"jetpack_sharing_enabled":true,"_links":{"self":[{"href":"https:\/\/graficaarejano.com.br\/site\/wp-json\/wp\/v2\/product\/2176","targetHints":{"allow":["GET"]}}],"collection":[{"href":"https:\/\/graficaarejano.com.br\/site\/wp-json\/wp\/v2\/product"}],"about":[{"href":"https:\/\/graficaarejano.com.br\/site\/wp-json\/wp\/v2\/types\/product"}],"replies":[{"embeddable":true,"href":"https:\/\/graficaarejano.com.br\/site\/wp-json\/wp\/v2\/comments?post=2176"}],"wp:featuredmedia":[{"embeddable":true,"href":"https:\/\/graficaarejano.com.br\/site\/wp-json\/wp\/v2\/media\/9513"}],"wp:attachment":[{"href":"https:\/\/graficaarejano.com.br\/site\/wp-json\/wp\/v2\/media?parent=2176"}],"wp:term":[{"taxonomy":"product_brand","embeddable":true,"href":"https:\/\/graficaarejano.com.br\/site\/wp-json\/wp\/v2\/product_brand?post=2176"},{"taxonomy":"product_cat","embeddable":true,"href":"https:\/\/graficaarejano.com.br\/site\/wp-json\/wp\/v2\/product_cat?post=2176"},{"taxonomy":"product_tag","embeddable":true,"href":"https:\/\/graficaarejano.com.br\/site\/wp-json\/wp\/v2\/product_tag?post=2176"}],"curies":[{"name":"wp","href":"https:\/\/api.w.org\/{rel}","templated":true}]}}