{"id":222,"date":"2021-07-27T18:27:43","date_gmt":"2021-07-27T21:27:43","guid":{"rendered":"https:\/\/graficaarejano.com.br\/site\/?post_type=product&#038;p=222"},"modified":"2026-02-21T13:54:40","modified_gmt":"2026-02-21T16:54:40","slug":"cartao-de-visita-couche-250g","status":"publish","type":"product","link":"https:\/\/graficaarejano.com.br\/site\/produto\/cartao-de-visita-couche-250g\/","title":{"rendered":"Cart\u00e3o de Visita Simples &#8211; Couch\u00ea 250g"},"content":{"rendered":"<p data-start=\"130\" data-end=\"443\">O <strong data-start=\"132\" data-end=\"176\">Cart\u00e3o de Visitas Simples em Couch\u00ea 250g<\/strong> \u00e9 a op\u00e7\u00e3o ideal para quem busca praticidade, custo-benef\u00edcio e apresenta\u00e7\u00e3o profissional. Produzido em papel couch\u00ea 250g, ele oferece excelente qualidade de impress\u00e3o, cores vivas e bom n\u00edvel de rigidez, garantindo um material resistente e elegante para o dia a dia.<\/p>\n<p data-start=\"445\" data-end=\"648\">Esse modelo \u00e9 indicado para profissionais, empresas e empreendedores que desejam divulgar seus contatos de forma eficiente, com visual limpo e direto, mantendo credibilidade e organiza\u00e7\u00e3o na comunica\u00e7\u00e3o.<\/p>\n<p data-start=\"650\" data-end=\"785\">O papel couch\u00ea proporciona \u00f3tima reprodu\u00e7\u00e3o de imagens e textos, permitindo um acabamento visual bem definido, com excelente contraste.<\/p>\n","protected":false},"excerpt":{"rendered":"<p>O Cart\u00e3o de Visitas Simples em Couch\u00ea 250g \u00e9 a op\u00e7\u00e3o ideal para quem busca praticidade, custo-benef\u00edcio e apresenta\u00e7\u00e3o profissional. Produzido em papel couch\u00ea 250g, ele oferece excelente qualidade de impress\u00e3o, cores vivas e bom n\u00edvel de rigidez, garantindo um material resistente e elegante para o dia a dia. Esse modelo \u00e9 indicado para profissionais, [&hellip;]<\/p>\n","protected":false},"featured_media":10503,"comment_status":"open","ping_status":"closed","template":"","meta":[],"product_brand":[],"product_cat":[53],"product_tag":[],"class_list":{"0":"post-222","1":"product","2":"type-product","3":"status-publish","4":"has-post-thumbnail","6":"product_cat-cartoes-de-visita","8":"first","9":"instock","10":"shipping-taxable","11":"purchasable","12":"product-type-variable","13":"has-default-attributes"},"acf":[],"_links":{"self":[{"href":"https:\/\/graficaarejano.com.br\/site\/wp-json\/wp\/v2\/product\/222","targetHints":{"allow":["GET"]}}],"collection":[{"href":"https:\/\/graficaarejano.com.br\/site\/wp-json\/wp\/v2\/product"}],"about":[{"href":"https:\/\/graficaarejano.com.br\/site\/wp-json\/wp\/v2\/types\/product"}],"replies":[{"embeddable":true,"href":"https:\/\/graficaarejano.com.br\/site\/wp-json\/wp\/v2\/comments?post=222"}],"wp:featuredmedia":[{"embeddable":true,"href":"https:\/\/graficaarejano.com.br\/site\/wp-json\/wp\/v2\/media\/10503"}],"wp:attachment":[{"href":"https:\/\/graficaarejano.com.br\/site\/wp-json\/wp\/v2\/media?parent=222"}],"wp:term":[{"taxonomy":"product_brand","embeddable":true,"href":"https:\/\/graficaarejano.com.br\/site\/wp-json\/wp\/v2\/product_brand?post=222"},{"taxonomy":"product_cat","embeddable":true,"href":"https:\/\/graficaarejano.com.br\/site\/wp-json\/wp\/v2\/product_cat?post=222"},{"taxonomy":"product_tag","embeddable":true,"href":"https:\/\/graficaarejano.com.br\/site\/wp-json\/wp\/v2\/product_tag?post=222"}],"curies":[{"name":"wp","href":"https:\/\/api.w.org\/{rel}","templated":true}]}}