{"id":2367,"date":"2021-12-13T15:47:46","date_gmt":"2021-12-13T18:47:46","guid":{"rendered":"https:\/\/graficaarejano.com.br\/site\/?post_type=product&#038;p=2367"},"modified":"2026-02-13T15:03:46","modified_gmt":"2026-02-13T18:03:46","slug":"cartoes-simples-holograficos","status":"publish","type":"product","link":"https:\/\/graficaarejano.com.br\/site\/produto\/cartoes-simples-holograficos\/","title":{"rendered":"Cart\u00e3o de Visita Hologr\u00e1ficos"},"content":{"rendered":"<p data-start=\"227\" data-end=\"395\">O <strong data-start=\"229\" data-end=\"261\">Cart\u00e3o de Visita Hologr\u00e1fico<\/strong> \u00e9 a escolha ideal para quem deseja causar impacto imediato e transmitir modernidade, criatividade e ousadia logo no primeiro contato.<\/p>\n<p data-start=\"397\" data-end=\"657\">Produzido em <strong data-start=\"410\" data-end=\"431\">papel couch\u00ea 300g<\/strong>, oferece estrutura firme e excelente qualidade de impress\u00e3o. Recebe acabamento com <strong data-start=\"515\" data-end=\"540\">lamina\u00e7\u00e3o hologr\u00e1fica<\/strong>, que cria um efeito visual iridescente e multidimensional, refletindo diferentes cores conforme a incid\u00eancia de luz.<\/p>\n<p data-start=\"659\" data-end=\"969\">No tamanho padr\u00e3o <strong data-start=\"677\" data-end=\"689\">9 \u00d7 5 cm<\/strong>, mant\u00e9m o formato tradicional, mas com um diferencial visual marcante que se destaca facilmente entre cart\u00f5es convencionais. O efeito hologr\u00e1fico agrega alto valor percebido e transmite inova\u00e7\u00e3o, sendo ideal para marcas que desejam se posicionar de forma diferenciada no mercado.<\/p>\n<p data-start=\"971\" data-end=\"1074\">Al\u00e9m do apelo visual, a lamina\u00e7\u00e3o tamb\u00e9m protege o cart\u00e3o contra desgaste, aumentando sua durabilidade.<\/p>\n","protected":false},"excerpt":{"rendered":"<p>O Cart\u00e3o de Visita Hologr\u00e1fico \u00e9 a escolha ideal para quem deseja causar impacto imediato e transmitir modernidade, criatividade e ousadia logo no primeiro contato. Produzido em papel couch\u00ea 300g, oferece estrutura firme e excelente qualidade de impress\u00e3o. Recebe acabamento com lamina\u00e7\u00e3o hologr\u00e1fica, que cria um efeito visual iridescente e multidimensional, refletindo diferentes cores conforme [&hellip;]<\/p>\n","protected":false},"featured_media":2369,"comment_status":"open","ping_status":"closed","template":"","meta":[],"product_brand":[],"product_cat":[53,516],"product_tag":[],"class_list":{"0":"post-2367","1":"product","2":"type-product","3":"status-publish","4":"has-post-thumbnail","6":"product_cat-cartoes-de-visita","7":"product_cat-holograficos","9":"first","10":"instock","11":"shipping-taxable","12":"purchasable","13":"product-type-variable","14":"has-default-attributes"},"acf":[],"_links":{"self":[{"href":"https:\/\/graficaarejano.com.br\/site\/wp-json\/wp\/v2\/product\/2367","targetHints":{"allow":["GET"]}}],"collection":[{"href":"https:\/\/graficaarejano.com.br\/site\/wp-json\/wp\/v2\/product"}],"about":[{"href":"https:\/\/graficaarejano.com.br\/site\/wp-json\/wp\/v2\/types\/product"}],"replies":[{"embeddable":true,"href":"https:\/\/graficaarejano.com.br\/site\/wp-json\/wp\/v2\/comments?post=2367"}],"wp:featuredmedia":[{"embeddable":true,"href":"https:\/\/graficaarejano.com.br\/site\/wp-json\/wp\/v2\/media\/2369"}],"wp:attachment":[{"href":"https:\/\/graficaarejano.com.br\/site\/wp-json\/wp\/v2\/media?parent=2367"}],"wp:term":[{"taxonomy":"product_brand","embeddable":true,"href":"https:\/\/graficaarejano.com.br\/site\/wp-json\/wp\/v2\/product_brand?post=2367"},{"taxonomy":"product_cat","embeddable":true,"href":"https:\/\/graficaarejano.com.br\/site\/wp-json\/wp\/v2\/product_cat?post=2367"},{"taxonomy":"product_tag","embeddable":true,"href":"https:\/\/graficaarejano.com.br\/site\/wp-json\/wp\/v2\/product_tag?post=2367"}],"curies":[{"name":"wp","href":"https:\/\/api.w.org\/{rel}","templated":true}]}}