{"id":2400,"date":"2021-12-14T10:18:15","date_gmt":"2021-12-14T13:18:15","guid":{"rendered":"https:\/\/graficaarejano.com.br\/site\/?post_type=product&#038;p=2400"},"modified":"2026-03-11T16:01:08","modified_gmt":"2026-03-11T19:01:08","slug":"foto-imas","status":"publish","type":"product","link":"https:\/\/graficaarejano.com.br\/site\/produto\/foto-imas\/","title":{"rendered":"Foto Im\u00e3s"},"content":{"rendered":"<p data-start=\"193\" data-end=\"395\">A <strong data-start=\"195\" data-end=\"221\">Foto Im\u00e3 personalizada<\/strong> \u00e9 uma maneira criativa e pr\u00e1tica de transformar fotos especiais em lembran\u00e7as que podem ser exibidas em superf\u00edcies met\u00e1licas, como geladeiras, arm\u00e1rios e quadros met\u00e1licos.<\/p>\n<p data-start=\"397\" data-end=\"603\">Muito utilizada para <strong data-start=\"418\" data-end=\"481\">lembran\u00e7as de eventos, presentes personalizados e decora\u00e7\u00e3o<\/strong>, a foto im\u00e3 permite que momentos importantes estejam sempre vis\u00edveis no dia a dia, trazendo um toque pessoal ao ambiente.<\/p>\n<p data-start=\"605\" data-end=\"787\">Al\u00e9m do valor afetivo, o produto tamb\u00e9m \u00e9 bastante utilizado por empresas como <strong data-start=\"684\" data-end=\"706\">brinde promocional<\/strong>, permitindo divulgar marcas, contatos ou campanhas de forma simples e eficiente.<\/p>\n<p data-start=\"789\" data-end=\"951\">Com impress\u00e3o de alta qualidade e base magn\u00e9tica, a foto im\u00e3 se fixa facilmente em superf\u00edcies met\u00e1licas, tornando-se uma lembran\u00e7a dur\u00e1vel, pr\u00e1tica e decorativa.<\/p>\n","protected":false},"excerpt":{"rendered":"<p>A Foto Im\u00e3 personalizada \u00e9 uma maneira criativa e pr\u00e1tica de transformar fotos especiais em lembran\u00e7as que podem ser exibidas em superf\u00edcies met\u00e1licas, como geladeiras, arm\u00e1rios e quadros met\u00e1licos. Muito utilizada para lembran\u00e7as de eventos, presentes personalizados e decora\u00e7\u00e3o, a foto im\u00e3 permite que momentos importantes estejam sempre vis\u00edveis no dia a dia, trazendo um [&hellip;]<\/p>\n","protected":false},"featured_media":2476,"comment_status":"open","ping_status":"closed","template":"","meta":[],"product_brand":[],"product_cat":[498,192],"product_tag":[],"class_list":{"0":"post-2400","1":"product","2":"type-product","3":"status-publish","4":"has-post-thumbnail","6":"product_cat-foto-produtos","7":"product_cat-imas","9":"first","10":"instock","11":"shipping-taxable","12":"purchasable","13":"product-type-variable","14":"has-default-attributes"},"acf":[],"jetpack_sharing_enabled":true,"_links":{"self":[{"href":"https:\/\/graficaarejano.com.br\/site\/wp-json\/wp\/v2\/product\/2400","targetHints":{"allow":["GET"]}}],"collection":[{"href":"https:\/\/graficaarejano.com.br\/site\/wp-json\/wp\/v2\/product"}],"about":[{"href":"https:\/\/graficaarejano.com.br\/site\/wp-json\/wp\/v2\/types\/product"}],"replies":[{"embeddable":true,"href":"https:\/\/graficaarejano.com.br\/site\/wp-json\/wp\/v2\/comments?post=2400"}],"wp:featuredmedia":[{"embeddable":true,"href":"https:\/\/graficaarejano.com.br\/site\/wp-json\/wp\/v2\/media\/2476"}],"wp:attachment":[{"href":"https:\/\/graficaarejano.com.br\/site\/wp-json\/wp\/v2\/media?parent=2400"}],"wp:term":[{"taxonomy":"product_brand","embeddable":true,"href":"https:\/\/graficaarejano.com.br\/site\/wp-json\/wp\/v2\/product_brand?post=2400"},{"taxonomy":"product_cat","embeddable":true,"href":"https:\/\/graficaarejano.com.br\/site\/wp-json\/wp\/v2\/product_cat?post=2400"},{"taxonomy":"product_tag","embeddable":true,"href":"https:\/\/graficaarejano.com.br\/site\/wp-json\/wp\/v2\/product_tag?post=2400"}],"curies":[{"name":"wp","href":"https:\/\/api.w.org\/{rel}","templated":true}]}}