{"id":2477,"date":"2021-12-14T15:39:49","date_gmt":"2021-12-14T18:39:49","guid":{"rendered":"https:\/\/graficaarejano.com.br\/site\/?post_type=product&#038;p=2477"},"modified":"2026-03-12T15:09:46","modified_gmt":"2026-03-12T18:09:46","slug":"marcadores-de-pagina","status":"publish","type":"product","link":"https:\/\/graficaarejano.com.br\/site\/produto\/marcadores-de-pagina\/","title":{"rendered":"Marcadores de P\u00e1gina"},"content":{"rendered":"<div class=\"text-group\">\n<p data-start=\"242\" data-end=\"444\">O <strong data-start=\"244\" data-end=\"302\">Marcador de P\u00e1gina em papel Couch\u00ea 250g ou Couch\u00ea 300g<\/strong> \u00e9 um material pr\u00e1tico, elegante e muito utilizado para acompanhar momentos de leitura, al\u00e9m de ser uma excelente op\u00e7\u00e3o de brinde promocional.<\/p>\n<p data-start=\"446\" data-end=\"751\">Produzido em papel couch\u00ea de alta qualidade, o marcador proporciona <strong data-start=\"514\" data-end=\"578\">excelente reprodu\u00e7\u00e3o de cores e \u00f3tima defini\u00e7\u00e3o de impress\u00e3o<\/strong>, garantindo um resultado visual atrativo e profissional. As gramaturas <strong data-start=\"650\" data-end=\"665\">250g e 300g<\/strong> oferecem boa resist\u00eancia e durabilidade, tornando o produto ideal para uso frequente.<\/p>\n<p data-start=\"753\" data-end=\"965\">Muito utilizado por <strong data-start=\"773\" data-end=\"835\">livrarias, editoras, escolas, eventos culturais e empresas<\/strong>, o marcador de p\u00e1gina \u00e9 um brinde \u00fatil que mant\u00e9m a marca, mensagem ou identidade visual sempre presente no cotidiano do usu\u00e1rio.<\/p>\n<p data-start=\"967\" data-end=\"1186\">Al\u00e9m da fun\u00e7\u00e3o pr\u00e1tica na leitura, o marcador tamb\u00e9m pode ser utilizado como <strong data-start=\"1044\" data-end=\"1128\">material promocional, lembran\u00e7a de eventos ou complemento em kits institucionais<\/strong>, agregando valor \u00e0 comunica\u00e7\u00e3o da empresa ou institui\u00e7\u00e3o.<\/p>\n<\/div>\n","protected":false},"excerpt":{"rendered":"<p>O Marcador de P\u00e1gina em papel Couch\u00ea 250g ou Couch\u00ea 300g \u00e9 um material pr\u00e1tico, elegante e muito utilizado para acompanhar momentos de leitura, al\u00e9m de ser uma excelente op\u00e7\u00e3o de brinde promocional. Produzido em papel couch\u00ea de alta qualidade, o marcador proporciona excelente reprodu\u00e7\u00e3o de cores e \u00f3tima defini\u00e7\u00e3o de impress\u00e3o, garantindo um resultado [&hellip;]<\/p>\n","protected":false},"featured_media":2488,"comment_status":"open","ping_status":"closed","template":"","meta":[],"product_brand":[],"product_cat":[512],"product_tag":[],"class_list":{"0":"post-2477","1":"product","2":"type-product","3":"status-publish","4":"has-post-thumbnail","6":"product_cat-marcadores-de-pagina","8":"first","9":"instock","10":"shipping-taxable","11":"purchasable","12":"product-type-variable","13":"has-default-attributes"},"acf":[],"jetpack_sharing_enabled":true,"_links":{"self":[{"href":"https:\/\/graficaarejano.com.br\/site\/wp-json\/wp\/v2\/product\/2477","targetHints":{"allow":["GET"]}}],"collection":[{"href":"https:\/\/graficaarejano.com.br\/site\/wp-json\/wp\/v2\/product"}],"about":[{"href":"https:\/\/graficaarejano.com.br\/site\/wp-json\/wp\/v2\/types\/product"}],"replies":[{"embeddable":true,"href":"https:\/\/graficaarejano.com.br\/site\/wp-json\/wp\/v2\/comments?post=2477"}],"wp:featuredmedia":[{"embeddable":true,"href":"https:\/\/graficaarejano.com.br\/site\/wp-json\/wp\/v2\/media\/2488"}],"wp:attachment":[{"href":"https:\/\/graficaarejano.com.br\/site\/wp-json\/wp\/v2\/media?parent=2477"}],"wp:term":[{"taxonomy":"product_brand","embeddable":true,"href":"https:\/\/graficaarejano.com.br\/site\/wp-json\/wp\/v2\/product_brand?post=2477"},{"taxonomy":"product_cat","embeddable":true,"href":"https:\/\/graficaarejano.com.br\/site\/wp-json\/wp\/v2\/product_cat?post=2477"},{"taxonomy":"product_tag","embeddable":true,"href":"https:\/\/graficaarejano.com.br\/site\/wp-json\/wp\/v2\/product_tag?post=2477"}],"curies":[{"name":"wp","href":"https:\/\/api.w.org\/{rel}","templated":true}]}}