{"id":2656,"date":"2021-12-16T10:15:00","date_gmt":"2021-12-16T13:15:00","guid":{"rendered":"https:\/\/graficaarejano.com.br\/site\/?post_type=product&#038;p=2656"},"modified":"2026-03-03T14:09:33","modified_gmt":"2026-03-03T17:09:33","slug":"caderneta-brochura","status":"publish","type":"product","link":"https:\/\/graficaarejano.com.br\/site\/produto\/caderneta-brochura\/","title":{"rendered":"Caderneta Brochura"},"content":{"rendered":"<p data-start=\"229\" data-end=\"349\">A <strong data-start=\"231\" data-end=\"253\">Caderneta Brochura<\/strong> \u00e9 uma solu\u00e7\u00e3o pr\u00e1tica, leve e econ\u00f4mica para quem busca organiza\u00e7\u00e3o com excelente apresenta\u00e7\u00e3o.<\/p>\n<p data-start=\"351\" data-end=\"599\">Produzida com capa em <strong data-start=\"373\" data-end=\"394\">papel couch\u00ea 250g<\/strong>, oferece \u00f3tima qualidade de impress\u00e3o, cores vivas e acabamento profissional. Sua estrutura brochura proporciona um visual limpo, compacto e funcional, ideal para uso di\u00e1rio, eventos e a\u00e7\u00f5es promocionais.<\/p>\n<p data-start=\"601\" data-end=\"758\">\u00c9 uma op\u00e7\u00e3o vers\u00e1til que atende desde empresas at\u00e9 escolas e campanhas publicit\u00e1rias, combinando custo-benef\u00edcio com personaliza\u00e7\u00e3o total da capa e do miolo.<\/p>\n<p data-start=\"760\" data-end=\"871\">Seja para uso interno ou como material promocional, a Caderneta Brochura \u00e9 uma escolha inteligente e eficiente.<\/p>\n<p><b>TIPO DE IMPRESS\u00c3O:<\/b>\u00a0DIGITAL.<br \/>\n<b><br \/>\nINFORMA\u00c7\u00d5ES IMPORTANTES:<\/b> Miolo com 48 folhas. N\u00e3o possui pauta, miolo personalizado com impress\u00e3o 1&#215;0 apenas na frente de cada folha.<\/p>\n<p><b><\/b><b>SOBRE A CADERNETA:<\/b>\u00a0A caderneta pode ser um local excelente para voc\u00ea anotar suas listas de tarefas. Voc\u00ea pode anotar todas as atividades que devem ser realizadas em um dia ou em uma semana. Ao finaliz\u00e1-las, pode ser interessante anotar o tempo gasto e as principais dificuldades encontradas.<\/p>\n","protected":false},"excerpt":{"rendered":"<p>A Caderneta Brochura \u00e9 uma solu\u00e7\u00e3o pr\u00e1tica, leve e econ\u00f4mica para quem busca organiza\u00e7\u00e3o com excelente apresenta\u00e7\u00e3o. Produzida com capa em papel couch\u00ea 250g, oferece \u00f3tima qualidade de impress\u00e3o, cores vivas e acabamento profissional. Sua estrutura brochura proporciona um visual limpo, compacto e funcional, ideal para uso di\u00e1rio, eventos e a\u00e7\u00f5es promocionais. \u00c9 uma op\u00e7\u00e3o [&hellip;]<\/p>\n","protected":false},"featured_media":2658,"comment_status":"open","ping_status":"closed","template":"","meta":[],"product_brand":[],"product_cat":[520],"product_tag":[],"class_list":{"0":"post-2656","1":"product","2":"type-product","3":"status-publish","4":"has-post-thumbnail","6":"product_cat-cadernetas","8":"first","9":"instock","10":"shipping-taxable","11":"purchasable","12":"product-type-variable","13":"has-default-attributes"},"acf":[],"jetpack_sharing_enabled":true,"_links":{"self":[{"href":"https:\/\/graficaarejano.com.br\/site\/wp-json\/wp\/v2\/product\/2656","targetHints":{"allow":["GET"]}}],"collection":[{"href":"https:\/\/graficaarejano.com.br\/site\/wp-json\/wp\/v2\/product"}],"about":[{"href":"https:\/\/graficaarejano.com.br\/site\/wp-json\/wp\/v2\/types\/product"}],"replies":[{"embeddable":true,"href":"https:\/\/graficaarejano.com.br\/site\/wp-json\/wp\/v2\/comments?post=2656"}],"wp:featuredmedia":[{"embeddable":true,"href":"https:\/\/graficaarejano.com.br\/site\/wp-json\/wp\/v2\/media\/2658"}],"wp:attachment":[{"href":"https:\/\/graficaarejano.com.br\/site\/wp-json\/wp\/v2\/media?parent=2656"}],"wp:term":[{"taxonomy":"product_brand","embeddable":true,"href":"https:\/\/graficaarejano.com.br\/site\/wp-json\/wp\/v2\/product_brand?post=2656"},{"taxonomy":"product_cat","embeddable":true,"href":"https:\/\/graficaarejano.com.br\/site\/wp-json\/wp\/v2\/product_cat?post=2656"},{"taxonomy":"product_tag","embeddable":true,"href":"https:\/\/graficaarejano.com.br\/site\/wp-json\/wp\/v2\/product_tag?post=2656"}],"curies":[{"name":"wp","href":"https:\/\/api.w.org\/{rel}","templated":true}]}}