{"id":2687,"date":"2021-12-16T12:32:18","date_gmt":"2021-12-16T15:32:18","guid":{"rendered":"https:\/\/graficaarejano.com.br\/site\/?post_type=product&#038;p=2687"},"modified":"2026-03-03T13:03:16","modified_gmt":"2026-03-03T16:03:16","slug":"caderneta-capa-flexivel-wire-o-hot-stamping","status":"publish","type":"product","link":"https:\/\/graficaarejano.com.br\/site\/produto\/caderneta-capa-flexivel-wire-o-hot-stamping\/","title":{"rendered":"Caderneta Capa Flex\u00edvel Wire-o Hot Stamping"},"content":{"rendered":"<p data-start=\"294\" data-end=\"424\">A <strong data-start=\"296\" data-end=\"347\">Caderneta Capa Flex\u00edvel Wire-o com Hot Stamping<\/strong> \u00e9 a uni\u00e3o perfeita entre eleg\u00e2ncia, praticidade e excelente custo-benef\u00edcio.<\/p>\n<p data-start=\"426\" data-end=\"696\">Produzida com <strong data-start=\"440\" data-end=\"461\">papel couch\u00ea 275g<\/strong>, essa vers\u00e3o oferece maior resist\u00eancia e firmeza em compara\u00e7\u00e3o \u00e0s capas convencionais, mantendo a flexibilidade necess\u00e1ria para uso pr\u00e1tico no dia a dia. A impress\u00e3o em alta qualidade garante cores vibrantes e acabamento profissional.<\/p>\n<p data-start=\"698\" data-end=\"902\">O grande diferencial est\u00e1 no <strong data-start=\"727\" data-end=\"743\">Hot Stamping<\/strong>, que aplica um efeito met\u00e1lico sofisticado (dourado, prata, cobre ou hologr\u00e1fico), proporcionando brilho e destaque \u00e0 logomarca ou elementos gr\u00e1ficos da capa.<\/p>\n<p data-start=\"904\" data-end=\"1045\">A encaderna\u00e7\u00e3o <strong data-start=\"919\" data-end=\"951\">Wire-o <\/strong>permite abertura total em 360\u00b0, facilitando o manuseio e tornando a escrita mais confort\u00e1vel.<\/p>\n<p data-start=\"1047\" data-end=\"1154\">\u00c9 um produto moderno, leve e altamente vers\u00e1til \u2014 ideal para uso corporativo, eventos e a\u00e7\u00f5es promocionais.<\/p>\n<p><b>TIPO DE IMPRESS\u00c3O:<\/b>\u00a0DIGITAL.<br \/>\n<b><br \/>\nINFORMA\u00c7\u00d5ES IMPORTANTES:<\/b> Miolo com 48 folhas. N\u00e3o possui pauta, miolo personalizado com impress\u00e3o 1&#215;0 apenas na frente de cada folha.<br \/>\nLamina\u00e7\u00e3o Hot Stamping apenas na capa.<\/p>\n<p><b><\/b><b>SOBRE A CADERNETA:<\/b>\u00a0A caderneta pode ser um local excelente para voc\u00ea anotar suas listas de tarefas. Voc\u00ea pode anotar todas as atividades que devem ser realizadas em um dia ou em uma semana. Ao finaliz\u00e1-las, pode ser interessante anotar o tempo gasto e as principais dificuldades encontradas.<\/p>\n","protected":false},"excerpt":{"rendered":"<p>A Caderneta Capa Flex\u00edvel Wire-o com Hot Stamping \u00e9 a uni\u00e3o perfeita entre eleg\u00e2ncia, praticidade e excelente custo-benef\u00edcio. Produzida com papel couch\u00ea 275g, essa vers\u00e3o oferece maior resist\u00eancia e firmeza em compara\u00e7\u00e3o \u00e0s capas convencionais, mantendo a flexibilidade necess\u00e1ria para uso pr\u00e1tico no dia a dia. A impress\u00e3o em alta qualidade garante cores vibrantes e [&hellip;]<\/p>\n","protected":false},"featured_media":2688,"comment_status":"open","ping_status":"closed","template":"","meta":[],"product_brand":[],"product_cat":[520,162],"product_tag":[],"class_list":{"0":"post-2687","1":"product","2":"type-product","3":"status-publish","4":"has-post-thumbnail","6":"product_cat-cadernetas","7":"product_cat-hot-stamping","9":"first","10":"instock","11":"shipping-taxable","12":"purchasable","13":"product-type-variable","14":"has-default-attributes"},"acf":[],"jetpack_sharing_enabled":true,"_links":{"self":[{"href":"https:\/\/graficaarejano.com.br\/site\/wp-json\/wp\/v2\/product\/2687","targetHints":{"allow":["GET"]}}],"collection":[{"href":"https:\/\/graficaarejano.com.br\/site\/wp-json\/wp\/v2\/product"}],"about":[{"href":"https:\/\/graficaarejano.com.br\/site\/wp-json\/wp\/v2\/types\/product"}],"replies":[{"embeddable":true,"href":"https:\/\/graficaarejano.com.br\/site\/wp-json\/wp\/v2\/comments?post=2687"}],"wp:featuredmedia":[{"embeddable":true,"href":"https:\/\/graficaarejano.com.br\/site\/wp-json\/wp\/v2\/media\/2688"}],"wp:attachment":[{"href":"https:\/\/graficaarejano.com.br\/site\/wp-json\/wp\/v2\/media?parent=2687"}],"wp:term":[{"taxonomy":"product_brand","embeddable":true,"href":"https:\/\/graficaarejano.com.br\/site\/wp-json\/wp\/v2\/product_brand?post=2687"},{"taxonomy":"product_cat","embeddable":true,"href":"https:\/\/graficaarejano.com.br\/site\/wp-json\/wp\/v2\/product_cat?post=2687"},{"taxonomy":"product_tag","embeddable":true,"href":"https:\/\/graficaarejano.com.br\/site\/wp-json\/wp\/v2\/product_tag?post=2687"}],"curies":[{"name":"wp","href":"https:\/\/api.w.org\/{rel}","templated":true}]}}