{"id":2696,"date":"2021-12-16T14:27:32","date_gmt":"2021-12-16T17:27:32","guid":{"rendered":"https:\/\/graficaarejano.com.br\/site\/?post_type=product&#038;p=2696"},"modified":"2026-03-03T12:31:46","modified_gmt":"2026-03-03T15:31:46","slug":"caderneta-brochura-hot-stamping","status":"publish","type":"product","link":"https:\/\/graficaarejano.com.br\/site\/produto\/caderneta-brochura-hot-stamping\/","title":{"rendered":"Caderneta Brochura Hot Stamping"},"content":{"rendered":"<p data-start=\"262\" data-end=\"392\">A <strong data-start=\"264\" data-end=\"303\">Caderneta Brochura com Hot Stamping<\/strong> \u00e9 a escolha ideal para quem busca eleg\u00e2ncia, personaliza\u00e7\u00e3o e excelente custo-benef\u00edcio.<\/p>\n<p data-start=\"394\" data-end=\"728\">Produzida com capa em <strong data-start=\"416\" data-end=\"437\">papel couch\u00ea 250g<\/strong>, ela oferece \u00f3tima resist\u00eancia e excelente qualidade de impress\u00e3o, garantindo cores vivas e acabamento refinado. O grande diferencial est\u00e1 no <strong data-start=\"580\" data-end=\"596\">Hot Stamping<\/strong>, t\u00e9cnica que aplica um acabamento met\u00e1lico sofisticado (dourado, prata, cobre ou hologr\u00e1fico), agregando brilho e destaque \u00e0 marca.<\/p>\n<p data-start=\"730\" data-end=\"914\">A encaderna\u00e7\u00e3o brochura (costurada ou grampeada conforme projeto) proporciona um visual mais limpo, compacto e profissional, ideal para a\u00e7\u00f5es corporativas, brindes e uso institucional.<\/p>\n<p data-start=\"916\" data-end=\"976\">\u00c9 uma caderneta vers\u00e1til, funcional e com apar\u00eancia premium.<br \/>\n<b><br \/>\nINFORMA\u00c7\u00d5ES IMPORTANTES:<\/b> Miolo com 48 folhas. N\u00e3o possui pauta, miolo personalizado com impress\u00e3o 1&#215;0 apenas na frente de cada folha.<br \/>\nLamina\u00e7\u00e3o Hot stamping apenas na capa.<\/p>\n<p><b><\/b><b>SOBRE A CADERNETA:<\/b>\u00a0A caderneta pode ser um local excelente para voc\u00ea anotar suas listas de tarefas. Voc\u00ea pode anotar todas as atividades que devem ser realizadas em um dia ou em uma semana. Ao finaliz\u00e1-las, pode ser interessante anotar o tempo gasto e as principais dificuldades encontradas.<\/p>\n","protected":false},"excerpt":{"rendered":"<p>A Caderneta Brochura com Hot Stamping \u00e9 a escolha ideal para quem busca eleg\u00e2ncia, personaliza\u00e7\u00e3o e excelente custo-benef\u00edcio. Produzida com capa em papel couch\u00ea 250g, ela oferece \u00f3tima resist\u00eancia e excelente qualidade de impress\u00e3o, garantindo cores vivas e acabamento refinado. O grande diferencial est\u00e1 no Hot Stamping, t\u00e9cnica que aplica um acabamento met\u00e1lico sofisticado (dourado, [&hellip;]<\/p>\n","protected":false},"featured_media":2700,"comment_status":"open","ping_status":"closed","template":"","meta":[],"product_brand":[],"product_cat":[520,162],"product_tag":[],"class_list":{"0":"post-2696","1":"product","2":"type-product","3":"status-publish","4":"has-post-thumbnail","6":"product_cat-cadernetas","7":"product_cat-hot-stamping","9":"first","10":"instock","11":"shipping-taxable","12":"purchasable","13":"product-type-variable","14":"has-default-attributes"},"acf":[],"jetpack_sharing_enabled":true,"_links":{"self":[{"href":"https:\/\/graficaarejano.com.br\/site\/wp-json\/wp\/v2\/product\/2696","targetHints":{"allow":["GET"]}}],"collection":[{"href":"https:\/\/graficaarejano.com.br\/site\/wp-json\/wp\/v2\/product"}],"about":[{"href":"https:\/\/graficaarejano.com.br\/site\/wp-json\/wp\/v2\/types\/product"}],"replies":[{"embeddable":true,"href":"https:\/\/graficaarejano.com.br\/site\/wp-json\/wp\/v2\/comments?post=2696"}],"wp:featuredmedia":[{"embeddable":true,"href":"https:\/\/graficaarejano.com.br\/site\/wp-json\/wp\/v2\/media\/2700"}],"wp:attachment":[{"href":"https:\/\/graficaarejano.com.br\/site\/wp-json\/wp\/v2\/media?parent=2696"}],"wp:term":[{"taxonomy":"product_brand","embeddable":true,"href":"https:\/\/graficaarejano.com.br\/site\/wp-json\/wp\/v2\/product_brand?post=2696"},{"taxonomy":"product_cat","embeddable":true,"href":"https:\/\/graficaarejano.com.br\/site\/wp-json\/wp\/v2\/product_cat?post=2696"},{"taxonomy":"product_tag","embeddable":true,"href":"https:\/\/graficaarejano.com.br\/site\/wp-json\/wp\/v2\/product_tag?post=2696"}],"curies":[{"name":"wp","href":"https:\/\/api.w.org\/{rel}","templated":true}]}}