{"id":2701,"date":"2021-12-16T15:06:32","date_gmt":"2021-12-16T18:06:32","guid":{"rendered":"https:\/\/graficaarejano.com.br\/site\/?post_type=product&#038;p=2701"},"modified":"2026-03-03T12:13:41","modified_gmt":"2026-03-03T15:13:41","slug":"caderneta-capa-dura-hot-stamping","status":"publish","type":"product","link":"https:\/\/graficaarejano.com.br\/site\/produto\/caderneta-capa-dura-hot-stamping\/","title":{"rendered":"Caderneta Capa Dura Wire-o Hot Stamping"},"content":{"rendered":"<p data-start=\"327\" data-end=\"463\">A <strong data-start=\"329\" data-end=\"376\">Caderneta Capa Dura Wire-o com Hot Stamping<\/strong> \u00e9 a combina\u00e7\u00e3o perfeita entre eleg\u00e2ncia, resist\u00eancia e personaliza\u00e7\u00e3o de alto impacto.<\/p>\n<p data-start=\"465\" data-end=\"780\">Produzida com capa em <strong data-start=\"487\" data-end=\"508\">papel couch\u00ea 150g<\/strong>, aplicada sobre base r\u00edgida para garantir firmeza e durabilidade, essa caderneta recebe acabamento especial em <strong data-start=\"620\" data-end=\"636\">Hot Stamping<\/strong>, que proporciona um efeito met\u00e1lico sofisticado (dourado, prata, cobre ou hologr\u00e1fico), elevando instantaneamente o valor percebido do produto.<\/p>\n<p data-start=\"782\" data-end=\"933\">O sistema <strong data-start=\"792\" data-end=\"841\">Wire-o (encaderna\u00e7\u00e3o com duplo anel met\u00e1lico)<\/strong> permite abertura total em 360\u00b0, facilitando o manuseio, escrita e organiza\u00e7\u00e3o do dia a dia.<\/p>\n<p data-start=\"935\" data-end=\"1071\">\u00c9 ideal para empresas que desejam fortalecer sua marca, presentear clientes ou oferecer materiais institucionais com acabamento premium.<\/p>\n<p><b>TAMANHO FINAL DO PRODUTO:<\/b> 15 x 21 cm aproximadamente.<\/p>\n<p><b>TIPO DE IMPRESS\u00c3O:<\/b>\u00a0DIGITAL.<br \/>\n<b><br \/>\nINFORMA\u00c7\u00d5ES IMPORTANTES:<\/b> Miolo com 48 folhas. N\u00e3o possui pauta, miolo personalizado com impress\u00e3o 1&#215;0 apenas na frente de cada folha.<br \/>\nLamina\u00e7\u00e3o Hot stamping apenas na capa.<\/p>\n<p><b><\/b><b>SOBRE A CADERNETA:<\/b>\u00a0A caderneta pode ser um local excelente para voc\u00ea anotar suas listas de tarefas. Voc\u00ea pode anotar todas as atividades que devem ser realizadas em um dia ou em uma semana. Ao finaliz\u00e1-las, pode ser interessante anotar o tempo gasto e as principais dificuldades encontradas.<\/p>\n","protected":false},"excerpt":{"rendered":"<p>A Caderneta Capa Dura Wire-o com Hot Stamping \u00e9 a combina\u00e7\u00e3o perfeita entre eleg\u00e2ncia, resist\u00eancia e personaliza\u00e7\u00e3o de alto impacto. Produzida com capa em papel couch\u00ea 150g, aplicada sobre base r\u00edgida para garantir firmeza e durabilidade, essa caderneta recebe acabamento especial em Hot Stamping, que proporciona um efeito met\u00e1lico sofisticado (dourado, prata, cobre ou hologr\u00e1fico), [&hellip;]<\/p>\n","protected":false},"featured_media":2828,"comment_status":"open","ping_status":"closed","template":"","meta":[],"product_brand":[],"product_cat":[520,162],"product_tag":[],"class_list":{"0":"post-2701","1":"product","2":"type-product","3":"status-publish","4":"has-post-thumbnail","6":"product_cat-cadernetas","7":"product_cat-hot-stamping","9":"first","10":"instock","11":"shipping-taxable","12":"purchasable","13":"product-type-variable","14":"has-default-attributes"},"acf":[],"jetpack_sharing_enabled":true,"_links":{"self":[{"href":"https:\/\/graficaarejano.com.br\/site\/wp-json\/wp\/v2\/product\/2701","targetHints":{"allow":["GET"]}}],"collection":[{"href":"https:\/\/graficaarejano.com.br\/site\/wp-json\/wp\/v2\/product"}],"about":[{"href":"https:\/\/graficaarejano.com.br\/site\/wp-json\/wp\/v2\/types\/product"}],"replies":[{"embeddable":true,"href":"https:\/\/graficaarejano.com.br\/site\/wp-json\/wp\/v2\/comments?post=2701"}],"wp:featuredmedia":[{"embeddable":true,"href":"https:\/\/graficaarejano.com.br\/site\/wp-json\/wp\/v2\/media\/2828"}],"wp:attachment":[{"href":"https:\/\/graficaarejano.com.br\/site\/wp-json\/wp\/v2\/media?parent=2701"}],"wp:term":[{"taxonomy":"product_brand","embeddable":true,"href":"https:\/\/graficaarejano.com.br\/site\/wp-json\/wp\/v2\/product_brand?post=2701"},{"taxonomy":"product_cat","embeddable":true,"href":"https:\/\/graficaarejano.com.br\/site\/wp-json\/wp\/v2\/product_cat?post=2701"},{"taxonomy":"product_tag","embeddable":true,"href":"https:\/\/graficaarejano.com.br\/site\/wp-json\/wp\/v2\/product_tag?post=2701"}],"curies":[{"name":"wp","href":"https:\/\/api.w.org\/{rel}","templated":true}]}}