{"id":2886,"date":"2021-12-24T08:53:17","date_gmt":"2021-12-24T11:53:17","guid":{"rendered":"https:\/\/graficaarejano.com.br\/site\/?post_type=product&#038;p=2886"},"modified":"2026-02-26T13:28:13","modified_gmt":"2026-02-26T16:28:13","slug":"adesivo-vitrine-circulo","status":"publish","type":"product","link":"https:\/\/graficaarejano.com.br\/site\/produto\/adesivo-vitrine-circulo\/","title":{"rendered":"Adesivo de Vitrine &#8211; C\u00edrculo"},"content":{"rendered":"<p data-start=\"175\" data-end=\"502\">O <strong data-start=\"177\" data-end=\"216\">Adesivo de Vitrine C\u00edrculo 40&#215;40 cm<\/strong> \u00e9 uma solu\u00e7\u00e3o pr\u00e1tica, vers\u00e1til e altamente eficiente para destacar promo\u00e7\u00f5es, campanhas sazonais ou informa\u00e7\u00f5es importantes na sua vitrine. Seu formato circular transmite organiza\u00e7\u00e3o, harmonia e foco visual, direcionando automaticamente a aten\u00e7\u00e3o do cliente para a mensagem principal.<\/p>\n<p data-start=\"504\" data-end=\"661\">Produzido em <strong data-start=\"517\" data-end=\"555\">vinil branco ou vinil transparente<\/strong>, oferece excelente qualidade de impress\u00e3o, cores vivas e \u00f3tima ader\u00eancia em superf\u00edcies lisas como vidro.<\/p>\n<ul data-start=\"663\" data-end=\"888\">\n<li data-start=\"663\" data-end=\"781\">\n<p data-start=\"665\" data-end=\"781\"><strong data-start=\"665\" data-end=\"681\">Vinil Branco<\/strong> \u2013 Ideal para quem busca maior impacto visual, contraste intenso e leitura facilitada \u00e0 dist\u00e2ncia.<\/p>\n<\/li>\n<li data-start=\"782\" data-end=\"888\">\n<p data-start=\"784\" data-end=\"888\"><strong data-start=\"784\" data-end=\"806\">Vinil Transparente<\/strong> \u2013 Perfeito para um visual mais discreto e elegante, integrando o design ao vidro.<\/p>\n<\/li>\n<\/ul>\n<p data-start=\"890\" data-end=\"1009\">Com tamanho de <strong data-start=\"905\" data-end=\"917\">40&#215;40 cm<\/strong>, \u00e9 ideal para vitrines menores, portas de vidro ou para composi\u00e7\u00f5es com m\u00faltiplos adesivos.<\/p>\n<div>\n<h2 class=\"title-page\">Onde utilizar os Adesivos C\u00edrculos?<\/h2>\n<div class=\"text-group\">\n<div>S\u00e3o variadas as finalidades poss\u00edveis para os Adesivos C\u00edrculos. Seu formato \u00e9 ideal para indicar\u00a0<b>informa\u00e7\u00f5es<\/b>\u00a0de servi\u00e7os prestados junto de valores, que podem ser escritos no c\u00edrculo menor. Este \u00e9 um exemplo de\u00a0<b>muitos usos<\/b>, j\u00e1 que os adesivos podem ser anexados em vitrines de lojas, indicando promo\u00e7\u00f5es, por exemplo. Eles podem tamb\u00e9m ser anexados em portas de vidro, externas ou internas ou em pain\u00e9is com superf\u00edcie lisa.<\/div>\n<\/div>\n<div>\n<h2 class=\"title-page\">Como criar Adesivos Personalizados?<\/h2>\n<div class=\"text-group\">\n<div>Neste caso, como s\u00e3o tr\u00eas adesivos em um \u00fanico gabarito, voc\u00ea poder\u00e1 personalizar os tr\u00eas de maneira diferente, mas tamb\u00e9m pode optar por padronizar a arte de todos eles. Fa\u00e7a o download do gabarito dos adesivos e crie a arte no CorelDraw. <b>No ato da compra voc\u00ea deve enviar os arquivos pelo site da Gr\u00e1fica Arejano.<\/b><\/div>\n<div>\n<h2><strong>Como enviar a arte personalizada para impress\u00e3o?<\/strong><\/h2>\n<p>Se voc\u00ea j\u00e1 fez a arte dentro do padr\u00e3o\/gabarito disponibilizado no site,<strong>\u00a0basta nos enviar durante o processo de compra.<\/strong> Caso tenha d\u00favidas sobre o gabarito, voc\u00ea pode entra em contato pelo <strong>Whatsapp<\/strong>, assim poder\u00e1 ser esclarecido todas as d\u00favidas deste servi\u00e7o.<\/p>\n<\/div>\n<\/div>\n<\/div>\n<\/div>\n","protected":false},"excerpt":{"rendered":"<p>O Adesivo de Vitrine C\u00edrculo 40&#215;40 cm \u00e9 uma solu\u00e7\u00e3o pr\u00e1tica, vers\u00e1til e altamente eficiente para destacar promo\u00e7\u00f5es, campanhas sazonais ou informa\u00e7\u00f5es importantes na sua vitrine. Seu formato circular transmite organiza\u00e7\u00e3o, harmonia e foco visual, direcionando automaticamente a aten\u00e7\u00e3o do cliente para a mensagem principal. Produzido em vinil branco ou vinil transparente, oferece excelente qualidade [&hellip;]<\/p>\n","protected":false},"featured_media":5972,"comment_status":"open","ping_status":"closed","template":"","meta":[],"product_brand":[],"product_cat":[580],"product_tag":[],"class_list":{"0":"post-2886","1":"product","2":"type-product","3":"status-publish","4":"has-post-thumbnail","6":"product_cat-adesivos-de-vitrines","8":"first","9":"instock","10":"shipping-taxable","11":"purchasable","12":"product-type-variable","13":"has-default-attributes"},"acf":[],"jetpack_sharing_enabled":true,"_links":{"self":[{"href":"https:\/\/graficaarejano.com.br\/site\/wp-json\/wp\/v2\/product\/2886","targetHints":{"allow":["GET"]}}],"collection":[{"href":"https:\/\/graficaarejano.com.br\/site\/wp-json\/wp\/v2\/product"}],"about":[{"href":"https:\/\/graficaarejano.com.br\/site\/wp-json\/wp\/v2\/types\/product"}],"replies":[{"embeddable":true,"href":"https:\/\/graficaarejano.com.br\/site\/wp-json\/wp\/v2\/comments?post=2886"}],"wp:featuredmedia":[{"embeddable":true,"href":"https:\/\/graficaarejano.com.br\/site\/wp-json\/wp\/v2\/media\/5972"}],"wp:attachment":[{"href":"https:\/\/graficaarejano.com.br\/site\/wp-json\/wp\/v2\/media?parent=2886"}],"wp:term":[{"taxonomy":"product_brand","embeddable":true,"href":"https:\/\/graficaarejano.com.br\/site\/wp-json\/wp\/v2\/product_brand?post=2886"},{"taxonomy":"product_cat","embeddable":true,"href":"https:\/\/graficaarejano.com.br\/site\/wp-json\/wp\/v2\/product_cat?post=2886"},{"taxonomy":"product_tag","embeddable":true,"href":"https:\/\/graficaarejano.com.br\/site\/wp-json\/wp\/v2\/product_tag?post=2886"}],"curies":[{"name":"wp","href":"https:\/\/api.w.org\/{rel}","templated":true}]}}