{"id":2893,"date":"2021-12-24T09:10:16","date_gmt":"2021-12-24T12:10:16","guid":{"rendered":"https:\/\/graficaarejano.com.br\/site\/?post_type=product&#038;p=2893"},"modified":"2026-02-26T13:18:32","modified_gmt":"2026-02-26T16:18:32","slug":"adesivo-de-vitrine-circulos-de-natal","status":"publish","type":"product","link":"https:\/\/graficaarejano.com.br\/site\/produto\/adesivo-de-vitrine-circulos-de-natal\/","title":{"rendered":"Adesivo de Vitrine &#8211; C\u00edrculos de Natal"},"content":{"rendered":"<p data-start=\"198\" data-end=\"485\">O <strong data-start=\"200\" data-end=\"249\">Adesivo de Vitrine C\u00edrculos de Natal 55&#215;64 cm<\/strong> \u00e9 ideal para transformar sua vitrine em um verdadeiro cen\u00e1rio natalino. Com design em formato circular e tem\u00e1tica festiva, ele cria impacto visual imediato, refor\u00e7ando o esp\u00edrito de fim de ano e incentivando o p\u00fablico a entrar na loja.<\/p>\n<p data-start=\"487\" data-end=\"648\">Produzido em <strong data-start=\"500\" data-end=\"538\">vinil branco ou vinil transparente<\/strong>, oferece excelente qualidade de impress\u00e3o, cores vibrantes e \u00f3tima ader\u00eancia em superf\u00edcies lisas como vidro.<\/p>\n<ul data-start=\"650\" data-end=\"830\">\n<li data-start=\"650\" data-end=\"731\">\n<p data-start=\"652\" data-end=\"731\"><strong data-start=\"652\" data-end=\"668\">Vinil Branco<\/strong> \u2013 Ideal para maior contraste e destaque das cores natalinas.<\/p>\n<\/li>\n<li data-start=\"732\" data-end=\"830\">\n<p data-start=\"734\" data-end=\"830\"><strong data-start=\"734\" data-end=\"756\">Vinil Transparente<\/strong> \u2013 Permite integra\u00e7\u00e3o com o vidro, criando um efeito mais leve e elegante.<\/p>\n<\/li>\n<\/ul>\n<p data-start=\"832\" data-end=\"981\">Com tamanho de <strong data-start=\"847\" data-end=\"859\">55&#215;64 cm<\/strong>, \u00e9 perfeito para vitrines m\u00e9dias, podendo ser aplicado individualmente ou em composi\u00e7\u00e3o com outros elementos decorativos.<\/p>\n<div>\n<h2 class=\"title-page\">Qual o local ideal para fixar os Adesivos C\u00edrculos de Natal?<\/h2>\n<div class=\"text-group\">\n<div>Por apresentar uma durabilidade superior,\u00a0<b>os adesivos vin\u00edlicos podem ser fixados em fachadas ou vitrines de lojas ou diferentes empreendimentos<\/b>\u00a0do com\u00e9rcio para divulgar propagandas, promo\u00e7\u00f5es e informa\u00e7\u00f5es da empresa. No caso dos C\u00edrculos de Natal \u00e9 poss\u00edvel utiliz\u00e1-los para\u00a0<b>fazer publicidade de promo\u00e7\u00f5es e produtos desta \u00e9poca do ano<\/b>, como voc\u00ea tamb\u00e9m pode utilizar o gabarito para fazer impress\u00e3o de artes atemporais ou de outras celebra\u00e7\u00f5es.<\/div>\n<\/div>\n<div>\n<h2 class=\"title-page\">Como criar a arte gr\u00e1fica dos Adesivos C\u00edrculos de Natal?<\/h2>\n<div class=\"text-group\">\n<div>Para criar a arte gr\u00e1fica dos adesivos voc\u00ea precisa\u00a0<b>baixar o gabarito do produto.<\/b> Fa\u00e7a o download do arquivo no formato de prefer\u00eancia (CorelDraw). Ap\u00f3s ter baixado, <b>crie uma arte atraente<\/b>\u00a0para a finalidade que dar\u00e1 a ela e\u00a0<b>lembre-se de respeitar as linhas de seguran\u00e7a, de corte e sangra apresentadas no material.<\/b><\/div>\n<div>\n<h2><strong>Como enviar a arte personalizada para impress\u00e3o?<\/strong><\/h2>\n<p>Se voc\u00ea j\u00e1 fez a arte dentro do padr\u00e3o\/gabarito disponibilizado no site,<strong>\u00a0basta nos enviar durante o processo de compra.<\/strong> Caso tenha d\u00favidas sobre o gabarito, voc\u00ea pode entra em contato pelo <strong>Whatsapp<\/strong>, assim poder\u00e1 ser esclarecido todas as d\u00favidas deste servi\u00e7o.<\/p>\n<\/div>\n<\/div>\n<\/div>\n<\/div>\n","protected":false},"excerpt":{"rendered":"<p>O Adesivo de Vitrine C\u00edrculos de Natal 55&#215;64 cm \u00e9 ideal para transformar sua vitrine em um verdadeiro cen\u00e1rio natalino. Com design em formato circular e tem\u00e1tica festiva, ele cria impacto visual imediato, refor\u00e7ando o esp\u00edrito de fim de ano e incentivando o p\u00fablico a entrar na loja. Produzido em vinil branco ou vinil transparente, [&hellip;]<\/p>\n","protected":false},"featured_media":5973,"comment_status":"open","ping_status":"closed","template":"","meta":[],"product_brand":[],"product_cat":[580],"product_tag":[],"class_list":{"0":"post-2893","1":"product","2":"type-product","3":"status-publish","4":"has-post-thumbnail","6":"product_cat-adesivos-de-vitrines","8":"first","9":"instock","10":"shipping-taxable","11":"purchasable","12":"product-type-variable","13":"has-default-attributes"},"acf":[],"jetpack_sharing_enabled":true,"_links":{"self":[{"href":"https:\/\/graficaarejano.com.br\/site\/wp-json\/wp\/v2\/product\/2893","targetHints":{"allow":["GET"]}}],"collection":[{"href":"https:\/\/graficaarejano.com.br\/site\/wp-json\/wp\/v2\/product"}],"about":[{"href":"https:\/\/graficaarejano.com.br\/site\/wp-json\/wp\/v2\/types\/product"}],"replies":[{"embeddable":true,"href":"https:\/\/graficaarejano.com.br\/site\/wp-json\/wp\/v2\/comments?post=2893"}],"wp:featuredmedia":[{"embeddable":true,"href":"https:\/\/graficaarejano.com.br\/site\/wp-json\/wp\/v2\/media\/5973"}],"wp:attachment":[{"href":"https:\/\/graficaarejano.com.br\/site\/wp-json\/wp\/v2\/media?parent=2893"}],"wp:term":[{"taxonomy":"product_brand","embeddable":true,"href":"https:\/\/graficaarejano.com.br\/site\/wp-json\/wp\/v2\/product_brand?post=2893"},{"taxonomy":"product_cat","embeddable":true,"href":"https:\/\/graficaarejano.com.br\/site\/wp-json\/wp\/v2\/product_cat?post=2893"},{"taxonomy":"product_tag","embeddable":true,"href":"https:\/\/graficaarejano.com.br\/site\/wp-json\/wp\/v2\/product_tag?post=2893"}],"curies":[{"name":"wp","href":"https:\/\/api.w.org\/{rel}","templated":true}]}}