{"id":2898,"date":"2021-12-24T09:32:23","date_gmt":"2021-12-24T12:32:23","guid":{"rendered":"https:\/\/graficaarejano.com.br\/site\/?post_type=product&#038;p=2898"},"modified":"2026-02-26T13:01:49","modified_gmt":"2026-02-26T16:01:49","slug":"adesivo-de-vitrine-coracao","status":"publish","type":"product","link":"https:\/\/graficaarejano.com.br\/site\/produto\/adesivo-de-vitrine-coracao\/","title":{"rendered":"Adesivo de Vitrine &#8211; Cora\u00e7\u00e3o"},"content":{"rendered":"<p data-start=\"187\" data-end=\"488\">O <strong data-start=\"189\" data-end=\"228\">Adesivo de Vitrine Cora\u00e7\u00e3o 59&#215;50 cm<\/strong> \u00e9 ideal para campanhas promocionais que envolvem emo\u00e7\u00e3o, carinho e conex\u00e3o com o p\u00fablico. Seu formato em cora\u00e7\u00e3o cria impacto imediato na vitrine, transmitindo sentimentos como amor, cuidado e valoriza\u00e7\u00e3o \u2014 perfeito para datas comemorativas e a\u00e7\u00f5es especiais.<\/p>\n<p data-start=\"490\" data-end=\"651\">Produzido em <strong data-start=\"503\" data-end=\"541\">vinil branco ou vinil transparente<\/strong>, oferece excelente qualidade de impress\u00e3o, cores vibrantes e \u00f3tima ader\u00eancia em superf\u00edcies lisas como vidro.<\/p>\n<ul data-start=\"653\" data-end=\"839\">\n<li data-start=\"653\" data-end=\"748\">\n<p data-start=\"655\" data-end=\"748\"><strong data-start=\"655\" data-end=\"671\">Vinil Branco<\/strong> \u2013 Proporciona maior destaque e contraste, ideal para promo\u00e7\u00f5es chamativas.<\/p>\n<\/li>\n<li data-start=\"749\" data-end=\"839\">\n<p data-start=\"751\" data-end=\"839\"><strong data-start=\"751\" data-end=\"773\">Vinil Transparente<\/strong> \u2013 Gera um visual mais leve e sofisticado, integrando-se ao vidro.<\/p>\n<\/li>\n<\/ul>\n<p data-start=\"841\" data-end=\"995\">Com tamanho de <strong data-start=\"856\" data-end=\"868\">59&#215;50 cm<\/strong>, possui excelente propor\u00e7\u00e3o para vitrines m\u00e9dias, podendo ser utilizado sozinho ou combinado com outros elementos decorativos.<\/p>\n<div class=\"text-group\">\n<div><\/div>\n<\/div>\n<div>\n<h2 class=\"title-page\">Como fazer uma arte gr\u00e1fica para meus adesivos cora\u00e7\u00f5es?<\/h2>\n<div class=\"text-group\">\n<div>Para produzir sua arte personalizada, primeiro v\u00e1 em\u00a0<b>\u201cPadr\u00f5es\u201d<\/b>\u00a0e fa\u00e7a o download do arquivo no formato de sua prefer\u00eancia\u00a0<b>(CorelDraw)<\/b>, depois solte sua criatividade para criar a arte.\u00a0<b>Lembre-se de ler as instru\u00e7\u00f5es<\/b> para que todas as cores fiquem dentro do padr\u00e3o e tamb\u00e9m quanto \u00e0s linhas de seguran\u00e7a, corte e sangra do material.<\/div>\n<\/div>\n<div>\n<h2 class=\"title-page\">Onde poderei utilizar meus adesivos cora\u00e7\u00f5es?<\/h2>\n<div class=\"text-group\">\n<div>Os adesivos cora\u00e7\u00f5es\u00a0<b>podem ser utilizados em qualquer superf\u00edcie plana<\/b>, embora sejam pensados para vitrines, podem tamb\u00e9m ser fixados em portas ou janelas de vidro (internas ou externas). Eles podem ser personalizados, portanto\u00a0<b>fica a crit\u00e9rio do cliente escolher onde coloc\u00e1-los.<\/b><\/div>\n<div>\n<h2><strong>Como enviar a arte personalizada para impress\u00e3o?<\/strong><\/h2>\n<p>Se voc\u00ea j\u00e1 fez a arte dentro do padr\u00e3o\/gabarito disponibilizado no site,<strong>\u00a0basta nos enviar durante o processo de compra.<\/strong> Caso tenha d\u00favidas sobre o gabarito, voc\u00ea pode entra em contato pelo <strong>Whatsapp<\/strong>, assim poder\u00e1 ser esclarecido todas as d\u00favidas deste servi\u00e7o.<\/p>\n<\/div>\n<\/div>\n<\/div>\n<\/div>\n","protected":false},"excerpt":{"rendered":"<p>O Adesivo de Vitrine Cora\u00e7\u00e3o 59&#215;50 cm \u00e9 ideal para campanhas promocionais que envolvem emo\u00e7\u00e3o, carinho e conex\u00e3o com o p\u00fablico. Seu formato em cora\u00e7\u00e3o cria impacto imediato na vitrine, transmitindo sentimentos como amor, cuidado e valoriza\u00e7\u00e3o \u2014 perfeito para datas comemorativas e a\u00e7\u00f5es especiais. Produzido em vinil branco ou vinil transparente, oferece excelente qualidade [&hellip;]<\/p>\n","protected":false},"featured_media":5974,"comment_status":"open","ping_status":"closed","template":"","meta":[],"product_brand":[],"product_cat":[580],"product_tag":[],"class_list":{"0":"post-2898","1":"product","2":"type-product","3":"status-publish","4":"has-post-thumbnail","6":"product_cat-adesivos-de-vitrines","8":"first","9":"instock","10":"shipping-taxable","11":"purchasable","12":"product-type-variable","13":"has-default-attributes"},"acf":[],"jetpack_sharing_enabled":true,"_links":{"self":[{"href":"https:\/\/graficaarejano.com.br\/site\/wp-json\/wp\/v2\/product\/2898","targetHints":{"allow":["GET"]}}],"collection":[{"href":"https:\/\/graficaarejano.com.br\/site\/wp-json\/wp\/v2\/product"}],"about":[{"href":"https:\/\/graficaarejano.com.br\/site\/wp-json\/wp\/v2\/types\/product"}],"replies":[{"embeddable":true,"href":"https:\/\/graficaarejano.com.br\/site\/wp-json\/wp\/v2\/comments?post=2898"}],"wp:featuredmedia":[{"embeddable":true,"href":"https:\/\/graficaarejano.com.br\/site\/wp-json\/wp\/v2\/media\/5974"}],"wp:attachment":[{"href":"https:\/\/graficaarejano.com.br\/site\/wp-json\/wp\/v2\/media?parent=2898"}],"wp:term":[{"taxonomy":"product_brand","embeddable":true,"href":"https:\/\/graficaarejano.com.br\/site\/wp-json\/wp\/v2\/product_brand?post=2898"},{"taxonomy":"product_cat","embeddable":true,"href":"https:\/\/graficaarejano.com.br\/site\/wp-json\/wp\/v2\/product_cat?post=2898"},{"taxonomy":"product_tag","embeddable":true,"href":"https:\/\/graficaarejano.com.br\/site\/wp-json\/wp\/v2\/product_tag?post=2898"}],"curies":[{"name":"wp","href":"https:\/\/api.w.org\/{rel}","templated":true}]}}