{"id":2910,"date":"2021-12-24T10:26:23","date_gmt":"2021-12-24T13:26:23","guid":{"rendered":"https:\/\/graficaarejano.com.br\/site\/?post_type=product&#038;p=2910"},"modified":"2026-02-26T12:28:34","modified_gmt":"2026-02-26T15:28:34","slug":"adesivo-de-vitrine-dia-dos-pais","status":"publish","type":"product","link":"https:\/\/graficaarejano.com.br\/site\/produto\/adesivo-de-vitrine-dia-dos-pais\/","title":{"rendered":"Adesivo de Vitrine &#8211; Dia dos Pais"},"content":{"rendered":"<h2 class=\"title-page\">O que vem no Kit de Adesivos Dia dos Pais?<\/h2>\n<div class=\"text-group\">\n<div>Em cada Kit est\u00e3o dispon\u00edveis\u00a0<b>tr\u00eas adesivos em formato de c\u00edrculo e um adesivo grande,<\/b>\u00a0todos com arte personaliz\u00e1vel. Como nesta op\u00e7\u00e3o s\u00e3o dois Kits, ser\u00e3o oito adesivos no total. Todos contam com cola adesiva na parte contr\u00e1ria \u00e0 impress\u00e3o, ent\u00e3o\u00a0<b>n\u00e3o \u00e9 necess\u00e1rio o uso de colas para a fixa\u00e7\u00e3o.<\/b><\/div>\n<\/div>\n<div>\n<p data-start=\"193\" data-end=\"528\">O <strong data-start=\"195\" data-end=\"241\">Adesivo de Vitrine Dia dos Pais 119&#215;114 cm<\/strong> \u00e9 a solu\u00e7\u00e3o ideal para transformar sua vitrine em um verdadeiro convite de compra durante uma das datas mais importantes do varejo. Com grande formato e forte apelo visual, ele ajuda a destacar promo\u00e7\u00f5es, kits especiais e campanhas tem\u00e1ticas, atraindo a aten\u00e7\u00e3o de quem passa pela loja.<\/p>\n<p data-start=\"530\" data-end=\"687\">Produzido em <strong data-start=\"543\" data-end=\"581\">vinil branco ou vinil transparente<\/strong>, oferece excelente qualidade de impress\u00e3o, cores vivas e \u00f3tima ader\u00eancia em superf\u00edcies lisas como vidro.<\/p>\n<ul data-start=\"689\" data-end=\"896\">\n<li data-start=\"689\" data-end=\"797\">\n<p data-start=\"691\" data-end=\"797\"><strong data-start=\"691\" data-end=\"707\">Vinil Branco<\/strong> \u2013 Proporciona fundo s\u00f3lido e cores mais intensas, ideal para campanhas de alto impacto.<\/p>\n<\/li>\n<li data-start=\"798\" data-end=\"896\">\n<p data-start=\"800\" data-end=\"896\"><strong data-start=\"800\" data-end=\"822\">Vinil Transparente<\/strong> \u2013 Permite integra\u00e7\u00e3o com o vidro, criando efeito mais leve e sofisticado.<\/p>\n<\/li>\n<\/ul>\n<p data-start=\"898\" data-end=\"1044\">Com tamanho de <strong data-start=\"913\" data-end=\"927\">119&#215;114 cm<\/strong>, possui excelente cobertura para vitrines maiores, garantindo destaque \u00e0 dist\u00e2ncia e aumentando o fluxo de clientes.<\/p>\n<div class=\"text-group\">\n<div>\n<h2><strong>Como enviar a arte personalizada para impress\u00e3o?<\/strong><\/h2>\n<p>Se voc\u00ea j\u00e1 fez a arte dentro do padr\u00e3o\/gabarito disponibilizado no site,<strong>\u00a0basta nos enviar durante o processo de compra.<\/strong> Caso tenha d\u00favidas sobre o gabarito, voc\u00ea pode entra em contato pelo <strong>Whatsapp<\/strong>, assim poder\u00e1 ser esclarecido todas as d\u00favidas deste servi\u00e7o.<\/p>\n<\/div>\n<\/div>\n<\/div>\n","protected":false},"excerpt":{"rendered":"<p>O que vem no Kit de Adesivos Dia dos Pais? Em cada Kit est\u00e3o dispon\u00edveis\u00a0tr\u00eas adesivos em formato de c\u00edrculo e um adesivo grande,\u00a0todos com arte personaliz\u00e1vel. Como nesta op\u00e7\u00e3o s\u00e3o dois Kits, ser\u00e3o oito adesivos no total. Todos contam com cola adesiva na parte contr\u00e1ria \u00e0 impress\u00e3o, ent\u00e3o\u00a0n\u00e3o \u00e9 necess\u00e1rio o uso de colas [&hellip;]<\/p>\n","protected":false},"featured_media":5976,"comment_status":"open","ping_status":"closed","template":"","meta":[],"product_brand":[],"product_cat":[580],"product_tag":[],"class_list":{"0":"post-2910","1":"product","2":"type-product","3":"status-publish","4":"has-post-thumbnail","6":"product_cat-adesivos-de-vitrines","8":"first","9":"instock","10":"shipping-taxable","11":"purchasable","12":"product-type-variable","13":"has-default-attributes"},"acf":[],"jetpack_sharing_enabled":true,"_links":{"self":[{"href":"https:\/\/graficaarejano.com.br\/site\/wp-json\/wp\/v2\/product\/2910","targetHints":{"allow":["GET"]}}],"collection":[{"href":"https:\/\/graficaarejano.com.br\/site\/wp-json\/wp\/v2\/product"}],"about":[{"href":"https:\/\/graficaarejano.com.br\/site\/wp-json\/wp\/v2\/types\/product"}],"replies":[{"embeddable":true,"href":"https:\/\/graficaarejano.com.br\/site\/wp-json\/wp\/v2\/comments?post=2910"}],"wp:featuredmedia":[{"embeddable":true,"href":"https:\/\/graficaarejano.com.br\/site\/wp-json\/wp\/v2\/media\/5976"}],"wp:attachment":[{"href":"https:\/\/graficaarejano.com.br\/site\/wp-json\/wp\/v2\/media?parent=2910"}],"wp:term":[{"taxonomy":"product_brand","embeddable":true,"href":"https:\/\/graficaarejano.com.br\/site\/wp-json\/wp\/v2\/product_brand?post=2910"},{"taxonomy":"product_cat","embeddable":true,"href":"https:\/\/graficaarejano.com.br\/site\/wp-json\/wp\/v2\/product_cat?post=2910"},{"taxonomy":"product_tag","embeddable":true,"href":"https:\/\/graficaarejano.com.br\/site\/wp-json\/wp\/v2\/product_tag?post=2910"}],"curies":[{"name":"wp","href":"https:\/\/api.w.org\/{rel}","templated":true}]}}