{"id":2913,"date":"2021-12-24T10:40:57","date_gmt":"2021-12-24T13:40:57","guid":{"rendered":"https:\/\/graficaarejano.com.br\/site\/?post_type=product&#038;p=2913"},"modified":"2026-02-26T10:39:51","modified_gmt":"2026-02-26T13:39:51","slug":"adesivo-de-vitrine-etiqueta","status":"publish","type":"product","link":"https:\/\/graficaarejano.com.br\/site\/produto\/adesivo-de-vitrine-etiqueta\/","title":{"rendered":"Adesivo de Vitrine &#8211; Etiqueta"},"content":{"rendered":"<p data-start=\"184\" data-end=\"473\">O <strong data-start=\"186\" data-end=\"234\">Adesivo de Vitrine Formato Etiqueta 59&#215;97 cm<\/strong> \u00e9 a escolha ideal para destacar promo\u00e7\u00f5es, campanhas e mensagens estrat\u00e9gicas diretamente na fachada da loja. Seu formato em estilo \u201cetiqueta\u201d chama aten\u00e7\u00e3o imediatamente, criando forte apelo visual e estimulando a curiosidade do p\u00fablico.<\/p>\n<p data-start=\"475\" data-end=\"654\">Produzido em <strong data-start=\"488\" data-end=\"526\">vinil branco ou vinil transparente<\/strong>, ele oferece excelente qualidade de impress\u00e3o, cores vibrantes e \u00f3tima resist\u00eancia para aplica\u00e7\u00e3o em vidro e superf\u00edcies lisas.<\/p>\n<ul data-start=\"656\" data-end=\"842\">\n<li data-start=\"656\" data-end=\"747\">\n<p data-start=\"658\" data-end=\"747\"><strong data-start=\"658\" data-end=\"674\">Vinil Branco<\/strong> \u2013 Proporciona cores mais intensas e fundo s\u00f3lido para maior contraste.<\/p>\n<\/li>\n<li data-start=\"748\" data-end=\"842\">\n<p data-start=\"750\" data-end=\"842\"><strong data-start=\"750\" data-end=\"772\">Vinil Transparente<\/strong> \u2013 Permite integra\u00e7\u00e3o com o vidro, criando efeito mais leve e moderno.<\/p>\n<\/li>\n<\/ul>\n<p data-start=\"844\" data-end=\"982\">Com tamanho de <strong data-start=\"859\" data-end=\"871\">59&#215;97 cm<\/strong>, possui excelente propor\u00e7\u00e3o para vitrines, garantindo destaque sem comprometer a visibilidade interna da loja.<\/p>\n<div>\n<h2 class=\"title-page\">Como fazer Adesivos Etiqueta?<\/h2>\n<div class=\"text-group\">\n<div>Para personalizar seus adesivos, voc\u00ea dever\u00e1\u00a0<b>fazer o download do gabarito\/padr\u00e3o no site<\/b>, produzir a arte gr\u00e1fica no formato de sua prefer\u00eancia (CorelDraw), lembrando de seguir todas as indica\u00e7\u00f5es e padr\u00f5es e, depois, enviar via site o arquivo finalizado.<\/div>\n<div>\n<h2><strong>Como enviar a arte personalizada para impress\u00e3o?<\/strong><\/h2>\n<p>Se voc\u00ea j\u00e1 fez a arte dentro do padr\u00e3o\/gabarito disponibilizado no site,<strong>\u00a0basta nos enviar durante o processo de compra.<\/strong> Caso tenha d\u00favidas sobre o gabarito, voc\u00ea pode entra em contato pelo <strong>Whatsapp<\/strong>, assim poder\u00e1 ser esclarecido todas as d\u00favidas deste servi\u00e7o.<\/p>\n<\/div>\n<\/div>\n<\/div>\n","protected":false},"excerpt":{"rendered":"<p>O Adesivo de Vitrine Formato Etiqueta 59&#215;97 cm \u00e9 a escolha ideal para destacar promo\u00e7\u00f5es, campanhas e mensagens estrat\u00e9gicas diretamente na fachada da loja. Seu formato em estilo \u201cetiqueta\u201d chama aten\u00e7\u00e3o imediatamente, criando forte apelo visual e estimulando a curiosidade do p\u00fablico. Produzido em vinil branco ou vinil transparente, ele oferece excelente qualidade de impress\u00e3o, [&hellip;]<\/p>\n","protected":false},"featured_media":5977,"comment_status":"open","ping_status":"closed","template":"","meta":[],"product_brand":[],"product_cat":[580],"product_tag":[],"class_list":{"0":"post-2913","1":"product","2":"type-product","3":"status-publish","4":"has-post-thumbnail","6":"product_cat-adesivos-de-vitrines","8":"first","9":"instock","10":"shipping-taxable","11":"purchasable","12":"product-type-variable","13":"has-default-attributes"},"acf":[],"jetpack_sharing_enabled":true,"_links":{"self":[{"href":"https:\/\/graficaarejano.com.br\/site\/wp-json\/wp\/v2\/product\/2913","targetHints":{"allow":["GET"]}}],"collection":[{"href":"https:\/\/graficaarejano.com.br\/site\/wp-json\/wp\/v2\/product"}],"about":[{"href":"https:\/\/graficaarejano.com.br\/site\/wp-json\/wp\/v2\/types\/product"}],"replies":[{"embeddable":true,"href":"https:\/\/graficaarejano.com.br\/site\/wp-json\/wp\/v2\/comments?post=2913"}],"wp:featuredmedia":[{"embeddable":true,"href":"https:\/\/graficaarejano.com.br\/site\/wp-json\/wp\/v2\/media\/5977"}],"wp:attachment":[{"href":"https:\/\/graficaarejano.com.br\/site\/wp-json\/wp\/v2\/media?parent=2913"}],"wp:term":[{"taxonomy":"product_brand","embeddable":true,"href":"https:\/\/graficaarejano.com.br\/site\/wp-json\/wp\/v2\/product_brand?post=2913"},{"taxonomy":"product_cat","embeddable":true,"href":"https:\/\/graficaarejano.com.br\/site\/wp-json\/wp\/v2\/product_cat?post=2913"},{"taxonomy":"product_tag","embeddable":true,"href":"https:\/\/graficaarejano.com.br\/site\/wp-json\/wp\/v2\/product_tag?post=2913"}],"curies":[{"name":"wp","href":"https:\/\/api.w.org\/{rel}","templated":true}]}}