{"id":2933,"date":"2021-12-24T11:32:23","date_gmt":"2021-12-24T14:32:23","guid":{"rendered":"https:\/\/graficaarejano.com.br\/site\/?post_type=product&#038;p=2933"},"modified":"2026-02-12T12:43:35","modified_gmt":"2026-02-12T15:43:35","slug":"adesivo-de-vitrine-losango","status":"publish","type":"product","link":"https:\/\/graficaarejano.com.br\/site\/produto\/adesivo-de-vitrine-losango\/","title":{"rendered":"Adesivo de Vitrine &#8211; Losango"},"content":{"rendered":"<p data-start=\"208\" data-end=\"377\">O <strong data-start=\"210\" data-end=\"249\">Adesivo de Vitrine Losango 59\u00d759 cm<\/strong> \u00e9 uma pe\u00e7a moderna e estrat\u00e9gica para destacar promo\u00e7\u00f5es, campanhas sazonais e mensagens institucionais com forte apelo visual.<\/p>\n<p data-start=\"379\" data-end=\"630\">Com formato em <strong data-start=\"394\" data-end=\"405\">losango<\/strong>, ele quebra o padr\u00e3o tradicional de comunica\u00e7\u00e3o retangular, criando um ponto focal diferenciado na vitrine. Seu tamanho de <strong data-start=\"529\" data-end=\"543\">59 \u00d7 59 cm<\/strong> proporciona excelente visibilidade, sendo ideal para leitura r\u00e1pida mesmo \u00e0 dist\u00e2ncia.<\/p>\n<p data-start=\"632\" data-end=\"803\">O design geom\u00e9trico transmite dinamismo, organiza\u00e7\u00e3o e destaque, tornando esse modelo perfeito para a\u00e7\u00f5es promocionais que exigem impacto visual sem ocupar toda a vitrine.<\/p>\n<div>\n<h2 class=\"title-page\">Como fazer Adesivos Losango?<\/h2>\n<div class=\"text-group\">\n<div>Para personalizar seus adesivos, voc\u00ea dever\u00e1\u00a0<b>fazer o download do gabarito\/padr\u00e3o no site<\/b>, produzir a arte gr\u00e1fica no formato de sua prefer\u00eancia (CorelDraw, Photoshop ou Illustrator), lembrando de seguir todas as indica\u00e7\u00f5es e padr\u00f5es e, depois, enviar via site o arquivo finalizado.<\/div>\n<\/div>\n<div>\n<h2><strong>Como enviar a arte personalizada para impress\u00e3o?<\/strong><\/h2>\n<p>Se voc\u00ea j\u00e1 fez a arte dentro do padr\u00e3o\/gabarito disponibilizado no site,<strong>\u00a0basta nos enviar durante o processo de compra.<\/strong> Caso tenha d\u00favidas sobre o gabarito, voc\u00ea pode entra em contato pelo <strong>Whatsapp<\/strong>, assim poder\u00e1 ser esclarecido todas as d\u00favidas deste servi\u00e7o.<\/p>\n<\/div>\n<\/div>\n","protected":false},"excerpt":{"rendered":"<p>O Adesivo de Vitrine Losango 59\u00d759 cm \u00e9 uma pe\u00e7a moderna e estrat\u00e9gica para destacar promo\u00e7\u00f5es, campanhas sazonais e mensagens institucionais com forte apelo visual. Com formato em losango, ele quebra o padr\u00e3o tradicional de comunica\u00e7\u00e3o retangular, criando um ponto focal diferenciado na vitrine. Seu tamanho de 59 \u00d7 59 cm proporciona excelente visibilidade, sendo [&hellip;]<\/p>\n","protected":false},"featured_media":5980,"comment_status":"open","ping_status":"closed","template":"","meta":[],"product_brand":[],"product_cat":[580],"product_tag":[],"class_list":{"0":"post-2933","1":"product","2":"type-product","3":"status-publish","4":"has-post-thumbnail","6":"product_cat-adesivos-de-vitrines","8":"first","9":"instock","10":"shipping-taxable","11":"purchasable","12":"product-type-variable","13":"has-default-attributes"},"acf":[],"jetpack_sharing_enabled":true,"_links":{"self":[{"href":"https:\/\/graficaarejano.com.br\/site\/wp-json\/wp\/v2\/product\/2933","targetHints":{"allow":["GET"]}}],"collection":[{"href":"https:\/\/graficaarejano.com.br\/site\/wp-json\/wp\/v2\/product"}],"about":[{"href":"https:\/\/graficaarejano.com.br\/site\/wp-json\/wp\/v2\/types\/product"}],"replies":[{"embeddable":true,"href":"https:\/\/graficaarejano.com.br\/site\/wp-json\/wp\/v2\/comments?post=2933"}],"wp:featuredmedia":[{"embeddable":true,"href":"https:\/\/graficaarejano.com.br\/site\/wp-json\/wp\/v2\/media\/5980"}],"wp:attachment":[{"href":"https:\/\/graficaarejano.com.br\/site\/wp-json\/wp\/v2\/media?parent=2933"}],"wp:term":[{"taxonomy":"product_brand","embeddable":true,"href":"https:\/\/graficaarejano.com.br\/site\/wp-json\/wp\/v2\/product_brand?post=2933"},{"taxonomy":"product_cat","embeddable":true,"href":"https:\/\/graficaarejano.com.br\/site\/wp-json\/wp\/v2\/product_cat?post=2933"},{"taxonomy":"product_tag","embeddable":true,"href":"https:\/\/graficaarejano.com.br\/site\/wp-json\/wp\/v2\/product_tag?post=2933"}],"curies":[{"name":"wp","href":"https:\/\/api.w.org\/{rel}","templated":true}]}}