{"id":2942,"date":"2021-12-24T11:56:03","date_gmt":"2021-12-24T14:56:03","guid":{"rendered":"https:\/\/graficaarejano.com.br\/site\/?post_type=product&#038;p=2942"},"modified":"2026-02-12T10:26:12","modified_gmt":"2026-02-12T13:26:12","slug":"adesivo-de-vitrine-nuvem","status":"publish","type":"product","link":"https:\/\/graficaarejano.com.br\/site\/produto\/adesivo-de-vitrine-nuvem\/","title":{"rendered":"Adesivo de Vitrine &#8211; Nuvem"},"content":{"rendered":"<p data-start=\"207\" data-end=\"408\">O <strong data-start=\"209\" data-end=\"247\">Adesivo de Vitrine Nuvem 119\u00d785 cm<\/strong> \u00e9 uma pe\u00e7a criativa e altamente atrativa, desenvolvida para destacar promo\u00e7\u00f5es, mensagens especiais e campanhas sazonais de forma leve e visualmente impactante.<\/p>\n<p data-start=\"410\" data-end=\"700\">Com formato org\u00e2nico inspirado em uma nuvem, ele foge do padr\u00e3o tradicional retangular e cria um efeito mais amig\u00e1vel, chamativo e moderno na vitrine. Suas dimens\u00f5es de <strong data-start=\"579\" data-end=\"594\">119 \u00d7 85 cm<\/strong> garantem excelente visibilidade, permitindo que a comunica\u00e7\u00e3o seja lida com facilidade mesmo \u00e0 dist\u00e2ncia.<\/p>\n<p data-start=\"702\" data-end=\"852\">Esse modelo \u00e9 ideal para quem deseja transmitir mensagens promocionais de maneira mais descontra\u00edda, sem perder o profissionalismo e o impacto visual.<\/p>\n<div>\n<h2 class=\"title-page\">Como enviar a arte personalizada para impress\u00e3o?<\/h2>\n<div class=\"text-group\">\n<div>Se voc\u00ea j\u00e1 fez a arte dentro do padr\u00e3o\/gabarito disponibilizado no site,<b>\u00a0basta nos enviar durante o processo de compra.<\/b> Caso tenha d\u00favidas sobre o gabarito, voc\u00ea pode entra em contato pelo <strong>Whatsapp<\/strong>, assim poder\u00e1 ser esclarecido todas as d\u00favidas deste servi\u00e7o.<\/div>\n<\/div>\n<\/div>\n","protected":false},"excerpt":{"rendered":"<p>O Adesivo de Vitrine Nuvem 119\u00d785 cm \u00e9 uma pe\u00e7a criativa e altamente atrativa, desenvolvida para destacar promo\u00e7\u00f5es, mensagens especiais e campanhas sazonais de forma leve e visualmente impactante. Com formato org\u00e2nico inspirado em uma nuvem, ele foge do padr\u00e3o tradicional retangular e cria um efeito mais amig\u00e1vel, chamativo e moderno na vitrine. Suas dimens\u00f5es [&hellip;]<\/p>\n","protected":false},"featured_media":5982,"comment_status":"open","ping_status":"closed","template":"","meta":[],"product_brand":[],"product_cat":[580],"product_tag":[],"class_list":{"0":"post-2942","1":"product","2":"type-product","3":"status-publish","4":"has-post-thumbnail","6":"product_cat-adesivos-de-vitrines","8":"first","9":"instock","10":"shipping-taxable","11":"purchasable","12":"product-type-variable","13":"has-default-attributes"},"acf":[],"jetpack_sharing_enabled":true,"_links":{"self":[{"href":"https:\/\/graficaarejano.com.br\/site\/wp-json\/wp\/v2\/product\/2942","targetHints":{"allow":["GET"]}}],"collection":[{"href":"https:\/\/graficaarejano.com.br\/site\/wp-json\/wp\/v2\/product"}],"about":[{"href":"https:\/\/graficaarejano.com.br\/site\/wp-json\/wp\/v2\/types\/product"}],"replies":[{"embeddable":true,"href":"https:\/\/graficaarejano.com.br\/site\/wp-json\/wp\/v2\/comments?post=2942"}],"wp:featuredmedia":[{"embeddable":true,"href":"https:\/\/graficaarejano.com.br\/site\/wp-json\/wp\/v2\/media\/5982"}],"wp:attachment":[{"href":"https:\/\/graficaarejano.com.br\/site\/wp-json\/wp\/v2\/media?parent=2942"}],"wp:term":[{"taxonomy":"product_brand","embeddable":true,"href":"https:\/\/graficaarejano.com.br\/site\/wp-json\/wp\/v2\/product_brand?post=2942"},{"taxonomy":"product_cat","embeddable":true,"href":"https:\/\/graficaarejano.com.br\/site\/wp-json\/wp\/v2\/product_cat?post=2942"},{"taxonomy":"product_tag","embeddable":true,"href":"https:\/\/graficaarejano.com.br\/site\/wp-json\/wp\/v2\/product_tag?post=2942"}],"curies":[{"name":"wp","href":"https:\/\/api.w.org\/{rel}","templated":true}]}}