{"id":2946,"date":"2021-12-24T12:04:30","date_gmt":"2021-12-24T15:04:30","guid":{"rendered":"https:\/\/graficaarejano.com.br\/site\/?post_type=product&#038;p=2946"},"modified":"2026-02-11T18:05:13","modified_gmt":"2026-02-11T21:05:13","slug":"adesivo-de-vitrine-cantos-arredondados","status":"publish","type":"product","link":"https:\/\/graficaarejano.com.br\/site\/produto\/adesivo-de-vitrine-cantos-arredondados\/","title":{"rendered":"Adesivo de Vitrine &#8211; Cantos Arredondados"},"content":{"rendered":"<h2 class=\"title-page\">Onde poderei utilizar os Adesivos para Vitrine Quadrado?<\/h2>\n<div class=\"text-group\">\n<div>Embora tenham sido pensados com a finalidade de estampar vitrines,\u00a0<b>os Adesivos Quadrados com Cantos Arredondados podem ser utilizados em variadas superf\u00edcies, como portas e janelas de vidro, divis\u00f3rias ou pain\u00e9is.<\/b> Voc\u00ea (ou seu cliente) poder\u00e1 escolher o local para fixar, independente se o ambiente \u00e9 externo ou interno.<\/div>\n<\/div>\n<div>\n<h2 class=\"title-page\">Como enviar a arte personalizada para impress\u00e3o?<\/h2>\n<div class=\"text-group\">\n<div>Se voc\u00ea j\u00e1 fez a arte dentro do padr\u00e3o\/gabarito disponibilizado no site,<b>\u00a0basta nos enviar durante o processo de compra.<\/b> Caso tenha d\u00favidas sobre o gabarito, voc\u00ea pode entra em contato pelo <strong>Whatsapp<\/strong>, assim poder\u00e1 ser esclarecido todas as d\u00favidas deste servi\u00e7o.<\/div>\n<\/div>\n<div>\n<div class=\"text-group\">\n<div><\/div>\n<\/div>\n<\/div>\n<\/div>\n","protected":false},"excerpt":{"rendered":"<p>Onde poderei utilizar os Adesivos para Vitrine Quadrado? Embora tenham sido pensados com a finalidade de estampar vitrines,\u00a0os Adesivos Quadrados com Cantos Arredondados podem ser utilizados em variadas superf\u00edcies, como portas e janelas de vidro, divis\u00f3rias ou pain\u00e9is. Voc\u00ea (ou seu cliente) poder\u00e1 escolher o local para fixar, independente se o ambiente \u00e9 externo ou [&hellip;]<\/p>\n","protected":false},"featured_media":5971,"comment_status":"open","ping_status":"closed","template":"","meta":[],"product_brand":[],"product_cat":[580],"product_tag":[],"class_list":{"0":"post-2946","1":"product","2":"type-product","3":"status-publish","4":"has-post-thumbnail","6":"product_cat-adesivos-de-vitrines","8":"first","9":"instock","10":"shipping-taxable","11":"purchasable","12":"product-type-variable","13":"has-default-attributes"},"acf":[],"jetpack_sharing_enabled":true,"_links":{"self":[{"href":"https:\/\/graficaarejano.com.br\/site\/wp-json\/wp\/v2\/product\/2946","targetHints":{"allow":["GET"]}}],"collection":[{"href":"https:\/\/graficaarejano.com.br\/site\/wp-json\/wp\/v2\/product"}],"about":[{"href":"https:\/\/graficaarejano.com.br\/site\/wp-json\/wp\/v2\/types\/product"}],"replies":[{"embeddable":true,"href":"https:\/\/graficaarejano.com.br\/site\/wp-json\/wp\/v2\/comments?post=2946"}],"wp:featuredmedia":[{"embeddable":true,"href":"https:\/\/graficaarejano.com.br\/site\/wp-json\/wp\/v2\/media\/5971"}],"wp:attachment":[{"href":"https:\/\/graficaarejano.com.br\/site\/wp-json\/wp\/v2\/media?parent=2946"}],"wp:term":[{"taxonomy":"product_brand","embeddable":true,"href":"https:\/\/graficaarejano.com.br\/site\/wp-json\/wp\/v2\/product_brand?post=2946"},{"taxonomy":"product_cat","embeddable":true,"href":"https:\/\/graficaarejano.com.br\/site\/wp-json\/wp\/v2\/product_cat?post=2946"},{"taxonomy":"product_tag","embeddable":true,"href":"https:\/\/graficaarejano.com.br\/site\/wp-json\/wp\/v2\/product_tag?post=2946"}],"curies":[{"name":"wp","href":"https:\/\/api.w.org\/{rel}","templated":true}]}}