{"id":2950,"date":"2021-12-24T12:10:16","date_gmt":"2021-12-24T15:10:16","guid":{"rendered":"https:\/\/graficaarejano.com.br\/site\/?post_type=product&#038;p=2950"},"modified":"2026-02-11T18:04:15","modified_gmt":"2026-02-11T21:04:15","slug":"adesivo-de-vitrine-queima-de-estoque","status":"publish","type":"product","link":"https:\/\/graficaarejano.com.br\/site\/produto\/adesivo-de-vitrine-queima-de-estoque\/","title":{"rendered":"Adesivo de Vitrine &#8211; Queima de Estoque"},"content":{"rendered":"<p data-start=\"208\" data-end=\"500\">O <strong data-start=\"210\" data-end=\"249\">Adesivo Queima de Estoque 151\u00d762 cm<\/strong> \u00e9 uma pe\u00e7a de grande formato desenvolvida para gerar <strong data-start=\"303\" data-end=\"362\">impacto imediato e aumentar o fluxo de clientes na loja<\/strong>. Com dimens\u00f5es amplas, ele \u00e9 ideal para comunicar liquida\u00e7\u00f5es, promo\u00e7\u00f5es especiais e a\u00e7\u00f5es estrat\u00e9gicas de venda com m\u00e1xima visibilidade.<\/p>\n<p data-start=\"502\" data-end=\"766\">Seu tamanho alongado permite aplica\u00e7\u00e3o em vitrines, fachadas envidra\u00e7adas, portas e \u00e1reas frontais do com\u00e9rcio, garantindo leitura clara mesmo \u00e0 dist\u00e2ncia. \u00c9 a solu\u00e7\u00e3o perfeita para campanhas sazonais, trocas de cole\u00e7\u00e3o ou necessidade de giro r\u00e1pido de mercadoria.<\/p>\n<p data-start=\"768\" data-end=\"905\">Quando bem aplicado, transmite sensa\u00e7\u00e3o de oportunidade, urg\u00eancia e desconto real \u2014 fatores decisivos na tomada de decis\u00e3o do consumidor.<\/p>\n<div>\n<div>\n<h2 class=\"title-page\">Como personalizar a arte dos meus Adesivos Queima de Estoque?<\/h2>\n<div class=\"text-group\">\n<div>Para personalizar a arte dos Adesivos, basta\u00a0<b>fazer o download do gabarito<\/b>, se atentar \u00e0s instru\u00e7\u00f5es e indica\u00e7\u00f5es de margens de corte e sangra e soltar a\u00a0<b>criatividade para personalizar com as informa\u00e7\u00f5es que desejar.<\/b>\u00a0Depois, basta nos enviar o arquivo finalizado via site.<\/div>\n<div>\n<h2><strong>Como enviar a arte personalizada para impress\u00e3o?<\/strong><\/h2>\n<p>Se voc\u00ea j\u00e1 fez a arte dentro do padr\u00e3o\/gabarito disponibilizado no site,<strong>\u00a0basta nos enviar durante o processo de compra.<\/strong> Caso tenha d\u00favidas sobre o gabarito, voc\u00ea pode entra em contato pelo <strong>Whatsapp<\/strong>, assim poder\u00e1 ser esclarecido todas as d\u00favidas deste servi\u00e7o.<\/p>\n<\/div>\n<\/div>\n<\/div>\n<\/div>\n","protected":false},"excerpt":{"rendered":"<p>O Adesivo Queima de Estoque 151\u00d762 cm \u00e9 uma pe\u00e7a de grande formato desenvolvida para gerar impacto imediato e aumentar o fluxo de clientes na loja. Com dimens\u00f5es amplas, ele \u00e9 ideal para comunicar liquida\u00e7\u00f5es, promo\u00e7\u00f5es especiais e a\u00e7\u00f5es estrat\u00e9gicas de venda com m\u00e1xima visibilidade. Seu tamanho alongado permite aplica\u00e7\u00e3o em vitrines, fachadas envidra\u00e7adas, portas [&hellip;]<\/p>\n","protected":false},"featured_media":5983,"comment_status":"open","ping_status":"closed","template":"","meta":[],"product_brand":[],"product_cat":[580],"product_tag":[],"class_list":{"0":"post-2950","1":"product","2":"type-product","3":"status-publish","4":"has-post-thumbnail","6":"product_cat-adesivos-de-vitrines","8":"first","9":"instock","10":"shipping-taxable","11":"purchasable","12":"product-type-variable","13":"has-default-attributes"},"acf":[],"jetpack_sharing_enabled":true,"_links":{"self":[{"href":"https:\/\/graficaarejano.com.br\/site\/wp-json\/wp\/v2\/product\/2950","targetHints":{"allow":["GET"]}}],"collection":[{"href":"https:\/\/graficaarejano.com.br\/site\/wp-json\/wp\/v2\/product"}],"about":[{"href":"https:\/\/graficaarejano.com.br\/site\/wp-json\/wp\/v2\/types\/product"}],"replies":[{"embeddable":true,"href":"https:\/\/graficaarejano.com.br\/site\/wp-json\/wp\/v2\/comments?post=2950"}],"wp:featuredmedia":[{"embeddable":true,"href":"https:\/\/graficaarejano.com.br\/site\/wp-json\/wp\/v2\/media\/5983"}],"wp:attachment":[{"href":"https:\/\/graficaarejano.com.br\/site\/wp-json\/wp\/v2\/media?parent=2950"}],"wp:term":[{"taxonomy":"product_brand","embeddable":true,"href":"https:\/\/graficaarejano.com.br\/site\/wp-json\/wp\/v2\/product_brand?post=2950"},{"taxonomy":"product_cat","embeddable":true,"href":"https:\/\/graficaarejano.com.br\/site\/wp-json\/wp\/v2\/product_cat?post=2950"},{"taxonomy":"product_tag","embeddable":true,"href":"https:\/\/graficaarejano.com.br\/site\/wp-json\/wp\/v2\/product_tag?post=2950"}],"curies":[{"name":"wp","href":"https:\/\/api.w.org\/{rel}","templated":true}]}}