{"id":2956,"date":"2021-12-24T12:21:09","date_gmt":"2021-12-24T15:21:09","guid":{"rendered":"https:\/\/graficaarejano.com.br\/site\/?post_type=product&#038;p=2956"},"modified":"2026-02-11T16:39:46","modified_gmt":"2026-02-11T19:39:46","slug":"adesivo-de-vitrine-parede","status":"publish","type":"product","link":"https:\/\/graficaarejano.com.br\/site\/produto\/adesivo-de-vitrine-parede\/","title":{"rendered":"Adesivo de Vitrine &#8211; Rel\u00e2mpago"},"content":{"rendered":"<p data-start=\"211\" data-end=\"400\">O <strong data-start=\"213\" data-end=\"255\">Adesivo de Vitrine Rel\u00e2mpago 119\u00d787 cm<\/strong> \u00e9 uma pe\u00e7a de grande impacto visual, ideal para destacar <strong data-start=\"313\" data-end=\"399\">promo\u00e7\u00f5es agressivas, liquida\u00e7\u00f5es, queimas de estoque e campanhas de curta dura\u00e7\u00e3o<\/strong>.<\/p>\n<p data-start=\"402\" data-end=\"723\">Com formato estilizado em \u201crel\u00e2mpago\u201d e tamanho amplo, ele quebra totalmente o padr\u00e3o tradicional de comunica\u00e7\u00e3o em vitrines, criando um efeito din\u00e2mico e chamativo que atrai o olhar imediatamente. Suas dimens\u00f5es generosas de <strong data-start=\"628\" data-end=\"643\">119 \u00d7 87 cm<\/strong> permitem mensagens grandes, leg\u00edveis \u00e0 dist\u00e2ncia e com forte apelo promocional.<\/p>\n<p data-start=\"725\" data-end=\"859\">\u00c9 a escolha ideal para lojas que desejam comunicar urg\u00eancia, oportunidade e impacto, aumentando o fluxo de clientes no ponto de venda.<\/p>\n<h2 class=\"title-page\">Como enviar a arte para impress\u00e3o?<\/h2>\n<div class=\"text-group\">\n<div>Para nos enviar a arte durante o processo de compra, basta\u00a0<b>acessar o site fazer a escolha das op\u00e7\u00f5es e enviar a arte j\u00e1 finalizada, dentro dos padr\u00f5es indicados no gabarito<\/b>. Lembre-se de ficar atento \u00e0s margens de corte e sangra e, caso tenha alguma d\u00favida, voc\u00ea pode consultar as instru\u00e7\u00f5es na barra superior ou entrar em contato com a Central de Atendimento.<\/div>\n<\/div>\n<div>\n<div>\n<h2><strong>Como enviar a arte personalizada para impress\u00e3o?<\/strong><\/h2>\n<p>Se voc\u00ea j\u00e1 fez a arte dentro do padr\u00e3o\/gabarito disponibilizado no site,<strong>\u00a0basta nos enviar durante o processo de compra.<\/strong> Caso tenha d\u00favidas sobre o gabarito, voc\u00ea pode entra em contato pelo <strong>Whatsapp<\/strong>, assim poder\u00e1 ser esclarecido todas as d\u00favidas deste servi\u00e7o.<\/p>\n<\/div>\n<\/div>\n","protected":false},"excerpt":{"rendered":"<p>O Adesivo de Vitrine Rel\u00e2mpago 119\u00d787 cm \u00e9 uma pe\u00e7a de grande impacto visual, ideal para destacar promo\u00e7\u00f5es agressivas, liquida\u00e7\u00f5es, queimas de estoque e campanhas de curta dura\u00e7\u00e3o. Com formato estilizado em \u201crel\u00e2mpago\u201d e tamanho amplo, ele quebra totalmente o padr\u00e3o tradicional de comunica\u00e7\u00e3o em vitrines, criando um efeito din\u00e2mico e chamativo que atrai o [&hellip;]<\/p>\n","protected":false},"featured_media":5985,"comment_status":"open","ping_status":"closed","template":"","meta":[],"product_brand":[],"product_cat":[580],"product_tag":[],"class_list":{"0":"post-2956","1":"product","2":"type-product","3":"status-publish","4":"has-post-thumbnail","6":"product_cat-adesivos-de-vitrines","8":"first","9":"instock","10":"shipping-taxable","11":"purchasable","12":"product-type-variable","13":"has-default-attributes"},"acf":[],"jetpack_sharing_enabled":true,"_links":{"self":[{"href":"https:\/\/graficaarejano.com.br\/site\/wp-json\/wp\/v2\/product\/2956","targetHints":{"allow":["GET"]}}],"collection":[{"href":"https:\/\/graficaarejano.com.br\/site\/wp-json\/wp\/v2\/product"}],"about":[{"href":"https:\/\/graficaarejano.com.br\/site\/wp-json\/wp\/v2\/types\/product"}],"replies":[{"embeddable":true,"href":"https:\/\/graficaarejano.com.br\/site\/wp-json\/wp\/v2\/comments?post=2956"}],"wp:featuredmedia":[{"embeddable":true,"href":"https:\/\/graficaarejano.com.br\/site\/wp-json\/wp\/v2\/media\/5985"}],"wp:attachment":[{"href":"https:\/\/graficaarejano.com.br\/site\/wp-json\/wp\/v2\/media?parent=2956"}],"wp:term":[{"taxonomy":"product_brand","embeddable":true,"href":"https:\/\/graficaarejano.com.br\/site\/wp-json\/wp\/v2\/product_brand?post=2956"},{"taxonomy":"product_cat","embeddable":true,"href":"https:\/\/graficaarejano.com.br\/site\/wp-json\/wp\/v2\/product_cat?post=2956"},{"taxonomy":"product_tag","embeddable":true,"href":"https:\/\/graficaarejano.com.br\/site\/wp-json\/wp\/v2\/product_tag?post=2956"}],"curies":[{"name":"wp","href":"https:\/\/api.w.org\/{rel}","templated":true}]}}