{"id":2966,"date":"2021-12-24T12:34:55","date_gmt":"2021-12-24T15:34:55","guid":{"rendered":"https:\/\/graficaarejano.com.br\/site\/?post_type=product&#038;p=2966"},"modified":"2026-02-11T16:21:53","modified_gmt":"2026-02-11T19:21:53","slug":"adesivo-de-vitrine-redondo","status":"publish","type":"product","link":"https:\/\/graficaarejano.com.br\/site\/produto\/adesivo-de-vitrine-redondo\/","title":{"rendered":"Adesivo de Vitrine &#8211; Redondo"},"content":{"rendered":"<p data-start=\"200\" data-end=\"391\">O <strong data-start=\"202\" data-end=\"241\">Adesivo de Vitrine Redondo 59\u00d759 cm<\/strong> \u00e9 uma solu\u00e7\u00e3o impactante para quem deseja <strong data-start=\"284\" data-end=\"367\">destacar promo\u00e7\u00f5es, campanhas sazonais ou refor\u00e7ar a identidade visual da marca<\/strong> com forte apelo visual.<\/p>\n<p data-start=\"393\" data-end=\"666\">Com formato circular e tamanho amplo, ele chama aten\u00e7\u00e3o de longe, quebrando o padr\u00e3o tradicional de pe\u00e7as retangulares e criando um ponto focal estrat\u00e9gico na vitrine. Seu di\u00e2metro de <strong data-start=\"577\" data-end=\"586\">59 cm<\/strong> oferece excelente \u00e1rea para comunica\u00e7\u00e3o clara, objetiva e visualmente marcante.<\/p>\n<p data-start=\"668\" data-end=\"824\">\u00c9 ideal para lojas f\u00edsicas que precisam atrair o olhar do cliente no primeiro contato, aumentando a curiosidade e incentivando a entrada no estabelecimento.<\/p>\n<h2 class=\"title-page\">Como enviar a arte para impress\u00e3o?<\/h2>\n<div class=\"text-group\">\n<div>Para nos enviar a arte durante o processo de compra, basta\u00a0<b>acessar o site fazer a escolha das op\u00e7\u00f5es e enviar a arte j\u00e1 finalizada, dentro dos padr\u00f5es indicados no gabarito<\/b>. Lembre-se de ficar atento \u00e0s margens de corte e sangra e, caso tenha alguma d\u00favida, voc\u00ea pode consultar as instru\u00e7\u00f5es na barra superior ou entrar em contato com a Central de Atendimento.<\/div>\n<\/div>\n<div>\n<div class=\"text-group\">\n<div><\/div>\n<\/div>\n<\/div>\n<div>\n<h2 class=\"title-page\">Como enviar a arte personalizada para impress\u00e3o?<\/h2>\n<div class=\"text-group\">\n<div>Se voc\u00ea j\u00e1 fez a arte dentro do padr\u00e3o\/gabarito disponibilizado no site,<b>\u00a0basta nos enviar durante o processo de compra.<\/b> Caso tenha d\u00favidas sobre o gabarito, voc\u00ea pode entra em contato pelo <strong>Whatsapp<\/strong>, assim poder\u00e1 ser esclarecido todas as d\u00favidas deste servi\u00e7o.<\/div>\n<\/div>\n<\/div>\n","protected":false},"excerpt":{"rendered":"<p>O Adesivo de Vitrine Redondo 59\u00d759 cm \u00e9 uma solu\u00e7\u00e3o impactante para quem deseja destacar promo\u00e7\u00f5es, campanhas sazonais ou refor\u00e7ar a identidade visual da marca com forte apelo visual. Com formato circular e tamanho amplo, ele chama aten\u00e7\u00e3o de longe, quebrando o padr\u00e3o tradicional de pe\u00e7as retangulares e criando um ponto focal estrat\u00e9gico na vitrine. [&hellip;]<\/p>\n","protected":false},"featured_media":5984,"comment_status":"open","ping_status":"closed","template":"","meta":[],"product_brand":[],"product_cat":[580],"product_tag":[],"class_list":{"0":"post-2966","1":"product","2":"type-product","3":"status-publish","4":"has-post-thumbnail","6":"product_cat-adesivos-de-vitrines","8":"first","9":"instock","10":"shipping-taxable","11":"purchasable","12":"product-type-variable","13":"has-default-attributes"},"acf":[],"jetpack_sharing_enabled":true,"_links":{"self":[{"href":"https:\/\/graficaarejano.com.br\/site\/wp-json\/wp\/v2\/product\/2966","targetHints":{"allow":["GET"]}}],"collection":[{"href":"https:\/\/graficaarejano.com.br\/site\/wp-json\/wp\/v2\/product"}],"about":[{"href":"https:\/\/graficaarejano.com.br\/site\/wp-json\/wp\/v2\/types\/product"}],"replies":[{"embeddable":true,"href":"https:\/\/graficaarejano.com.br\/site\/wp-json\/wp\/v2\/comments?post=2966"}],"wp:featuredmedia":[{"embeddable":true,"href":"https:\/\/graficaarejano.com.br\/site\/wp-json\/wp\/v2\/media\/5984"}],"wp:attachment":[{"href":"https:\/\/graficaarejano.com.br\/site\/wp-json\/wp\/v2\/media?parent=2966"}],"wp:term":[{"taxonomy":"product_brand","embeddable":true,"href":"https:\/\/graficaarejano.com.br\/site\/wp-json\/wp\/v2\/product_brand?post=2966"},{"taxonomy":"product_cat","embeddable":true,"href":"https:\/\/graficaarejano.com.br\/site\/wp-json\/wp\/v2\/product_cat?post=2966"},{"taxonomy":"product_tag","embeddable":true,"href":"https:\/\/graficaarejano.com.br\/site\/wp-json\/wp\/v2\/product_tag?post=2966"}],"curies":[{"name":"wp","href":"https:\/\/api.w.org\/{rel}","templated":true}]}}