{"id":2978,"date":"2021-12-24T13:08:12","date_gmt":"2021-12-24T16:08:12","guid":{"rendered":"https:\/\/graficaarejano.com.br\/site\/?post_type=product&#038;p=2978"},"modified":"2026-02-10T17:48:45","modified_gmt":"2026-02-10T20:48:45","slug":"adesivo-de-vitrine-volta-as-aulas","status":"publish","type":"product","link":"https:\/\/graficaarejano.com.br\/site\/produto\/adesivo-de-vitrine-volta-as-aulas\/","title":{"rendered":"Adesivo de Vitrine &#8211; Volta \u00e0s Aulas"},"content":{"rendered":"<p data-start=\"197\" data-end=\"500\">O <strong data-start=\"199\" data-end=\"228\">Adesivo de Volta \u00e0s Aulas<\/strong> \u00e9 um material ideal para <strong data-start=\"254\" data-end=\"308\">decora\u00e7\u00e3o, comunica\u00e7\u00e3o visual e a\u00e7\u00f5es promocionais<\/strong> em ambientes escolares e comerciais. Com tamanho grande <strong data-start=\"365\" data-end=\"379\">74 \u00d7 59 cm<\/strong>, ele oferece alto impacto visual, sendo perfeito para chamar aten\u00e7\u00e3o em vitrines, paredes, portas e espa\u00e7os de destaque.<\/p>\n<p data-start=\"502\" data-end=\"836\">Esse adesivo \u00e9 muito utilizado por <strong data-start=\"537\" data-end=\"599\">papelarias, livrarias, escolas, lojas e com\u00e9rcios em geral<\/strong> durante o per\u00edodo de volta \u00e0s aulas, ajudando a criar um ambiente tem\u00e1tico, atrativo e convidativo. Seu formato amplo permite artes criativas, coloridas e de f\u00e1cil leitura, refor\u00e7ando campanhas promocionais e datas sazonais importantes.<\/p>\n<p data-start=\"838\" data-end=\"995\">\u00c9 uma excelente solu\u00e7\u00e3o para quem deseja comunicar ofertas, dar boas-vindas aos alunos ou destacar a tem\u00e1tica escolar de forma r\u00e1pida e visualmente marcante.<\/p>\n","protected":false},"excerpt":{"rendered":"<p>O Adesivo de Volta \u00e0s Aulas \u00e9 um material ideal para decora\u00e7\u00e3o, comunica\u00e7\u00e3o visual e a\u00e7\u00f5es promocionais em ambientes escolares e comerciais. Com tamanho grande 74 \u00d7 59 cm, ele oferece alto impacto visual, sendo perfeito para chamar aten\u00e7\u00e3o em vitrines, paredes, portas e espa\u00e7os de destaque. Esse adesivo \u00e9 muito utilizado por papelarias, livrarias, [&hellip;]<\/p>\n","protected":false},"featured_media":5988,"comment_status":"open","ping_status":"closed","template":"","meta":[],"product_brand":[],"product_cat":[580],"product_tag":[],"class_list":{"0":"post-2978","1":"product","2":"type-product","3":"status-publish","4":"has-post-thumbnail","6":"product_cat-adesivos-de-vitrines","8":"first","9":"instock","10":"shipping-taxable","11":"purchasable","12":"product-type-variable","13":"has-default-attributes"},"acf":[],"jetpack_sharing_enabled":true,"_links":{"self":[{"href":"https:\/\/graficaarejano.com.br\/site\/wp-json\/wp\/v2\/product\/2978","targetHints":{"allow":["GET"]}}],"collection":[{"href":"https:\/\/graficaarejano.com.br\/site\/wp-json\/wp\/v2\/product"}],"about":[{"href":"https:\/\/graficaarejano.com.br\/site\/wp-json\/wp\/v2\/types\/product"}],"replies":[{"embeddable":true,"href":"https:\/\/graficaarejano.com.br\/site\/wp-json\/wp\/v2\/comments?post=2978"}],"wp:featuredmedia":[{"embeddable":true,"href":"https:\/\/graficaarejano.com.br\/site\/wp-json\/wp\/v2\/media\/5988"}],"wp:attachment":[{"href":"https:\/\/graficaarejano.com.br\/site\/wp-json\/wp\/v2\/media?parent=2978"}],"wp:term":[{"taxonomy":"product_brand","embeddable":true,"href":"https:\/\/graficaarejano.com.br\/site\/wp-json\/wp\/v2\/product_brand?post=2978"},{"taxonomy":"product_cat","embeddable":true,"href":"https:\/\/graficaarejano.com.br\/site\/wp-json\/wp\/v2\/product_cat?post=2978"},{"taxonomy":"product_tag","embeddable":true,"href":"https:\/\/graficaarejano.com.br\/site\/wp-json\/wp\/v2\/product_tag?post=2978"}],"curies":[{"name":"wp","href":"https:\/\/api.w.org\/{rel}","templated":true}]}}