{"id":3036,"date":"2021-12-27T16:23:52","date_gmt":"2021-12-27T19:23:52","guid":{"rendered":"https:\/\/graficaarejano.com.br\/site\/?post_type=product&#038;p=3036"},"modified":"2026-02-26T14:13:07","modified_gmt":"2026-02-26T17:13:07","slug":"adesivos-rapidos","status":"publish","type":"product","link":"https:\/\/graficaarejano.com.br\/site\/produto\/adesivos-rapidos\/","title":{"rendered":"Etiquetas R\u00e1pidas"},"content":{"rendered":"<p>Os Adesivos r\u00e1pidos s\u00e3o produ\u00e7\u00f5es que ser\u00e3o impress\u00f5es em menor tempo. Trazendo qualidade, durabilidade e um \u00f3timo custo benef\u00edcio para voc\u00ea. Visando atender um mercado muito exigente, eles possuem resist\u00eancia e maleabilidade por serem compostos de pl\u00e1stico.<\/p>\n<p data-start=\"209\" data-end=\"484\">As <strong data-start=\"212\" data-end=\"242\">Etiquetas Adesivas R\u00e1pidas<\/strong> s\u00e3o ideais para quem precisa de agilidade, praticidade e impacto visual imediato. Desenvolvidas para aplica\u00e7\u00f5es promocionais, identifica\u00e7\u00e3o tempor\u00e1ria ou sinaliza\u00e7\u00f5es r\u00e1pidas, elas oferecem excelente qualidade de impress\u00e3o e f\u00e1cil aplica\u00e7\u00e3o.<\/p>\n<p data-start=\"486\" data-end=\"572\">Dispon\u00edveis em <strong data-start=\"501\" data-end=\"517\">vinil branco<\/strong> ou <strong data-start=\"521\" data-end=\"538\">adesivo papel<\/strong>, atendem diferentes necessidades:<\/p>\n<ul data-start=\"574\" data-end=\"787\">\n<li data-start=\"574\" data-end=\"689\">\n<p data-start=\"576\" data-end=\"689\"><strong data-start=\"576\" data-end=\"592\">Vinil Branco<\/strong> \u2013 Mais resistente, indicado para superf\u00edcies lisas e aplica\u00e7\u00f5es que exigem maior durabilidade.<\/p>\n<\/li>\n<li data-start=\"690\" data-end=\"787\">\n<p data-start=\"692\" data-end=\"787\"><strong data-start=\"692\" data-end=\"709\">Adesivo Papel<\/strong> \u2013 Ideal para uso interno e aplica\u00e7\u00f5es tempor\u00e1rias, com \u00f3timo custo-benef\u00edcio.<\/p>\n<\/li>\n<\/ul>\n<p data-start=\"789\" data-end=\"951\">Com op\u00e7\u00f5es nos tamanhos <strong data-start=\"813\" data-end=\"846\">30&#215;30 cm, 40&#215;40 cm e 50&#215;50 cm<\/strong>, s\u00e3o perfeitas para vitrines, sinaliza\u00e7\u00f5es promocionais, comunica\u00e7\u00e3o interna e a\u00e7\u00f5es comerciais r\u00e1pidas.<\/p>\n","protected":false},"excerpt":{"rendered":"<p>Os Adesivos r\u00e1pidos s\u00e3o produ\u00e7\u00f5es que ser\u00e3o impress\u00f5es em menor tempo. Trazendo qualidade, durabilidade e um \u00f3timo custo benef\u00edcio para voc\u00ea. Visando atender um mercado muito exigente, eles possuem resist\u00eancia e maleabilidade por serem compostos de pl\u00e1stico. As Etiquetas Adesivas R\u00e1pidas s\u00e3o ideais para quem precisa de agilidade, praticidade e impacto visual imediato. Desenvolvidas para [&hellip;]<\/p>\n","protected":false},"featured_media":3045,"comment_status":"open","ping_status":"closed","template":"","meta":[],"product_brand":[],"product_cat":[248,775,623,601],"product_tag":[],"class_list":{"0":"post-3036","1":"product","2":"type-product","3":"status-publish","4":"has-post-thumbnail","6":"product_cat-adesivos","7":"product_cat-etiquetas","8":"product_cat-impressoes-digitais","9":"product_cat-produtos-express","11":"first","12":"instock","13":"shipping-taxable","14":"purchasable","15":"product-type-variable","16":"has-default-attributes"},"acf":[],"jetpack_sharing_enabled":true,"_links":{"self":[{"href":"https:\/\/graficaarejano.com.br\/site\/wp-json\/wp\/v2\/product\/3036","targetHints":{"allow":["GET"]}}],"collection":[{"href":"https:\/\/graficaarejano.com.br\/site\/wp-json\/wp\/v2\/product"}],"about":[{"href":"https:\/\/graficaarejano.com.br\/site\/wp-json\/wp\/v2\/types\/product"}],"replies":[{"embeddable":true,"href":"https:\/\/graficaarejano.com.br\/site\/wp-json\/wp\/v2\/comments?post=3036"}],"wp:featuredmedia":[{"embeddable":true,"href":"https:\/\/graficaarejano.com.br\/site\/wp-json\/wp\/v2\/media\/3045"}],"wp:attachment":[{"href":"https:\/\/graficaarejano.com.br\/site\/wp-json\/wp\/v2\/media?parent=3036"}],"wp:term":[{"taxonomy":"product_brand","embeddable":true,"href":"https:\/\/graficaarejano.com.br\/site\/wp-json\/wp\/v2\/product_brand?post=3036"},{"taxonomy":"product_cat","embeddable":true,"href":"https:\/\/graficaarejano.com.br\/site\/wp-json\/wp\/v2\/product_cat?post=3036"},{"taxonomy":"product_tag","embeddable":true,"href":"https:\/\/graficaarejano.com.br\/site\/wp-json\/wp\/v2\/product_tag?post=3036"}],"curies":[{"name":"wp","href":"https:\/\/api.w.org\/{rel}","templated":true}]}}