{"id":3065,"date":"2021-12-28T08:55:03","date_gmt":"2021-12-28T11:55:03","guid":{"rendered":"https:\/\/graficaarejano.com.br\/site\/?post_type=product&#038;p=3065"},"modified":"2026-04-14T19:42:08","modified_gmt":"2026-04-14T22:42:08","slug":"imprerssoes-digitais-a3-simples","status":"publish","type":"product","link":"https:\/\/graficaarejano.com.br\/site\/produto\/imprerssoes-digitais-a3-simples\/","title":{"rendered":"Impress\u00f5es Digitais A3 &#8211; Pap\u00e9is Simples"},"content":{"rendered":"<p class=\"\" data-start=\"197\" data-end=\"514\">As <strong data-start=\"200\" data-end=\"251\">impress\u00f5es digitais simples em formato A3 Super<\/strong> s\u00e3o ideais para quem precisa de uma \u00e1rea maior que o A3 tradicional, sem abrir m\u00e3o da agilidade e da qualidade da impress\u00e3o digital. O <strong data-start=\"387\" data-end=\"399\">A3 Super<\/strong> oferece espa\u00e7o extra para comunicar mais, valorizar detalhes e deixar qualquer material gr\u00e1fico mais impactante.<\/p>\n<p class=\"\" data-start=\"516\" data-end=\"887\">Na <strong data-start=\"519\" data-end=\"538\">Gr\u00e1fica Arejano<\/strong>, cada impress\u00e3o \u00e9 produzida com <strong data-start=\"571\" data-end=\"616\">alt\u00edssima defini\u00e7\u00e3o e fidelidade de cores<\/strong>, garantindo um resultado visual preciso e profissional, mesmo em artes complexas ou com muitos elementos. Nossa estrutura de produ\u00e7\u00e3o utiliza <strong data-start=\"759\" data-end=\"784\">equipamentos modernos<\/strong> e tintas de alto desempenho, o que permite <strong data-start=\"828\" data-end=\"884\">impress\u00f5es n\u00edtidas, vibrantes e com acabamento limpo<\/strong>.<\/p>\n<p class=\"\" data-start=\"889\" data-end=\"1314\">Trabalhamos com uma <strong data-start=\"909\" data-end=\"938\">ampla variedade de pap\u00e9is<\/strong>, que v\u00e3o desde os mais simples at\u00e9 pap\u00e9is especiais com <strong data-start=\"995\" data-end=\"1027\">gramaturas que chegam a 300g<\/strong>, oferecendo a flexibilidade ideal para diferentes projetos. Al\u00e9m disso, disponibilizamos <strong data-start=\"1117\" data-end=\"1141\">diversos acabamentos<\/strong> \u2014 como lamina\u00e7\u00e3o fosca ou brilho, cortes especiais, dobras, entre outros \u2014, o que facilita a personaliza\u00e7\u00e3o de cada impress\u00e3o conforme o gosto e a necessidade do cliente.<\/p>\n<p class=\"\" data-start=\"1316\" data-end=\"1620\">Nossa equipe tamb\u00e9m est\u00e1 preparada para <strong data-start=\"1356\" data-end=\"1402\">ajudar na adapta\u00e7\u00e3o ou cria\u00e7\u00e3o de arquivos<\/strong>, otimizando a arte para o melhor resultado visual e t\u00e9cnico poss\u00edvel. Imprimir com a Gr\u00e1fica Arejano \u00e9 ter certeza de que o seu material ser\u00e1 bem executado, com qualidade vis\u00edvel e padr\u00e3o profissional em cada detalhe.<\/p>\n","protected":false},"excerpt":{"rendered":"<p>As impress\u00f5es digitais simples em formato A3 Super s\u00e3o ideais para quem precisa de uma \u00e1rea maior que o A3 tradicional, sem abrir m\u00e3o da agilidade e da qualidade da impress\u00e3o digital. O A3 Super oferece espa\u00e7o extra para comunicar mais, valorizar detalhes e deixar qualquer material gr\u00e1fico mais impactante. Na Gr\u00e1fica Arejano, cada impress\u00e3o [&hellip;]<\/p>\n","protected":false},"featured_media":5753,"comment_status":"open","ping_status":"closed","template":"","meta":[],"product_brand":[],"product_cat":[975,623,601],"product_tag":[],"class_list":{"0":"post-3065","1":"product","2":"type-product","3":"status-publish","4":"has-post-thumbnail","6":"product_cat-folhas-avulsas","7":"product_cat-impressoes-digitais","8":"product_cat-produtos-express","10":"first","11":"instock","12":"shipping-taxable","13":"purchasable","14":"product-type-variable"},"acf":[],"jetpack_sharing_enabled":true,"_links":{"self":[{"href":"https:\/\/graficaarejano.com.br\/site\/wp-json\/wp\/v2\/product\/3065","targetHints":{"allow":["GET"]}}],"collection":[{"href":"https:\/\/graficaarejano.com.br\/site\/wp-json\/wp\/v2\/product"}],"about":[{"href":"https:\/\/graficaarejano.com.br\/site\/wp-json\/wp\/v2\/types\/product"}],"replies":[{"embeddable":true,"href":"https:\/\/graficaarejano.com.br\/site\/wp-json\/wp\/v2\/comments?post=3065"}],"wp:featuredmedia":[{"embeddable":true,"href":"https:\/\/graficaarejano.com.br\/site\/wp-json\/wp\/v2\/media\/5753"}],"wp:attachment":[{"href":"https:\/\/graficaarejano.com.br\/site\/wp-json\/wp\/v2\/media?parent=3065"}],"wp:term":[{"taxonomy":"product_brand","embeddable":true,"href":"https:\/\/graficaarejano.com.br\/site\/wp-json\/wp\/v2\/product_brand?post=3065"},{"taxonomy":"product_cat","embeddable":true,"href":"https:\/\/graficaarejano.com.br\/site\/wp-json\/wp\/v2\/product_cat?post=3065"},{"taxonomy":"product_tag","embeddable":true,"href":"https:\/\/graficaarejano.com.br\/site\/wp-json\/wp\/v2\/product_tag?post=3065"}],"curies":[{"name":"wp","href":"https:\/\/api.w.org\/{rel}","templated":true}]}}