{"id":3172,"date":"2021-12-29T11:29:55","date_gmt":"2021-12-29T14:29:55","guid":{"rendered":"https:\/\/graficaarejano.com.br\/site\/?post_type=product&#038;p=3172"},"modified":"2026-03-10T14:35:12","modified_gmt":"2026-03-10T17:35:12","slug":"embalagens-para-cartoes","status":"publish","type":"product","link":"https:\/\/graficaarejano.com.br\/site\/produto\/embalagens-para-cartoes\/","title":{"rendered":"Embalagens para Cart\u00f5es"},"content":{"rendered":"<p>Produzida em papel\u00e3o, material conhecido por suas camadas de resist\u00eancia e prote\u00e7\u00e3o, a\u00a0<b>Caixa Personalizada para Cart\u00f5es<\/b> foi desenvolvida para armazenar at\u00e9\u00a0<b>500 cart\u00f5es de visita<\/b>. Especialmente pensada para revendedores, oferece a op\u00e7\u00e3o de\u00a0<b>personaliza\u00e7\u00e3o<\/b>, podendo ser inclusos a logo de sua empresa na\u00a0<b>tampa da caixa<\/b>, assim como contatos, redes sociais e informa\u00e7\u00f5es adicionais.<\/p>\n<p>Para dar in\u00edcio na personaliza\u00e7\u00e3o da Caixa para 500 Cart\u00f5es \u00e9 necess\u00e1rio fazer o\u00a0<b>download do Gabarito<\/b>, que est\u00e1 dispon\u00edvel para os softwares Illustrator, Corel Draw e Photoshop. Obedecendo \u00e0s margens de corte e seguran\u00e7a e utilizando as marca\u00e7\u00f5es como modelo para a cria\u00e7\u00e3o de sua arte. O\u00a0<b>clich\u00ea<\/b>\u00a0usado para estampar as informa\u00e7\u00f5es desejadas na tampa da caixa, que possui \u00e1rea espec\u00edfica de 18,1 x 10,8cm, \u00e9\u00a0<b>criado exclusivamente<\/b>\u00a0para o cliente, oferecendo impress\u00f5es nas\u00a0<b>cores preta e vermelha<\/b>.<\/p>\n","protected":false},"excerpt":{"rendered":"<p>Produzida em papel\u00e3o, material conhecido por suas camadas de resist\u00eancia e prote\u00e7\u00e3o, a\u00a0Caixa Personalizada para Cart\u00f5es foi desenvolvida para armazenar at\u00e9\u00a0500 cart\u00f5es de visita. Especialmente pensada para revendedores, oferece a op\u00e7\u00e3o de\u00a0personaliza\u00e7\u00e3o, podendo ser inclusos a logo de sua empresa na\u00a0tampa da caixa, assim como contatos, redes sociais e informa\u00e7\u00f5es adicionais. Para dar in\u00edcio na [&hellip;]<\/p>\n","protected":false},"featured_media":3175,"comment_status":"open","ping_status":"closed","template":"","meta":[],"product_brand":[],"product_cat":[550],"product_tag":[],"class_list":{"0":"post-3172","1":"product","2":"type-product","3":"status-publish","4":"has-post-thumbnail","6":"product_cat-embalagens","8":"first","9":"instock","10":"shipping-taxable","11":"purchasable","12":"product-type-variable","13":"has-default-attributes"},"acf":[],"jetpack_sharing_enabled":true,"_links":{"self":[{"href":"https:\/\/graficaarejano.com.br\/site\/wp-json\/wp\/v2\/product\/3172","targetHints":{"allow":["GET"]}}],"collection":[{"href":"https:\/\/graficaarejano.com.br\/site\/wp-json\/wp\/v2\/product"}],"about":[{"href":"https:\/\/graficaarejano.com.br\/site\/wp-json\/wp\/v2\/types\/product"}],"replies":[{"embeddable":true,"href":"https:\/\/graficaarejano.com.br\/site\/wp-json\/wp\/v2\/comments?post=3172"}],"wp:featuredmedia":[{"embeddable":true,"href":"https:\/\/graficaarejano.com.br\/site\/wp-json\/wp\/v2\/media\/3175"}],"wp:attachment":[{"href":"https:\/\/graficaarejano.com.br\/site\/wp-json\/wp\/v2\/media?parent=3172"}],"wp:term":[{"taxonomy":"product_brand","embeddable":true,"href":"https:\/\/graficaarejano.com.br\/site\/wp-json\/wp\/v2\/product_brand?post=3172"},{"taxonomy":"product_cat","embeddable":true,"href":"https:\/\/graficaarejano.com.br\/site\/wp-json\/wp\/v2\/product_cat?post=3172"},{"taxonomy":"product_tag","embeddable":true,"href":"https:\/\/graficaarejano.com.br\/site\/wp-json\/wp\/v2\/product_tag?post=3172"}],"curies":[{"name":"wp","href":"https:\/\/api.w.org\/{rel}","templated":true}]}}