{"id":3208,"date":"2021-12-29T16:32:36","date_gmt":"2021-12-29T19:32:36","guid":{"rendered":"https:\/\/graficaarejano.com.br\/site\/?post_type=product&#038;p=3208"},"modified":"2026-03-10T12:32:39","modified_gmt":"2026-03-10T15:32:39","slug":"copo-biodegradavel-personalizado","status":"publish","type":"product","link":"https:\/\/graficaarejano.com.br\/site\/produto\/copo-biodegradavel-personalizado\/","title":{"rendered":"Copo Biodegrad\u00e1vel Personalizado"},"content":{"rendered":"<p data-start=\"223\" data-end=\"542\">O <strong data-start=\"225\" data-end=\"261\">Copo Biodegrad\u00e1vel Personalizado<\/strong> \u00e9 uma solu\u00e7\u00e3o moderna e sustent\u00e1vel para servir bebidas em eventos, festas, estabelecimentos comerciais e a\u00e7\u00f5es promocionais. Al\u00e9m de pr\u00e1tico e resistente, ele permite a <strong data-start=\"432\" data-end=\"482\">personaliza\u00e7\u00e3o com logotipo, marca ou mensagem<\/strong>, tornando-se tamb\u00e9m uma excelente ferramenta de divulga\u00e7\u00e3o.<\/p>\n<p data-start=\"544\" data-end=\"736\">Fabricado com material biodegrad\u00e1vel, esse tipo de copo contribui para a <strong data-start=\"617\" data-end=\"649\">redu\u00e7\u00e3o do impacto ambiental<\/strong>, sendo uma alternativa mais consciente em compara\u00e7\u00e3o aos copos pl\u00e1sticos tradicionais.<\/p>\n<p data-start=\"738\" data-end=\"1019\">Dispon\u00edvel nos tamanhos <strong data-start=\"762\" data-end=\"781\">280 ml e 440 ml<\/strong>, o copo personalizado \u00e9 ideal para servir diversos tipos de bebidas, como refrigerantes, sucos, cervejas e drinks. Ao mesmo tempo, ele refor\u00e7a a identidade visual da marca ou evento, transformando cada copo em um elemento de comunica\u00e7\u00e3o.<\/p>\n<p data-start=\"1021\" data-end=\"1231\">Muito utilizado em <strong data-start=\"1040\" data-end=\"1125\">eventos corporativos, festas, bares, restaurantes, festivais e a\u00e7\u00f5es promocionais<\/strong>, o copo biodegrad\u00e1vel personalizado une funcionalidade, sustentabilidade e marketing em um \u00fanico produto.<\/p>\n","protected":false},"excerpt":{"rendered":"<p>O Copo Biodegrad\u00e1vel Personalizado \u00e9 uma solu\u00e7\u00e3o moderna e sustent\u00e1vel para servir bebidas em eventos, festas, estabelecimentos comerciais e a\u00e7\u00f5es promocionais. Al\u00e9m de pr\u00e1tico e resistente, ele permite a personaliza\u00e7\u00e3o com logotipo, marca ou mensagem, tornando-se tamb\u00e9m uma excelente ferramenta de divulga\u00e7\u00e3o. Fabricado com material biodegrad\u00e1vel, esse tipo de copo contribui para a redu\u00e7\u00e3o do [&hellip;]<\/p>\n","protected":false},"featured_media":3192,"comment_status":"open","ping_status":"closed","template":"","meta":[],"product_brand":[],"product_cat":[550,649],"product_tag":[],"class_list":{"0":"post-3208","1":"product","2":"type-product","3":"status-publish","4":"has-post-thumbnail","6":"product_cat-embalagens","7":"product_cat-fast-food","9":"first","10":"instock","11":"shipping-taxable","12":"purchasable","13":"product-type-variable","14":"has-default-attributes"},"acf":[],"jetpack_sharing_enabled":true,"_links":{"self":[{"href":"https:\/\/graficaarejano.com.br\/site\/wp-json\/wp\/v2\/product\/3208","targetHints":{"allow":["GET"]}}],"collection":[{"href":"https:\/\/graficaarejano.com.br\/site\/wp-json\/wp\/v2\/product"}],"about":[{"href":"https:\/\/graficaarejano.com.br\/site\/wp-json\/wp\/v2\/types\/product"}],"replies":[{"embeddable":true,"href":"https:\/\/graficaarejano.com.br\/site\/wp-json\/wp\/v2\/comments?post=3208"}],"wp:featuredmedia":[{"embeddable":true,"href":"https:\/\/graficaarejano.com.br\/site\/wp-json\/wp\/v2\/media\/3192"}],"wp:attachment":[{"href":"https:\/\/graficaarejano.com.br\/site\/wp-json\/wp\/v2\/media?parent=3208"}],"wp:term":[{"taxonomy":"product_brand","embeddable":true,"href":"https:\/\/graficaarejano.com.br\/site\/wp-json\/wp\/v2\/product_brand?post=3208"},{"taxonomy":"product_cat","embeddable":true,"href":"https:\/\/graficaarejano.com.br\/site\/wp-json\/wp\/v2\/product_cat?post=3208"},{"taxonomy":"product_tag","embeddable":true,"href":"https:\/\/graficaarejano.com.br\/site\/wp-json\/wp\/v2\/product_tag?post=3208"}],"curies":[{"name":"wp","href":"https:\/\/api.w.org\/{rel}","templated":true}]}}