{"id":3281,"date":"2021-12-30T15:12:03","date_gmt":"2021-12-30T18:12:03","guid":{"rendered":"https:\/\/graficaarejano.com.br\/site\/?post_type=product&#038;p=3281"},"modified":"2026-02-24T11:03:25","modified_gmt":"2026-02-24T14:03:25","slug":"mala-direta","status":"publish","type":"product","link":"https:\/\/graficaarejano.com.br\/site\/produto\/mala-direta\/","title":{"rendered":"Mala Direta \/ Folder A4"},"content":{"rendered":"<p data-start=\"150\" data-end=\"451\">A <strong data-start=\"152\" data-end=\"167\">Mala Direta<\/strong> \u00e9 uma das estrat\u00e9gias mais eficazes de marketing impresso para alcan\u00e7ar clientes de forma direta, personalizada e estrat\u00e9gica. No tamanho <strong data-start=\"306\" data-end=\"318\">21&#215;29 cm<\/strong>, ela oferece amplo espa\u00e7o para apresentar produtos, servi\u00e7os, promo\u00e7\u00f5es e campanhas institucionais com organiza\u00e7\u00e3o e impacto visual.<\/p>\n<p data-start=\"453\" data-end=\"535\">Produzida em papel couch\u00ea de alta qualidade, est\u00e1 dispon\u00edvel nas seguintes op\u00e7\u00f5es:<\/p>\n<ul data-start=\"537\" data-end=\"727\">\n<li data-start=\"537\" data-end=\"632\">\n<p data-start=\"539\" data-end=\"632\"><strong data-start=\"539\" data-end=\"553\">Couch\u00ea 90g<\/strong> \u2013 Ideal para grandes volumes e campanhas promocionais de ampla distribui\u00e7\u00e3o.<\/p>\n<\/li>\n<li data-start=\"633\" data-end=\"727\">\n<p data-start=\"635\" data-end=\"727\"><strong data-start=\"635\" data-end=\"650\">Couch\u00ea 120g<\/strong> \u2013 Mais encorpado, transmite maior percep\u00e7\u00e3o de qualidade e profissionalismo.<\/p>\n<\/li>\n<\/ul>\n<p data-start=\"729\" data-end=\"895\">Com excelente defini\u00e7\u00e3o de cores e \u00f3tima apresenta\u00e7\u00e3o, a Mala Direta \u00e9 perfeita para a\u00e7\u00f5es segmentadas, campanhas promocionais, lan\u00e7amentos e comunica\u00e7\u00e3o empresarial.<\/p>\n","protected":false},"excerpt":{"rendered":"<p>A Mala Direta \u00e9 uma das estrat\u00e9gias mais eficazes de marketing impresso para alcan\u00e7ar clientes de forma direta, personalizada e estrat\u00e9gica. No tamanho 21&#215;29 cm, ela oferece amplo espa\u00e7o para apresentar produtos, servi\u00e7os, promo\u00e7\u00f5es e campanhas institucionais com organiza\u00e7\u00e3o e impacto visual. Produzida em papel couch\u00ea de alta qualidade, est\u00e1 dispon\u00edvel nas seguintes op\u00e7\u00f5es: Couch\u00ea [&hellip;]<\/p>\n","protected":false},"featured_media":3282,"comment_status":"open","ping_status":"closed","template":"","meta":[],"product_brand":[],"product_cat":[678,157],"product_tag":[],"class_list":{"0":"post-3281","1":"product","2":"type-product","3":"status-publish","4":"has-post-thumbnail","6":"product_cat-mala-direta","7":"product_cat-panfletos-folders","9":"first","10":"instock","11":"shipping-taxable","12":"purchasable","13":"product-type-variable","14":"has-default-attributes"},"acf":[],"jetpack_sharing_enabled":true,"_links":{"self":[{"href":"https:\/\/graficaarejano.com.br\/site\/wp-json\/wp\/v2\/product\/3281","targetHints":{"allow":["GET"]}}],"collection":[{"href":"https:\/\/graficaarejano.com.br\/site\/wp-json\/wp\/v2\/product"}],"about":[{"href":"https:\/\/graficaarejano.com.br\/site\/wp-json\/wp\/v2\/types\/product"}],"replies":[{"embeddable":true,"href":"https:\/\/graficaarejano.com.br\/site\/wp-json\/wp\/v2\/comments?post=3281"}],"wp:featuredmedia":[{"embeddable":true,"href":"https:\/\/graficaarejano.com.br\/site\/wp-json\/wp\/v2\/media\/3282"}],"wp:attachment":[{"href":"https:\/\/graficaarejano.com.br\/site\/wp-json\/wp\/v2\/media?parent=3281"}],"wp:term":[{"taxonomy":"product_brand","embeddable":true,"href":"https:\/\/graficaarejano.com.br\/site\/wp-json\/wp\/v2\/product_brand?post=3281"},{"taxonomy":"product_cat","embeddable":true,"href":"https:\/\/graficaarejano.com.br\/site\/wp-json\/wp\/v2\/product_cat?post=3281"},{"taxonomy":"product_tag","embeddable":true,"href":"https:\/\/graficaarejano.com.br\/site\/wp-json\/wp\/v2\/product_tag?post=3281"}],"curies":[{"name":"wp","href":"https:\/\/api.w.org\/{rel}","templated":true}]}}