{"id":3373,"date":"2022-01-03T15:00:33","date_gmt":"2022-01-03T18:00:33","guid":{"rendered":"https:\/\/graficaarejano.com.br\/site\/?post_type=product&#038;p=3373"},"modified":"2026-03-06T14:47:19","modified_gmt":"2026-03-06T17:47:19","slug":"cobre-placas","status":"publish","type":"product","link":"https:\/\/graficaarejano.com.br\/site\/produto\/cobre-placas\/","title":{"rendered":"Cobre Placas"},"content":{"rendered":"<p data-start=\"226\" data-end=\"434\">O <strong data-start=\"228\" data-end=\"255\">Cobre Placa para Carros<\/strong> \u00e9 um acess\u00f3rio utilizado para cobrir temporariamente a placa do ve\u00edculo em momentos especiais, como <strong data-start=\"356\" data-end=\"433\">entregas simb\u00f3licas, eventos promocionais, exposi\u00e7\u00f5es ou sess\u00f5es de fotos<\/strong>.<\/p>\n<p data-start=\"436\" data-end=\"657\">Muito utilizado por <strong data-start=\"456\" data-end=\"505\">concession\u00e1rias, revendas e lojas de ve\u00edculos<\/strong>, o cobre placa cria um visual mais elegante e profissional no momento da entrega do carro ao cliente, tornando a experi\u00eancia mais marcante e memor\u00e1vel.<\/p>\n<p data-start=\"659\" data-end=\"822\">Al\u00e9m do aspecto est\u00e9tico, o cobre placa tamb\u00e9m pode ajudar a evitar a exposi\u00e7\u00e3o da placa do ve\u00edculo durante registros fotogr\u00e1ficos ou divulga\u00e7\u00e3o nas redes sociais.<\/p>\n<p data-start=\"824\" data-end=\"991\">Produzido em material resistente e de f\u00e1cil aplica\u00e7\u00e3o, ele se encaixa sobre a placa do ve\u00edculo de forma pr\u00e1tica, garantindo uma apresenta\u00e7\u00e3o organizada e profissional.<\/p>\n","protected":false},"excerpt":{"rendered":"<p>O Cobre Placa para Carros \u00e9 um acess\u00f3rio utilizado para cobrir temporariamente a placa do ve\u00edculo em momentos especiais, como entregas simb\u00f3licas, eventos promocionais, exposi\u00e7\u00f5es ou sess\u00f5es de fotos. Muito utilizado por concession\u00e1rias, revendas e lojas de ve\u00edculos, o cobre placa cria um visual mais elegante e profissional no momento da entrega do carro ao [&hellip;]<\/p>\n","protected":false},"featured_media":3380,"comment_status":"open","ping_status":"closed","template":"","meta":[],"product_brand":[],"product_cat":[680,638],"product_tag":[],"class_list":{"0":"post-3373","1":"product","2":"type-product","3":"status-publish","4":"has-post-thumbnail","6":"product_cat-cobre-placas","7":"product_cat-display","9":"first","10":"instock","11":"shipping-taxable","12":"purchasable","13":"product-type-variable","14":"has-default-attributes"},"acf":[],"jetpack_sharing_enabled":true,"_links":{"self":[{"href":"https:\/\/graficaarejano.com.br\/site\/wp-json\/wp\/v2\/product\/3373","targetHints":{"allow":["GET"]}}],"collection":[{"href":"https:\/\/graficaarejano.com.br\/site\/wp-json\/wp\/v2\/product"}],"about":[{"href":"https:\/\/graficaarejano.com.br\/site\/wp-json\/wp\/v2\/types\/product"}],"replies":[{"embeddable":true,"href":"https:\/\/graficaarejano.com.br\/site\/wp-json\/wp\/v2\/comments?post=3373"}],"wp:featuredmedia":[{"embeddable":true,"href":"https:\/\/graficaarejano.com.br\/site\/wp-json\/wp\/v2\/media\/3380"}],"wp:attachment":[{"href":"https:\/\/graficaarejano.com.br\/site\/wp-json\/wp\/v2\/media?parent=3373"}],"wp:term":[{"taxonomy":"product_brand","embeddable":true,"href":"https:\/\/graficaarejano.com.br\/site\/wp-json\/wp\/v2\/product_brand?post=3373"},{"taxonomy":"product_cat","embeddable":true,"href":"https:\/\/graficaarejano.com.br\/site\/wp-json\/wp\/v2\/product_cat?post=3373"},{"taxonomy":"product_tag","embeddable":true,"href":"https:\/\/graficaarejano.com.br\/site\/wp-json\/wp\/v2\/product_tag?post=3373"}],"curies":[{"name":"wp","href":"https:\/\/api.w.org\/{rel}","templated":true}]}}