{"id":3385,"date":"2022-01-03T16:14:58","date_gmt":"2022-01-03T19:14:58","guid":{"rendered":"https:\/\/graficaarejano.com.br\/site\/?post_type=product&#038;p=3385"},"modified":"2026-02-24T12:06:17","modified_gmt":"2026-02-24T15:06:17","slug":"mapa-ou-guia","status":"publish","type":"product","link":"https:\/\/graficaarejano.com.br\/site\/produto\/mapa-ou-guia\/","title":{"rendered":"Mapa ou Guia"},"content":{"rendered":"<p data-start=\"158\" data-end=\"509\">O <strong data-start=\"160\" data-end=\"176\">Guia ou Mapa<\/strong> no tamanho <strong data-start=\"188\" data-end=\"206\">45,6 x 42,3 cm<\/strong> \u00e9 a solu\u00e7\u00e3o ideal para apresentar informa\u00e7\u00f5es organizadas em grande escala, com excelente visualiza\u00e7\u00e3o e alto impacto. Seja para orienta\u00e7\u00e3o geogr\u00e1fica, mapas tur\u00edsticos, guias comerciais, eventos ou materiais institucionais, esse formato oferece amplo espa\u00e7o para detalhamento e clareza na comunica\u00e7\u00e3o.<\/p>\n<p data-start=\"511\" data-end=\"583\">Produzido em papel couch\u00ea de alta qualidade, est\u00e1 dispon\u00edvel nas op\u00e7\u00f5es:<\/p>\n<ul data-start=\"585\" data-end=\"770\">\n<li data-start=\"585\" data-end=\"658\">\n<p data-start=\"587\" data-end=\"658\"><strong data-start=\"587\" data-end=\"601\">Couch\u00ea 90g<\/strong> \u2013 Ideal para grandes tiragens e distribui\u00e7\u00e3o em massa.<\/p>\n<\/li>\n<li data-start=\"659\" data-end=\"770\">\n<p data-start=\"661\" data-end=\"770\"><strong data-start=\"661\" data-end=\"676\">Couch\u00ea 120g<\/strong> \u2013 Mais encorpado e resistente, oferecendo maior durabilidade e melhor percep\u00e7\u00e3o de qualidade.<\/p>\n<\/li>\n<\/ul>\n<p data-start=\"772\" data-end=\"940\">Com impress\u00e3o em alta defini\u00e7\u00e3o, o Guia ou Mapa garante cores vivas, boa leitura e organiza\u00e7\u00e3o visual eficiente, facilitando a compreens\u00e3o das informa\u00e7\u00f5es pelo p\u00fablico.<\/p>\n","protected":false},"excerpt":{"rendered":"<p>O Guia ou Mapa no tamanho 45,6 x 42,3 cm \u00e9 a solu\u00e7\u00e3o ideal para apresentar informa\u00e7\u00f5es organizadas em grande escala, com excelente visualiza\u00e7\u00e3o e alto impacto. Seja para orienta\u00e7\u00e3o geogr\u00e1fica, mapas tur\u00edsticos, guias comerciais, eventos ou materiais institucionais, esse formato oferece amplo espa\u00e7o para detalhamento e clareza na comunica\u00e7\u00e3o. Produzido em papel couch\u00ea de [&hellip;]<\/p>\n","protected":false},"featured_media":10565,"comment_status":"open","ping_status":"closed","template":"","meta":[],"product_brand":[],"product_cat":[687,157],"product_tag":[],"class_list":{"0":"post-3385","1":"product","2":"type-product","3":"status-publish","4":"has-post-thumbnail","6":"product_cat-mapas-e-guias","7":"product_cat-panfletos-folders","9":"first","10":"instock","11":"shipping-taxable","12":"purchasable","13":"product-type-variable","14":"has-default-attributes"},"acf":[],"jetpack_sharing_enabled":true,"_links":{"self":[{"href":"https:\/\/graficaarejano.com.br\/site\/wp-json\/wp\/v2\/product\/3385","targetHints":{"allow":["GET"]}}],"collection":[{"href":"https:\/\/graficaarejano.com.br\/site\/wp-json\/wp\/v2\/product"}],"about":[{"href":"https:\/\/graficaarejano.com.br\/site\/wp-json\/wp\/v2\/types\/product"}],"replies":[{"embeddable":true,"href":"https:\/\/graficaarejano.com.br\/site\/wp-json\/wp\/v2\/comments?post=3385"}],"wp:featuredmedia":[{"embeddable":true,"href":"https:\/\/graficaarejano.com.br\/site\/wp-json\/wp\/v2\/media\/10565"}],"wp:attachment":[{"href":"https:\/\/graficaarejano.com.br\/site\/wp-json\/wp\/v2\/media?parent=3385"}],"wp:term":[{"taxonomy":"product_brand","embeddable":true,"href":"https:\/\/graficaarejano.com.br\/site\/wp-json\/wp\/v2\/product_brand?post=3385"},{"taxonomy":"product_cat","embeddable":true,"href":"https:\/\/graficaarejano.com.br\/site\/wp-json\/wp\/v2\/product_cat?post=3385"},{"taxonomy":"product_tag","embeddable":true,"href":"https:\/\/graficaarejano.com.br\/site\/wp-json\/wp\/v2\/product_tag?post=3385"}],"curies":[{"name":"wp","href":"https:\/\/api.w.org\/{rel}","templated":true}]}}