{"id":3397,"date":"2022-01-03T17:16:10","date_gmt":"2022-01-03T20:16:10","guid":{"rendered":"https:\/\/graficaarejano.com.br\/site\/?post_type=product&#038;p=3397"},"modified":"2026-03-13T10:40:05","modified_gmt":"2026-03-13T13:40:05","slug":"sacolas-para-presentes-simples","status":"publish","type":"product","link":"https:\/\/graficaarejano.com.br\/site\/produto\/sacolas-para-presentes-simples\/","title":{"rendered":"Sacolas para Presentes Simples"},"content":{"rendered":"<p data-start=\"240\" data-end=\"519\">As <strong data-start=\"243\" data-end=\"277\">Sacolas para Presentes Simples<\/strong> s\u00e3o uma solu\u00e7\u00e3o pr\u00e1tica e elegante para embalar pequenos produtos e lembran\u00e7as com mais organiza\u00e7\u00e3o e cuidado na apresenta\u00e7\u00e3o. Com tamanho compacto de <strong data-start=\"429\" data-end=\"447\">12 x 16 x 4 cm<\/strong>, s\u00e3o ideais para acomodar itens delicados e presentes de pequeno porte.<\/p>\n<p data-start=\"521\" data-end=\"741\">Muito utilizadas por <strong data-start=\"542\" data-end=\"609\">lojas de presentes, papelarias, boutiques, joalherias e eventos<\/strong>, essas sacolas ajudam a valorizar o produto entregue ao cliente ou convidado, tornando a embalagem parte importante da experi\u00eancia.<\/p>\n<p data-start=\"743\" data-end=\"924\">Al\u00e9m de pr\u00e1ticas, as sacolas para presentes oferecem uma forma r\u00e1pida e organizada de embalar produtos, sendo perfeitas para o uso no dia a dia do com\u00e9rcio ou em ocasi\u00f5es especiais.<\/p>\n<p data-start=\"926\" data-end=\"1064\">Seu formato compacto facilita o transporte e proporciona uma apresenta\u00e7\u00e3o mais profissional para pequenos brindes, lembran\u00e7as ou produtos.<\/p>\n","protected":false},"excerpt":{"rendered":"<p>As Sacolas para Presentes Simples s\u00e3o uma solu\u00e7\u00e3o pr\u00e1tica e elegante para embalar pequenos produtos e lembran\u00e7as com mais organiza\u00e7\u00e3o e cuidado na apresenta\u00e7\u00e3o. Com tamanho compacto de 12 x 16 x 4 cm, s\u00e3o ideais para acomodar itens delicados e presentes de pequeno porte. Muito utilizadas por lojas de presentes, papelarias, boutiques, joalherias e [&hellip;]<\/p>\n","protected":false},"featured_media":3402,"comment_status":"open","ping_status":"closed","template":"","meta":[],"product_brand":[],"product_cat":[389],"product_tag":[],"class_list":{"0":"post-3397","1":"product","2":"type-product","3":"status-publish","4":"has-post-thumbnail","6":"product_cat-sacolas","8":"first","9":"instock","10":"shipping-taxable","11":"purchasable","12":"product-type-variable","13":"has-default-attributes"},"acf":[],"jetpack_sharing_enabled":true,"_links":{"self":[{"href":"https:\/\/graficaarejano.com.br\/site\/wp-json\/wp\/v2\/product\/3397","targetHints":{"allow":["GET"]}}],"collection":[{"href":"https:\/\/graficaarejano.com.br\/site\/wp-json\/wp\/v2\/product"}],"about":[{"href":"https:\/\/graficaarejano.com.br\/site\/wp-json\/wp\/v2\/types\/product"}],"replies":[{"embeddable":true,"href":"https:\/\/graficaarejano.com.br\/site\/wp-json\/wp\/v2\/comments?post=3397"}],"wp:featuredmedia":[{"embeddable":true,"href":"https:\/\/graficaarejano.com.br\/site\/wp-json\/wp\/v2\/media\/3402"}],"wp:attachment":[{"href":"https:\/\/graficaarejano.com.br\/site\/wp-json\/wp\/v2\/media?parent=3397"}],"wp:term":[{"taxonomy":"product_brand","embeddable":true,"href":"https:\/\/graficaarejano.com.br\/site\/wp-json\/wp\/v2\/product_brand?post=3397"},{"taxonomy":"product_cat","embeddable":true,"href":"https:\/\/graficaarejano.com.br\/site\/wp-json\/wp\/v2\/product_cat?post=3397"},{"taxonomy":"product_tag","embeddable":true,"href":"https:\/\/graficaarejano.com.br\/site\/wp-json\/wp\/v2\/product_tag?post=3397"}],"curies":[{"name":"wp","href":"https:\/\/api.w.org\/{rel}","templated":true}]}}