{"id":3470,"date":"2022-01-04T17:45:55","date_gmt":"2022-01-04T20:45:55","guid":{"rendered":"https:\/\/graficaarejano.com.br\/site\/?post_type=product&#038;p=3470"},"modified":"2026-02-09T17:32:33","modified_gmt":"2026-02-09T20:32:33","slug":"rotulos-transparentes","status":"publish","type":"product","link":"https:\/\/graficaarejano.com.br\/site\/produto\/rotulos-transparentes\/","title":{"rendered":"R\u00f3tulos Transparentes"},"content":{"rendered":"<p>Os <strong data-start=\"297\" data-end=\"343\">r\u00f3tulos em bobina com adesivo transparente<\/strong> s\u00e3o ideais para quem busca um visual limpo, moderno e sofisticado, com a impress\u00e3o integrada diretamente \u00e0 embalagem. Eles criam um efeito \u201csem fundo\u201d que valoriza o conte\u00fado visual e permite que a cor do frasco ou recipiente se destaque no design.<br data-start=\"592\" data-end=\"595\" \/>Na <strong data-start=\"598\" data-end=\"617\">Gr\u00e1fica Arejano<\/strong>, produzimos esses r\u00f3tulos com <strong data-start=\"648\" data-end=\"687\">impress\u00e3o digital de alta defini\u00e7\u00e3o<\/strong>, oferecendo <strong data-start=\"700\" data-end=\"788\">cortes personalizados, dados vari\u00e1veis e suporte para aplica\u00e7\u00e3o autom\u00e1tica ou manual<\/strong>. A bobina pode ser configurada com o <strong data-start=\"826\" data-end=\"883\" data-is-only-node=\"\">sentido de sa\u00edda e di\u00e2metro que seu equipamento exige<\/strong>, garantindo agilidade e compatibilidade com o seu processo de produ\u00e7\u00e3o.<br data-start=\"955\" data-end=\"958\" \/>Esses r\u00f3tulos s\u00e3o perfeitos para <strong data-start=\"991\" data-end=\"1035\">embalagens transparentes ou transl\u00facidas<\/strong>, muito utilizados nos segmentos de <strong data-start=\"1071\" data-end=\"1159\">cosm\u00e9ticos, higiene pessoal, alimentos artesanais, produtos naturais e linha premium<\/strong>. O acabamento final \u00e9 resistente, elegante e transmite profissionalismo com discri\u00e7\u00e3o e sofistica\u00e7\u00e3o.<\/p>\n","protected":false},"excerpt":{"rendered":"<p>Os r\u00f3tulos em bobina com adesivo transparente s\u00e3o ideais para quem busca um visual limpo, moderno e sofisticado, com a impress\u00e3o integrada diretamente \u00e0 embalagem. Eles criam um efeito \u201csem fundo\u201d que valoriza o conte\u00fado visual e permite que a cor do frasco ou recipiente se destaque no design.Na Gr\u00e1fica Arejano, produzimos esses r\u00f3tulos com [&hellip;]<\/p>\n","protected":false},"featured_media":3469,"comment_status":"open","ping_status":"closed","template":"","meta":[],"product_brand":[],"product_cat":[248,775,694],"product_tag":[],"class_list":{"0":"post-3470","1":"product","2":"type-product","3":"status-publish","4":"has-post-thumbnail","6":"product_cat-adesivos","7":"product_cat-etiquetas","8":"product_cat-rotulos","10":"first","11":"instock","12":"shipping-taxable","13":"purchasable","14":"product-type-variable","15":"has-default-attributes"},"acf":[],"jetpack_sharing_enabled":true,"_links":{"self":[{"href":"https:\/\/graficaarejano.com.br\/site\/wp-json\/wp\/v2\/product\/3470","targetHints":{"allow":["GET"]}}],"collection":[{"href":"https:\/\/graficaarejano.com.br\/site\/wp-json\/wp\/v2\/product"}],"about":[{"href":"https:\/\/graficaarejano.com.br\/site\/wp-json\/wp\/v2\/types\/product"}],"replies":[{"embeddable":true,"href":"https:\/\/graficaarejano.com.br\/site\/wp-json\/wp\/v2\/comments?post=3470"}],"wp:featuredmedia":[{"embeddable":true,"href":"https:\/\/graficaarejano.com.br\/site\/wp-json\/wp\/v2\/media\/3469"}],"wp:attachment":[{"href":"https:\/\/graficaarejano.com.br\/site\/wp-json\/wp\/v2\/media?parent=3470"}],"wp:term":[{"taxonomy":"product_brand","embeddable":true,"href":"https:\/\/graficaarejano.com.br\/site\/wp-json\/wp\/v2\/product_brand?post=3470"},{"taxonomy":"product_cat","embeddable":true,"href":"https:\/\/graficaarejano.com.br\/site\/wp-json\/wp\/v2\/product_cat?post=3470"},{"taxonomy":"product_tag","embeddable":true,"href":"https:\/\/graficaarejano.com.br\/site\/wp-json\/wp\/v2\/product_tag?post=3470"}],"curies":[{"name":"wp","href":"https:\/\/api.w.org\/{rel}","templated":true}]}}