{"id":3542,"date":"2022-01-05T12:50:20","date_gmt":"2022-01-05T15:50:20","guid":{"rendered":"https:\/\/graficaarejano.com.br\/site\/?post_type=product&#038;p=3542"},"modified":"2026-01-14T15:56:47","modified_gmt":"2026-01-14T18:56:47","slug":"adesivo-notebook","status":"publish","type":"product","link":"https:\/\/graficaarejano.com.br\/site\/produto\/adesivo-notebook\/","title":{"rendered":"Adesivo Notebook"},"content":{"rendered":"<div class=\"Row-sc-7oiwwl-0 bQWwsW Detailsstyles__DetailsRow-sc-1qkol32-0 gRPQsN\">\n<div class=\"Col-sc-rjea7x-0 iYhKqd\">\n<h3 class=\"styles__TextStyle-sc-6i4w51-0 kUJThr\" style=\"padding-left: 40px;\">DETALHES DO PRODUTO<\/h3>\n<h4 class=\"styles__TextStyle-sc-6i4w51-0 kLmHiS\" style=\"padding-left: 40px;\">Imprima seu Adesivo para Notebook Personalizado<\/h4>\n<div class=\"Detailsstyles__ContentText-sc-1qkol32-1 gOeBQL\">\n<p style=\"padding-left: 40px;\">Os adesivos para notebook podem ser utilizados em diversas situa\u00e7\u00f5es. Seja para identificar os notebooks de uma empresa, para decorar um equipamento particular ou simplesmente proteg\u00ea-lo de riscos, arranh\u00f5es, poeira e etc.<\/p>\n<p style=\"padding-left: 40px;\">Em usos comerciais, atente-se para a personaliza\u00e7\u00e3o com a identidade visual da marca.<\/p>\n<\/div>\n<div class=\"Detailsstyles__ContentText-sc-1qkol32-1 cIrTIo\">\n<h4 style=\"padding-left: 40px;\">Medidas personalizadas<\/h4>\n<\/div>\n<\/div>\n<\/div>\n<div class=\"Row-sc-7oiwwl-0 dRqTtm Informationsstyles__InformationsRow-sc-1jl3lik-0 cqZery\">\n<div class=\"Col-sc-rjea7x-0 hhuIeA\">\n<div class=\"slick-slider Informationsstyles__Carousel-sc-1jl3lik-1 dMUCVz slick-initialized\" dir=\"ltr\">\n<div class=\"slick-list\">\n<div class=\"slick-track\">\n<div class=\"slick-slide slick-active slick-current\" tabindex=\"-1\" data-index=\"0\" aria-hidden=\"false\">\n<div class=\"Informationsstyles__CardInfo-sc-1jl3lik-2 hDnhzY\" tabindex=\"-1\">\n<div class=\"Informationsstyles__CardText-sc-1jl3lik-4 inWaGk\">\n<p style=\"padding-left: 40px;\">Fique atento \u00e0s medidas da tela do seu notebook para desenvolver a sua arte. O ideal \u00e9 que o adesivo proteja toda \u00e1rea.<\/p>\n<\/div>\n<\/div>\n<\/div>\n<div class=\"slick-slide\" tabindex=\"-1\" data-index=\"1\" aria-hidden=\"true\">\n<div>\n<div class=\"Informationsstyles__CardInfo-sc-1jl3lik-2 hDnhzY\" tabindex=\"-1\">\n<div class=\"Informationsstyles__CardImage-sc-1jl3lik-3 cZAedS\"><img loading=\"lazy\" decoding=\"async\" class=\"aligncenter\" title=\"Dica 2 para Adesivo de Notebook\" src=\"https:\/\/d2ofpir5gh0cbr.cloudfront.net\/files\/2017-05\/dica-2.jpg\" alt=\"Dica 2 para Adesivo de Notebook\" width=\"270\" height=\"270\" \/><\/div>\n<div class=\"Informationsstyles__CardText-sc-1jl3lik-4 inWaGk\">\n<h4><\/h4>\n<h4 class=\"styles__TextStyle-sc-6i4w51-0 iIlRGe\" style=\"padding-left: 40px;\">Imagens em alta resolu\u00e7\u00e3o<\/h4>\n<p style=\"padding-left: 40px;\">Para obter melhor resultado na decora\u00e7\u00e3o do seu computador utilize imagens em alta resolu\u00e7\u00e3o. Dessa forma, a personaliza\u00e7\u00e3o do seu notebook ficar\u00e1 mais n\u00edtida e bonita.<\/p>\n<\/div>\n<\/div>\n<\/div>\n<\/div>\n<div class=\"slick-slide\" tabindex=\"-1\" data-index=\"2\" aria-hidden=\"true\">\n<div>\n<div class=\"Informationsstyles__CardInfo-sc-1jl3lik-2 hDnhzY\" tabindex=\"-1\">\n<div class=\"Informationsstyles__CardImage-sc-1jl3lik-3 cZAedS\"><img loading=\"lazy\" decoding=\"async\" class=\"aligncenter\" title=\"Dica 3 para Adesivo de Notebook\" src=\"https:\/\/d2ofpir5gh0cbr.cloudfront.net\/files\/2017-05\/dica-3.jpg\" alt=\"Dica 3 para Adesivo de Notebook\" width=\"270\" height=\"270\" \/><\/div>\n<div class=\"Informationsstyles__CardText-sc-1jl3lik-4 inWaGk\">\n<h4><\/h4>\n<\/div>\n<\/div>\n<\/div>\n<\/div>\n<div class=\"slick-slide slick-cloned\" tabindex=\"-1\" data-index=\"3\" aria-hidden=\"true\">\n<div>\n<div class=\"Informationsstyles__CardInfo-sc-1jl3lik-2 hDnhzY\" tabindex=\"-1\">\n<div class=\"Informationsstyles__CardText-sc-1jl3lik-4 inWaGk\"><\/div>\n<\/div>\n<\/div>\n<\/div>\n<div class=\"slick-slide slick-cloned\" tabindex=\"-1\" data-index=\"5\" aria-hidden=\"true\">\n<div>\n<div class=\"Informationsstyles__CardInfo-sc-1jl3lik-2 hDnhzY\" tabindex=\"-1\">\n<div class=\"Informationsstyles__CardText-sc-1jl3lik-4 inWaGk\">\n<p style=\"padding-left: 40px;\">\n<\/div>\n<\/div>\n<\/div>\n<\/div>\n<\/div>\n<\/div>\n<\/div>\n<\/div>\n<\/div>\n","protected":false},"excerpt":{"rendered":"<p>DETALHES DO PRODUTO Imprima seu Adesivo para Notebook Personalizado Os adesivos para notebook podem ser utilizados em diversas situa\u00e7\u00f5es. Seja para identificar os notebooks de uma empresa, para decorar um equipamento particular ou simplesmente proteg\u00ea-lo de riscos, arranh\u00f5es, poeira e etc. Em usos comerciais, atente-se para a personaliza\u00e7\u00e3o com a identidade visual da marca. Medidas [&hellip;]<\/p>\n","protected":false},"featured_media":3549,"comment_status":"open","ping_status":"closed","template":"","meta":[],"product_brand":[],"product_cat":[248,775],"product_tag":[],"class_list":{"0":"post-3542","1":"product","2":"type-product","3":"status-publish","4":"has-post-thumbnail","6":"product_cat-adesivos","7":"product_cat-etiquetas","9":"first","10":"instock","11":"shipping-taxable","12":"purchasable","13":"product-type-variable","14":"has-default-attributes"},"acf":[],"_links":{"self":[{"href":"https:\/\/graficaarejano.com.br\/site\/wp-json\/wp\/v2\/product\/3542","targetHints":{"allow":["GET"]}}],"collection":[{"href":"https:\/\/graficaarejano.com.br\/site\/wp-json\/wp\/v2\/product"}],"about":[{"href":"https:\/\/graficaarejano.com.br\/site\/wp-json\/wp\/v2\/types\/product"}],"replies":[{"embeddable":true,"href":"https:\/\/graficaarejano.com.br\/site\/wp-json\/wp\/v2\/comments?post=3542"}],"wp:featuredmedia":[{"embeddable":true,"href":"https:\/\/graficaarejano.com.br\/site\/wp-json\/wp\/v2\/media\/3549"}],"wp:attachment":[{"href":"https:\/\/graficaarejano.com.br\/site\/wp-json\/wp\/v2\/media?parent=3542"}],"wp:term":[{"taxonomy":"product_brand","embeddable":true,"href":"https:\/\/graficaarejano.com.br\/site\/wp-json\/wp\/v2\/product_brand?post=3542"},{"taxonomy":"product_cat","embeddable":true,"href":"https:\/\/graficaarejano.com.br\/site\/wp-json\/wp\/v2\/product_cat?post=3542"},{"taxonomy":"product_tag","embeddable":true,"href":"https:\/\/graficaarejano.com.br\/site\/wp-json\/wp\/v2\/product_tag?post=3542"}],"curies":[{"name":"wp","href":"https:\/\/api.w.org\/{rel}","templated":true}]}}