{"id":3656,"date":"2022-01-10T10:43:07","date_gmt":"2022-01-10T13:43:07","guid":{"rendered":"https:\/\/graficaarejano.com.br\/site\/?post_type=product&#038;p=3656"},"modified":"2026-03-13T09:30:28","modified_gmt":"2026-03-13T12:30:28","slug":"pulseiras-de-identificacao-impressao-4-cores","status":"publish","type":"product","link":"https:\/\/graficaarejano.com.br\/site\/produto\/pulseiras-de-identificacao-impressao-4-cores\/","title":{"rendered":"Pulseiras de Identifica\u00e7\u00e3o &#8211; Impress\u00e3o Colorida"},"content":{"rendered":"<p data-start=\"244\" data-end=\"465\">As <strong data-start=\"247\" data-end=\"300\">Pulseiras de Identifica\u00e7\u00e3o com Impress\u00e3o Colorida<\/strong> s\u00e3o ideais para controle de acesso e organiza\u00e7\u00e3o em eventos, festas, shows, parques, hot\u00e9is, clubes e diversas atividades que envolvem grande circula\u00e7\u00e3o de pessoas.<\/p>\n<p data-start=\"467\" data-end=\"761\">Pr\u00e1ticas e eficientes, as pulseiras permitem identificar participantes, convidados ou clientes de forma r\u00e1pida e segura. A <strong data-start=\"590\" data-end=\"612\">impress\u00e3o colorida<\/strong> possibilita personalizar o material com logotipo, cores, informa\u00e7\u00f5es do evento ou elementos visuais que facilitem a identifica\u00e7\u00e3o dos participantes.<\/p>\n<p data-start=\"763\" data-end=\"985\">Muito utilizadas em <strong data-start=\"783\" data-end=\"862\">eventos, festivais, casas noturnas, resorts, parques e eventos corporativos<\/strong>, as pulseiras ajudam a diferenciar grupos de acesso, controlar entradas e sa\u00eddas e garantir maior organiza\u00e7\u00e3o no ambiente.<\/p>\n<p data-start=\"987\" data-end=\"1167\">Al\u00e9m de funcionais, as pulseiras tamb\u00e9m podem servir como <strong data-start=\"1045\" data-end=\"1068\">lembran\u00e7a do evento<\/strong>, refor\u00e7ando a identidade visual e proporcionando uma experi\u00eancia mais profissional para o p\u00fablico.<\/p>\n","protected":false},"excerpt":{"rendered":"<p>As Pulseiras de Identifica\u00e7\u00e3o com Impress\u00e3o Colorida s\u00e3o ideais para controle de acesso e organiza\u00e7\u00e3o em eventos, festas, shows, parques, hot\u00e9is, clubes e diversas atividades que envolvem grande circula\u00e7\u00e3o de pessoas. Pr\u00e1ticas e eficientes, as pulseiras permitem identificar participantes, convidados ou clientes de forma r\u00e1pida e segura. A impress\u00e3o colorida possibilita personalizar o material com [&hellip;]<\/p>\n","protected":false},"featured_media":5148,"comment_status":"open","ping_status":"closed","template":"","meta":[],"product_brand":[],"product_cat":[719,718],"product_tag":[],"class_list":{"0":"post-3656","1":"product","2":"type-product","3":"status-publish","4":"has-post-thumbnail","6":"product_cat-kit-festas","7":"product_cat-pulseiras-de-festas","9":"first","10":"instock","11":"shipping-taxable","12":"purchasable","13":"product-type-variable","14":"has-default-attributes"},"acf":[],"jetpack_sharing_enabled":true,"_links":{"self":[{"href":"https:\/\/graficaarejano.com.br\/site\/wp-json\/wp\/v2\/product\/3656","targetHints":{"allow":["GET"]}}],"collection":[{"href":"https:\/\/graficaarejano.com.br\/site\/wp-json\/wp\/v2\/product"}],"about":[{"href":"https:\/\/graficaarejano.com.br\/site\/wp-json\/wp\/v2\/types\/product"}],"replies":[{"embeddable":true,"href":"https:\/\/graficaarejano.com.br\/site\/wp-json\/wp\/v2\/comments?post=3656"}],"wp:featuredmedia":[{"embeddable":true,"href":"https:\/\/graficaarejano.com.br\/site\/wp-json\/wp\/v2\/media\/5148"}],"wp:attachment":[{"href":"https:\/\/graficaarejano.com.br\/site\/wp-json\/wp\/v2\/media?parent=3656"}],"wp:term":[{"taxonomy":"product_brand","embeddable":true,"href":"https:\/\/graficaarejano.com.br\/site\/wp-json\/wp\/v2\/product_brand?post=3656"},{"taxonomy":"product_cat","embeddable":true,"href":"https:\/\/graficaarejano.com.br\/site\/wp-json\/wp\/v2\/product_cat?post=3656"},{"taxonomy":"product_tag","embeddable":true,"href":"https:\/\/graficaarejano.com.br\/site\/wp-json\/wp\/v2\/product_tag?post=3656"}],"curies":[{"name":"wp","href":"https:\/\/api.w.org\/{rel}","templated":true}]}}