{"id":3774,"date":"2022-01-12T13:18:57","date_gmt":"2022-01-12T16:18:57","guid":{"rendered":"https:\/\/graficaarejano.com.br\/site\/?post_type=product&#038;p=3774"},"modified":"2026-02-26T17:27:58","modified_gmt":"2026-02-26T20:27:58","slug":"banner-x-com-suporte","status":"publish","type":"product","link":"https:\/\/graficaarejano.com.br\/site\/produto\/banner-x-com-suporte\/","title":{"rendered":"Banner X"},"content":{"rendered":"<p data-start=\"229\" data-end=\"565\">O <strong data-start=\"231\" data-end=\"262\">Banner X da Gr\u00e1fica Arejano<\/strong> \u00e9 a op\u00e7\u00e3o perfeita para quem busca <strong data-start=\"298\" data-end=\"352\">qualidade, praticidade e excelente custo-benef\u00edcio<\/strong> em materiais promocionais.<br data-start=\"379\" data-end=\"382\" \/>Produzido em <strong data-start=\"395\" data-end=\"420\">lona fotogr\u00e1fica 440g<\/strong>, com <strong data-start=\"426\" data-end=\"462\">impress\u00e3o em alt\u00edssima resolu\u00e7\u00e3o<\/strong>, o resultado \u00e9 um visual n\u00edtido, com cores vibrantes, contraste impec\u00e1vel e acabamento profissional.<\/p>\n<p data-start=\"567\" data-end=\"595\">Dispon\u00edvel em duas op\u00e7\u00f5es:<\/p>\n<ul data-start=\"596\" data-end=\"801\">\n<li data-start=\"596\" data-end=\"708\">\n<p data-start=\"598\" data-end=\"708\"><strong data-start=\"598\" data-end=\"614\">Kit completo<\/strong> \u2013 inclui a <strong data-start=\"626\" data-end=\"654\">estrutura em formato \u201cX\u201d<\/strong>, a <strong data-start=\"658\" data-end=\"675\">lona impressa<\/strong> e a <strong data-start=\"680\" data-end=\"705\">bolsa para transporte<\/strong>;<\/p>\n<\/li>\n<li data-start=\"709\" data-end=\"801\">\n<p data-start=\"711\" data-end=\"801\"><strong data-start=\"711\" data-end=\"726\">Lona avulsa<\/strong> \u2013 ideal para quem j\u00e1 possui o suporte e deseja apenas substituir a arte.<\/p>\n<\/li>\n<\/ul>\n<p data-start=\"803\" data-end=\"1108\">A lona possui <strong data-start=\"817\" data-end=\"849\">refor\u00e7o em todas as laterais<\/strong> e <strong data-start=\"852\" data-end=\"889\">ilh\u00f3s met\u00e1licos nos quatro cantos<\/strong>, garantindo resist\u00eancia e durabilidade mesmo em uso frequente.<br data-start=\"952\" data-end=\"955\" \/>O sistema de montagem \u00e9 extremamente simples, leve e port\u00e1til \u2014 perfeito para <strong data-start=\"1033\" data-end=\"1105\">eventos, feiras, lojas, restaurantes, palestras e promo\u00e7\u00f5es em geral<\/strong>.<\/p>\n","protected":false},"excerpt":{"rendered":"<p>O Banner X da Gr\u00e1fica Arejano \u00e9 a op\u00e7\u00e3o perfeita para quem busca qualidade, praticidade e excelente custo-benef\u00edcio em materiais promocionais.Produzido em lona fotogr\u00e1fica 440g, com impress\u00e3o em alt\u00edssima resolu\u00e7\u00e3o, o resultado \u00e9 um visual n\u00edtido, com cores vibrantes, contraste impec\u00e1vel e acabamento profissional. Dispon\u00edvel em duas op\u00e7\u00f5es: Kit completo \u2013 inclui a estrutura em [&hellip;]<\/p>\n","protected":false},"featured_media":9517,"comment_status":"open","ping_status":"closed","template":"","meta":[],"product_brand":[],"product_cat":[449],"product_tag":[],"class_list":{"0":"post-3774","1":"product","2":"type-product","3":"status-publish","4":"has-post-thumbnail","6":"product_cat-banners-e-lonas","8":"first","9":"instock","10":"shipping-taxable","11":"purchasable","12":"product-type-variable","13":"has-default-attributes"},"acf":[],"jetpack_sharing_enabled":true,"_links":{"self":[{"href":"https:\/\/graficaarejano.com.br\/site\/wp-json\/wp\/v2\/product\/3774","targetHints":{"allow":["GET"]}}],"collection":[{"href":"https:\/\/graficaarejano.com.br\/site\/wp-json\/wp\/v2\/product"}],"about":[{"href":"https:\/\/graficaarejano.com.br\/site\/wp-json\/wp\/v2\/types\/product"}],"replies":[{"embeddable":true,"href":"https:\/\/graficaarejano.com.br\/site\/wp-json\/wp\/v2\/comments?post=3774"}],"wp:featuredmedia":[{"embeddable":true,"href":"https:\/\/graficaarejano.com.br\/site\/wp-json\/wp\/v2\/media\/9517"}],"wp:attachment":[{"href":"https:\/\/graficaarejano.com.br\/site\/wp-json\/wp\/v2\/media?parent=3774"}],"wp:term":[{"taxonomy":"product_brand","embeddable":true,"href":"https:\/\/graficaarejano.com.br\/site\/wp-json\/wp\/v2\/product_brand?post=3774"},{"taxonomy":"product_cat","embeddable":true,"href":"https:\/\/graficaarejano.com.br\/site\/wp-json\/wp\/v2\/product_cat?post=3774"},{"taxonomy":"product_tag","embeddable":true,"href":"https:\/\/graficaarejano.com.br\/site\/wp-json\/wp\/v2\/product_tag?post=3774"}],"curies":[{"name":"wp","href":"https:\/\/api.w.org\/{rel}","templated":true}]}}