{"id":406,"date":"2021-10-04T17:32:09","date_gmt":"2021-10-04T20:32:09","guid":{"rendered":"https:\/\/graficaarejano.com.br\/site\/?post_type=product&#038;p=406"},"modified":"2026-02-18T16:42:34","modified_gmt":"2026-02-18T19:42:34","slug":"cartao-de-visita-couche-300g","status":"publish","type":"product","link":"https:\/\/graficaarejano.com.br\/site\/produto\/cartao-de-visita-couche-300g\/","title":{"rendered":"Cart\u00e3o de Visita Simples &#8211; Couch\u00ea 300g"},"content":{"rendered":"<p data-start=\"120\" data-end=\"422\">O <strong data-start=\"122\" data-end=\"151\">Cart\u00e3o de Visitas Simples<\/strong> \u00e9 a escolha ideal para quem busca praticidade, custo-benef\u00edcio e apresenta\u00e7\u00e3o profissional em um \u00fanico produto. Produzido em <strong data-start=\"277\" data-end=\"298\">papel couch\u00ea 300g<\/strong>, oferece excelente resist\u00eancia, \u00f3tima rigidez e qualidade de impress\u00e3o superior, garantindo cores vivas e acabamento limpo.<\/p>\n<p data-start=\"424\" data-end=\"598\">Com formato tradicional e visual objetivo, esse modelo atende desde profissionais aut\u00f4nomos at\u00e9 empresas consolidadas que precisam de um cart\u00e3o funcional, direto e eficiente.<\/p>\n<p data-start=\"600\" data-end=\"745\">O papel couch\u00ea 300g proporciona uma base firme e elegante, transmitindo organiza\u00e7\u00e3o, confian\u00e7a e credibilidade no primeiro contato com o cliente.<\/p>\n","protected":false},"excerpt":{"rendered":"<p>O Cart\u00e3o de Visitas Simples \u00e9 a escolha ideal para quem busca praticidade, custo-benef\u00edcio e apresenta\u00e7\u00e3o profissional em um \u00fanico produto. Produzido em papel couch\u00ea 300g, oferece excelente resist\u00eancia, \u00f3tima rigidez e qualidade de impress\u00e3o superior, garantindo cores vivas e acabamento limpo. Com formato tradicional e visual objetivo, esse modelo atende desde profissionais aut\u00f4nomos at\u00e9 [&hellip;]<\/p>\n","protected":false},"featured_media":730,"comment_status":"open","ping_status":"closed","template":"","meta":[],"product_brand":[],"product_cat":[53],"product_tag":[],"class_list":{"0":"post-406","1":"product","2":"type-product","3":"status-publish","4":"has-post-thumbnail","6":"product_cat-cartoes-de-visita","8":"first","9":"instock","10":"shipping-taxable","11":"purchasable","12":"product-type-variable","13":"has-default-attributes"},"acf":[],"jetpack_sharing_enabled":true,"_links":{"self":[{"href":"https:\/\/graficaarejano.com.br\/site\/wp-json\/wp\/v2\/product\/406","targetHints":{"allow":["GET"]}}],"collection":[{"href":"https:\/\/graficaarejano.com.br\/site\/wp-json\/wp\/v2\/product"}],"about":[{"href":"https:\/\/graficaarejano.com.br\/site\/wp-json\/wp\/v2\/types\/product"}],"replies":[{"embeddable":true,"href":"https:\/\/graficaarejano.com.br\/site\/wp-json\/wp\/v2\/comments?post=406"}],"wp:featuredmedia":[{"embeddable":true,"href":"https:\/\/graficaarejano.com.br\/site\/wp-json\/wp\/v2\/media\/730"}],"wp:attachment":[{"href":"https:\/\/graficaarejano.com.br\/site\/wp-json\/wp\/v2\/media?parent=406"}],"wp:term":[{"taxonomy":"product_brand","embeddable":true,"href":"https:\/\/graficaarejano.com.br\/site\/wp-json\/wp\/v2\/product_brand?post=406"},{"taxonomy":"product_cat","embeddable":true,"href":"https:\/\/graficaarejano.com.br\/site\/wp-json\/wp\/v2\/product_cat?post=406"},{"taxonomy":"product_tag","embeddable":true,"href":"https:\/\/graficaarejano.com.br\/site\/wp-json\/wp\/v2\/product_tag?post=406"}],"curies":[{"name":"wp","href":"https:\/\/api.w.org\/{rel}","templated":true}]}}