{"id":4253,"date":"2023-02-09T15:46:54","date_gmt":"2023-02-09T18:46:54","guid":{"rendered":"https:\/\/graficaarejano.com.br\/site\/?post_type=product&#038;p=4253"},"modified":"2026-04-21T14:38:00","modified_gmt":"2026-04-21T17:38:00","slug":"tabuleiros-laminados-em-ps-1mm","status":"publish","type":"product","link":"https:\/\/graficaarejano.com.br\/site\/produto\/tabuleiros-laminados-em-ps-1mm\/","title":{"rendered":"Tabuleiros em PS"},"content":{"rendered":"<p><em><strong>ATEN\u00c7\u00c3O<\/strong><\/em><\/p>\n<p>=&gt; Nenhum jogo de pe\u00e7as est\u00e1 incluso nos pedidos de tabuleiros, eles devem ser comprados separadamente, nos <strong>&#8220;adicionais&#8221;<\/strong> ou nas suas p\u00e1ginas oficiais;<br \/>\n=&gt; Confira a cor e as caracter\u00edsticas do seu tabuleiro no ato da compra.<br \/>\n=&gt; <em><strong>N\u00e3o \u00e9 poss\u00edvel<\/strong> alterar as configura\u00e7\u00f5es (Medidas, cores, casas, coordenadas e etc.) dos nossos modelos j\u00e1 existentes. Para fazer um tabuleiro personalizado, somente para voc\u00ea, <strong><a href=\"https:\/\/graficaarejano.com.br\/site\/produto\/tabuleiro-personalizado-com-a-sua-arte\/\">CLIQUE AQUI<\/a><\/strong> e envie sua arte, no ato do pedido, ou contrate um designer gr\u00e1fico para criar o seu tabuleiro conforme voc\u00ea deseja.<\/em><\/p>\n<p>_______________________________________________<\/p>\n<p>Cores Especiais possuem um prazo de produ\u00e7\u00e3o de <strong>5 dias \u00fateis<\/strong>: Verde, Vermelho, Azul e Gam\u00e3o.<\/p>\n<p>Demais cores s\u00e3o enviados em <strong>48 horas \u00fateis.<\/strong><\/p>\n<p>__________________________________________________<\/p>\n<p>Compre com uma empresa Mercado L\u00edder e pioneira na produ\u00e7\u00e3o de Tabuleiros. N\u00e3o aceite imita\u00e7\u00f5es!<\/p>\n<p>&#8211; Primeiramente, Parab\u00e9ns por ter chegado at\u00e9 aqui!<br \/>\nIsso significa que voc\u00ea precisa de um tabuleiro de xadrez digno de um campe\u00e3o e produzido nos padr\u00f5es oficiais, portanto, nosso tabuleiro \u00e9 o certo para voc\u00ea!<\/p>\n<p>&#8211; Al\u00e9m disso, somos uma empresa L\u00edder, honesta com nossas transa\u00e7\u00f5es, que conhece o esporte do xadrez e sabemos o que \u00e9 melhor para voc\u00ea.<\/p>\n<p>&#8211; Compre conosco, n\u00e3o tenha transtornos e receba seu pedido com toda a seguran\u00e7a.<\/p>\n<p>Nossos tabuleiros de xadrez s\u00e3o confeccionados nos mais altos padr\u00f5es do mercado.<\/p>\n<p>Nossos tabuleiros em PS 1mm s\u00e3o produzidos com o objetivo de tornar seu deslocamento mais pr\u00e1tico (especial para estudos, clubes, associa\u00e7\u00e3o e federa\u00e7\u00f5es, que precisam transportar grande quantidade ou at\u00e9 mesmo uma \u00fanica unidade, sem muito peso), leve e r\u00e1pido, por\u00e9m, sem perder sua beleza e qualidade. S\u00e3o produzimos com adesivo em alta resolu\u00e7\u00e3o e lamina\u00e7\u00e3o fosca de alta resist\u00eancia por cima, tornando assim, sua durabilidade indeterminada.<br \/>\nO que \u00e9 PS: PS (Poliestireno) \u00e9 um material similar ao pl\u00e1stico, por\u00e9m mais resistente e n\u00e3o resseca com o tempo. Ele \u00e9 resistente, leve e flex\u00edvel. Muito utilizado na comunica\u00e7\u00e3o visual para a fabrica\u00e7\u00e3o de placas e fachadas.<\/p>\n<p>Nossos tabuleiros Dobr\u00e1veis, em PS 1mm e feltro 1mm na base, s\u00e3o produzidos com o objetivo de tornar seu deslocamento mais pr\u00e1tico (especial para estudos, clubes, associa\u00e7\u00e3o e federa\u00e7\u00f5es, que precisam transportar grande quantidade ou at\u00e9 mesmo uma \u00fanica unidade, sem muito peso), leve e r\u00e1pido, por\u00e9m, sem perder sua beleza e qualidade. S\u00e3o produzimos com adesivo em alta resolu\u00e7\u00e3o e lamina\u00e7\u00e3o fosca de alta resist\u00eancia por cima, tornando assim, sua durabilidade indeterminada.<\/p>\n<p>ATEN\u00c7\u00c3O \u00c0S INFORMA\u00c7\u00d5ES IMPORTANTES!<\/p>\n<p>=&gt; As pe\u00e7as s\u00e3o meramente ILUSTRATIVAS, apenas o tabuleiro \u00e9 que est\u00e1 sendo comercializado!!<br \/>\n=&gt; Os monitores de computadores e as telas dos celulares possuem uma calibra\u00e7\u00e3o de cores (RGB) muito diferente das impressoras (CMYK), portanto, podem ocorrer pequenas altera\u00e7\u00f5es de tonalidades com rela\u00e7\u00e3o \u00e0 foto, mas s\u00e3o m\u00ednimas e nada que descaracterize o produto.<br \/>\n=&gt; N\u00e3o enrole seu tabuleiro, pode danific\u00e1-lo!<\/p>\n<p>INFORMA\u00c7\u00d5ES T\u00c9CNICAS DO PRODUTO<\/p>\n<p>Material: PS 1mm<br \/>\nMedida total aproximada: 49x49x0,1 cm<br \/>\n(A medida total de 49&#215;49 cm \u00e9 aproximada e pode variar, tanto para mais quanto para menos, em fun\u00e7\u00e3o do corte do PS e individualiza\u00e7\u00e3o dos tabuleiros no setor de produ\u00e7\u00e3o, por\u00e9m, sem prejudicar o tamanho das casas)<br \/>\nAcabamento: Lamina\u00e7\u00e3o fosca e cantos arredondados<\/p>\n<p>Aguardamos sua compra!<\/p>\n<p>\ud83d\ude42<\/p>\n","protected":false},"excerpt":{"rendered":"<p><strong>\u00a0<\/strong><\/p>\n","protected":false},"featured_media":6955,"comment_status":"open","ping_status":"closed","template":"","meta":[],"product_brand":[],"product_cat":[802],"product_tag":[],"class_list":{"0":"post-4253","1":"product","2":"type-product","3":"status-publish","4":"has-post-thumbnail","6":"product_cat-xadrez-damas","8":"first","9":"instock","10":"shipping-taxable","11":"purchasable","12":"product-type-variable"},"acf":[],"jetpack_sharing_enabled":true,"_links":{"self":[{"href":"https:\/\/graficaarejano.com.br\/site\/wp-json\/wp\/v2\/product\/4253","targetHints":{"allow":["GET"]}}],"collection":[{"href":"https:\/\/graficaarejano.com.br\/site\/wp-json\/wp\/v2\/product"}],"about":[{"href":"https:\/\/graficaarejano.com.br\/site\/wp-json\/wp\/v2\/types\/product"}],"replies":[{"embeddable":true,"href":"https:\/\/graficaarejano.com.br\/site\/wp-json\/wp\/v2\/comments?post=4253"}],"wp:featuredmedia":[{"embeddable":true,"href":"https:\/\/graficaarejano.com.br\/site\/wp-json\/wp\/v2\/media\/6955"}],"wp:attachment":[{"href":"https:\/\/graficaarejano.com.br\/site\/wp-json\/wp\/v2\/media?parent=4253"}],"wp:term":[{"taxonomy":"product_brand","embeddable":true,"href":"https:\/\/graficaarejano.com.br\/site\/wp-json\/wp\/v2\/product_brand?post=4253"},{"taxonomy":"product_cat","embeddable":true,"href":"https:\/\/graficaarejano.com.br\/site\/wp-json\/wp\/v2\/product_cat?post=4253"},{"taxonomy":"product_tag","embeddable":true,"href":"https:\/\/graficaarejano.com.br\/site\/wp-json\/wp\/v2\/product_tag?post=4253"}],"curies":[{"name":"wp","href":"https:\/\/api.w.org\/{rel}","templated":true}]}}